{"id":706,"date":"2024-07-04T12:56:22","date_gmt":"2024-07-04T12:56:22","guid":{"rendered":"http:\/\/www.funasskilodge.com\/?page_id=706"},"modified":"2024-08-28T08:43:02","modified_gmt":"2024-08-28T08:43:02","slug":"finn-veien-hit","status":"publish","type":"page","link":"https:\/\/www.funasskilodge.com\/no\/finn-veien-hit\/","title":{"rendered":"Finn veien"},"content":{"rendered":"<section class=\"w-full bg-white pt-8 pb-0\">\n\t<div class=\"flex flex-col items-center justify-start w-full gap-8 m-auto outer-contain desktop-sm:px-4\">\n\t\t<div class=\"flex flex-col items-center justify-start w-full gap-7\">\n\n\t\t\t<div class=\"flex flex-col items-center justify-start gap-6 max-w-[940px] text-center\">\n\t\t\t\t<h2 class=\"text-black\">Finn veien til Fun\u00e4sdalen<\/h2>\n\t\t\t\t<p class=\"-large text-trueBlack\">Fun\u00e4sdalen ligger i hjertet av den svenske fjellheimen, og er et perfekt reisem\u00e5l for b\u00e5de sommer- og vinteropplevelser. Her finner du veibeskrivelser slik at du enkelt kan planlegge turen til den naturskj\u00f8nne bygda v\u00e5r.<\/p>\n\t\t\t<\/div>\n\t\t<\/div>\n\t<\/div>\n<\/section>\n\n<section class=\"w-full pt-5 pb-0 bg-white\">\n\t<div class=\"flex items-center justify-center w-full gap-3 m-auto inner-contain tablet:px-4 tablet:flex-col\">\n\t\t\n\t\t\t\t\t\t\t\t\t<a class=\"btn-primary\" href=\"https:\/\/www.google.se\/maps\/dir\/\/Fun\u00e4s+Ski+Lodge,+Berggatan+2,+840+95+Fun\u00e4sdalen\/@62.5464501,12.5499627,17z\/data=!4m20!1m10!3m9!1s0x466ea0d2d0d0e579:0xf258d4cc0275c394!2sFun\u00e4s+Ski+Lodge!5m2!4m1!1i2!8m2!3d62.5463146!4d12.5516368!16s%2Fg%2F11b73q6544!4m8!1m0!1m5!1m1!1s0x466ea0d2d0d0e579:0xf258d4cc0275c394!2m2!1d12.5517097!2d62.546196!3e3?entry=ttu\" target=\"_blank\">\n\t\t\t\t\t\tKj\u00f8reanvisninger (Google Maps) &gt;\t\t\t\t\t<\/a>\n\t\t\t\t\t\t\t\t\t\n\n\t<\/div>\n<\/section>\n\n\n<div class=\"flex items-start w-full pt-7 pb-0 bg-white\">\n\t\t\t<div class=\"w-full m-auto wysiwyg-style desktop-sm:px-4 text-contain\">\n\t\t\t<p><strong>Med tog<\/strong><\/p>\n<p>N\u00e6rmeste togstasjon ligger i \u00d6stersund. Derfra kan du ta buss eller leie bil for \u00e5 kj\u00f8re det siste stykket til Fun\u00e4sdalen. Det g\u00e5r tog regelmessig fra st\u00f8rre byer som Stockholm, G\u00f6teborg og Malm\u00f6 til \u00d6stersund.<\/p>\n<p><strong>Med buss<\/strong><\/p>\n<p>Bussforbindelser til Fun\u00e4sdalen er tilgjengelige fra flere byer i Sverige. L\u00e4nstrafiken i J\u00e4mtland och H\u00e4rjedalen tilbyr direktebusser fra \u00d6stersund og andre byer i n\u00e6rheten.<\/p>\n<p><strong>Med fly<\/strong><\/p>\n<p>R\u00f8ros lufthavn er den n\u00e6rmeste flyplassen til Fun\u00e4sfj\u00e4llen, med rutefly til og fra Oslo hver dag. I vintersesongen (3. februar - 24. april) g\u00e5r det ukentlige charterfly fra Stockholm, reisen tar ca. 80 minutter og koster kun SEK 1 995 tur\/retur. For mer informasjon, se <a href=\"http:\/\/www.exploreroros.com\/\" target=\"_blank\" rel=\"noopener\">www.exploreroros.com<\/a><\/p>\n<p>Alternativt kan du benytte deg av \u00c5re \u00d6stersund lufthavn. Fra flyplassen kan du leie bil eller ta buss til Fun\u00e4sdalen. Det g\u00e5r regelmessige flyruter fra Stockholm og andre st\u00f8rre byer i Sverige.<\/p>\n<p><strong>Parkeringsfasiliteter<\/strong><\/p>\n<p>Vi i <a href=\"http:\/\/www.funasskilodge.com\/no\/om-funas-ski-lodge\/\">Fun\u00e4s Ski Lodge<\/a> tilbyr privat parkering for v\u00e5re bes\u00f8kende. Det finnes ogs\u00e5 korttids- og langtidsparkering i landsbyen, og mange av attraksjonene i omr\u00e5det har egne parkeringsplasser for gjester.<\/p>\n\t\t<\/div>\n\t<\/div>\n\n<section class=\"w-full pt-5 pb-0 bg-white\">\n\t<div class=\"flex items-center justify-center w-full gap-3 m-auto inner-contain tablet:px-4 tablet:flex-col\">\n\t\t\n\t\t\t\t\t\t\t\t\t<a class=\"btn-primary\" href=\"https:\/\/book.funasskilodge.com\/R?channelId=8a16445e-0920-4a01-8a80-995fe061befb&#038;initialPath=\/accommodation#\/accommodation\" target=\"_blank\">\n\t\t\t\t\t\tBestill overnatting i Fun\u00e4sdalen her &gt;.\t\t\t\t\t<\/a>\n\t\t\t\t\t\t\t\t\t\n\n\t<\/div>\n<\/section>\n\n\n<section class=\"w-full bg-white pt-7 pb-7\">\n\t<div class=\"w-full m-auto outer-contain\">\n\n\t\t<div class=\"grid w-full grid-cols-3 gap-5 tablet:grid-cols-1 tablet:max-w-[40rem] mobile:max-w-none tablet:m-auto desktop-sm:px-4 place-items-start\">\n\t\t\t\n\t\t\t\t\t<div class=\"flex flex-col justify-start w-full gap-5\">\n\t\t\t\t\t\t\t\t\t\t\t\t\t<a href=\"http:\/\/www.funasskilodge.com\/no\/funas-dalen\/\" target=\"\">\n\t\t\t\t\t\t\t\t<img decoding=\"async\" class=\"rounded-[20px] w-full h-[320px] desktop-sm:h-[380px] mobile:h-[280px] object-cover\" src=\"https:\/\/www.funasskilodge.com\/wp-content\/uploads\/2024\/08\/orderid-5-scaled8.jpg\" alt=\"\">\n\t\t\t\t\t\t\t<\/a>\n\t\t\t\t\t\t\t\t\t\t\t\t<div class=\"flex flex-col items-start justify-start gap-3 px-5\">\n\t\t\t\t\t\t\t<h4>Fun\u00e4sdalen<\/h4>\n\t\t\t\t\t\t\t<p>Velkommen til Fun\u00e4sdalen! Fun\u00e4sdalen er et prisbel\u00f8nt skianlegg i H\u00e4rjedalen n\u00e6r grensen til Norge. Fun\u00e4sdalen er en ekte levende fjellandsby hvor du finner ekte restauranter, dagligvarebutikker og...<\/p>\n\t\t\t\t\t\t\t\t\t\t\t\t\t\t\t<a href=\"http:\/\/www.funasskilodge.com\/no\/funas-dalen\/\" target=\"\" class=\"transition-colors duration-150 ease-in-out hover:text-black\">Les mer om Fun\u00e4sdalen<\/a>\n\t\t\t\t\t\t\t\t\t\t\t\t\t<\/div>\n\t\t\t\t\t<\/div>\n\t\t\t\t\n\t\t\t\t\t<div class=\"flex flex-col justify-start w-full gap-5\">\n\t\t\t\t\t\t\t\t\t\t\t\t\t<a href=\"http:\/\/www.funasskilodge.com\/no\/aktiviteter\/\" target=\"\">\n\t\t\t\t\t\t\t\t<img decoding=\"async\" class=\"rounded-[20px] w-full h-[320px] desktop-sm:h-[380px] mobile:h-[280px] object-cover\" src=\"https:\/\/www.funasskilodge.com\/wp-content\/uploads\/2024\/07\/kroktjarnsrundan-4-rasmusekman-23490063-foto-rasmus-ekman-scaled.jpg\" alt=\"\">\n\t\t\t\t\t\t\t<\/a>\n\t\t\t\t\t\t\t\t\t\t\t\t<div class=\"flex flex-col items-start justify-start gap-3 px-5\">\n\t\t\t\t\t\t\t<h4>Aktiviteter for alle \u00e5rstider<\/h4>\n\t\t\t\t\t\t\t<p>Fun\u00e4sfj\u00e4llen byr p\u00e5 en rekke aktiviteter og opplevelser \u00e5ret rundt, noe som gj\u00f8r omr\u00e5det til et ideelt reisem\u00e5l for b\u00e5de vinterelskere og sommerentusiaster. Her er noen av de mest spennende og varierte opplevelsene...<\/p>\n\t\t\t\t\t\t\t\t\t\t\t\t\t\t\t<a href=\"http:\/\/www.funasskilodge.com\/no\/aktiviteter\/\" target=\"\" class=\"transition-colors duration-150 ease-in-out hover:text-black\">Les mer om aktiviteter<\/a>\n\t\t\t\t\t\t\t\t\t\t\t\t\t<\/div>\n\t\t\t\t\t<\/div>\n\t\t\t\t\n\t\t\t\t\t<div class=\"flex flex-col justify-start w-full gap-5\">\n\t\t\t\t\t\t\t\t\t\t\t\t\t<a href=\"http:\/\/www.funasskilodge.com\/no\/funasfjellene\/\" target=\"\">\n\t\t\t\t\t\t\t\t<img decoding=\"async\" class=\"rounded-[20px] w-full h-[320px] desktop-sm:h-[380px] mobile:h-[280px] object-cover\" src=\"https:\/\/www.funasskilodge.com\/wp-content\/uploads\/2024\/07\/fsl-funasfjallen.png\" alt=\"\">\n\t\t\t\t\t\t\t<\/a>\n\t\t\t\t\t\t\t\t\t\t\t\t<div class=\"flex flex-col items-start justify-start gap-3 px-5\">\n\t\t\t\t\t\t\t<h4>Fun\u00e4sfj\u00e4llen<\/h4>\n\t\t\t\t\t\t\t<p>Fun\u00e4sfj\u00e4llen er et av Sveriges mest sn\u00f8sikre omr\u00e5der. Her finner du seks skiomr\u00e5der med 135 nedfarter - alt i ett heiskort. Skikj\u00f8ring i natursn\u00f8 gir en...<\/p>\n\t\t\t\t\t\t\t\t\t\t\t\t\t\t\t<a href=\"http:\/\/www.funasskilodge.com\/no\/funasfjellene\/\" target=\"\" class=\"transition-colors duration-150 ease-in-out hover:text-black\">Les mer om Fun\u00e4sfj\u00e4llen &gt; Fun\u00e4sfj\u00e4llen<\/a>\n\t\t\t\t\t\t\t\t\t\t\t\t\t<\/div>\n\t\t\t\t\t<\/div>\n\t\t\t\t\t\t\t\t\t<\/div>\n\t<\/div>\n<\/section>","protected":false},"excerpt":{"rendered":"","protected":false},"author":4,"featured_media":0,"parent":0,"menu_order":0,"comment_status":"closed","ping_status":"closed","template":"","meta":{"_acf_changed":false,"footnotes":""},"class_list":["post-706","page","type-page","status-publish","hentry"],"acf":[],"yoast_head":"<!-- This site is optimized with the Yoast SEO plugin v26.8 - https:\/\/yoast.com\/product\/yoast-seo-wordpress\/ -->\n<title>Hitta hit - Fun\u00e4s Ski Lodge - Boende i Fun\u00e4sdalen mitt i Fun\u00e4sfj\u00e4llen<\/title>\n<meta name=\"description\" content=\"Hitta hit till Fun\u00e4s Ski Lodge och Fun\u00e4sdalen i Fun\u00e4sfj\u00e4llen med tydliga v\u00e4gbeskrivningar f\u00f6r en smidig resa till ditt n\u00e4sta skid\u00e4ventyr.\" \/>\n<meta name=\"robots\" content=\"index, follow, max-snippet:-1, max-image-preview:large, max-video-preview:-1\" \/>\n<link rel=\"canonical\" href=\"https:\/\/www.funasskilodge.com\/no\/finn-veien-hit\/\" \/>\n<meta property=\"og:locale\" content=\"nb_NO\" \/>\n<meta property=\"og:type\" content=\"article\" \/>\n<meta property=\"og:title\" content=\"Hitta hit - Fun\u00e4s Ski Lodge - Boende i Fun\u00e4sdalen mitt i Fun\u00e4sfj\u00e4llen\" \/>\n<meta property=\"og:description\" content=\"Hitta hit till Fun\u00e4s Ski Lodge och Fun\u00e4sdalen i Fun\u00e4sfj\u00e4llen med tydliga v\u00e4gbeskrivningar f\u00f6r en smidig resa till ditt n\u00e4sta skid\u00e4ventyr.\" \/>\n<meta property=\"og:url\" content=\"https:\/\/www.funasskilodge.com\/no\/finn-veien-hit\/\" \/>\n<meta property=\"og:site_name\" content=\"Fun\u00e4s Ski Lodge - Boende i Fun\u00e4sdalen mitt i Fun\u00e4sfj\u00e4llen\" \/>\n<meta property=\"article:publisher\" content=\"https:\/\/www.facebook.com\/funasskilodge\" \/>\n<meta property=\"article:modified_time\" content=\"2024-08-28T08:43:02+00:00\" \/>\n<meta name=\"twitter:card\" content=\"summary_large_image\" \/>\n<script type=\"application\/ld+json\" class=\"yoast-schema-graph\">{\"@context\":\"https:\/\/schema.org\",\"@graph\":[{\"@type\":\"WebPage\",\"@id\":\"https:\/\/www.funasskilodge.com\/hitta-hit\/\",\"url\":\"https:\/\/www.funasskilodge.com\/hitta-hit\/\",\"name\":\"Hitta hit - Fun\u00e4s Ski Lodge - Boende i Fun\u00e4sdalen mitt i Fun\u00e4sfj\u00e4llen\",\"isPartOf\":{\"@id\":\"https:\/\/www.funasskilodge.com\/#website\"},\"datePublished\":\"2024-07-04T12:56:22+00:00\",\"dateModified\":\"2024-08-28T08:43:02+00:00\",\"description\":\"Hitta hit till Fun\u00e4s Ski Lodge och Fun\u00e4sdalen i Fun\u00e4sfj\u00e4llen med tydliga v\u00e4gbeskrivningar f\u00f6r en smidig resa till ditt n\u00e4sta skid\u00e4ventyr.\",\"breadcrumb\":{\"@id\":\"https:\/\/www.funasskilodge.com\/hitta-hit\/#breadcrumb\"},\"inLanguage\":\"nb-NO\",\"potentialAction\":[{\"@type\":\"ReadAction\",\"target\":[\"https:\/\/www.funasskilodge.com\/hitta-hit\/\"]}]},{\"@type\":\"BreadcrumbList\",\"@id\":\"https:\/\/www.funasskilodge.com\/hitta-hit\/#breadcrumb\",\"itemListElement\":[{\"@type\":\"ListItem\",\"position\":1,\"name\":\"Home\",\"item\":\"https:\/\/www.funasskilodge.com\/\"},{\"@type\":\"ListItem\",\"position\":2,\"name\":\"Hitta hit\"}]},{\"@type\":\"WebSite\",\"@id\":\"https:\/\/www.funasskilodge.com\/#website\",\"url\":\"https:\/\/www.funasskilodge.com\/\",\"name\":\"Fun\u00e4s Ski Lodge\",\"description\":\"Uppt\u00e4ck skidparadiset p\u00e5 Fun\u00e4s Ski Lodge \u2013 ditt perfekta boende i Fun\u00e4sdalen i hj\u00e4rtat av Fun\u00e4sfj\u00e4llen.\",\"publisher\":{\"@id\":\"https:\/\/www.funasskilodge.com\/#organization\"},\"potentialAction\":[{\"@type\":\"SearchAction\",\"target\":{\"@type\":\"EntryPoint\",\"urlTemplate\":\"https:\/\/www.funasskilodge.com\/?s={search_term_string}\"},\"query-input\":{\"@type\":\"PropertyValueSpecification\",\"valueRequired\":true,\"valueName\":\"search_term_string\"}}],\"inLanguage\":\"nb-NO\"},{\"@type\":\"Organization\",\"@id\":\"https:\/\/www.funasskilodge.com\/#organization\",\"name\":\"Fun\u00e4s Ski Lodge\",\"url\":\"https:\/\/www.funasskilodge.com\/\",\"logo\":{\"@type\":\"ImageObject\",\"inLanguage\":\"nb-NO\",\"@id\":\"https:\/\/www.funasskilodge.com\/#\/schema\/logo\/image\/\",\"url\":\"https:\/\/www.funasskilodge.com\/wp-content\/uploads\/2024\/06\/Lager_1.svg\",\"contentUrl\":\"https:\/\/www.funasskilodge.com\/wp-content\/uploads\/2024\/06\/Lager_1.svg\",\"width\":130,\"height\":61,\"caption\":\"Fun\u00e4s Ski Lodge\"},\"image\":{\"@id\":\"https:\/\/www.funasskilodge.com\/#\/schema\/logo\/image\/\"},\"sameAs\":[\"https:\/\/www.facebook.com\/funasskilodge\",\"https:\/\/www.instagram.com\/funasskilodge\/\"]}]}<\/script>\n<!-- \/ Yoast SEO plugin. -->","yoast_head_json":{"title":"Finn hit - Fun\u00e4s Ski Lodge - Overnatting i Fun\u00e4sdalen i sentrum av Fun\u00e4sfj\u00e4llen","description":"Finn veien til Fun\u00e4s Ski Lodge og Fun\u00e4sdalen i Fun\u00e4sfj\u00e4llen med tydelige veibeskrivelser for en smidig reise til ditt neste skieventyr.","robots":{"index":"index","follow":"follow","max-snippet":"max-snippet:-1","max-image-preview":"max-image-preview:large","max-video-preview":"max-video-preview:-1"},"canonical":"https:\/\/www.funasskilodge.com\/no\/finn-veien-hit\/","og_locale":"nb_NO","og_type":"article","og_title":"Hitta hit - Fun\u00e4s Ski Lodge - Boende i Fun\u00e4sdalen mitt i Fun\u00e4sfj\u00e4llen","og_description":"Hitta hit till Fun\u00e4s Ski Lodge och Fun\u00e4sdalen i Fun\u00e4sfj\u00e4llen med tydliga v\u00e4gbeskrivningar f\u00f6r en smidig resa till ditt n\u00e4sta skid\u00e4ventyr.","og_url":"https:\/\/www.funasskilodge.com\/no\/finn-veien-hit\/","og_site_name":"Fun\u00e4s Ski Lodge - Boende i Fun\u00e4sdalen mitt i Fun\u00e4sfj\u00e4llen","article_publisher":"https:\/\/www.facebook.com\/funasskilodge","article_modified_time":"2024-08-28T08:43:02+00:00","twitter_card":"summary_large_image","schema":{"@context":"https:\/\/schema.org","@graph":[{"@type":"WebPage","@id":"https:\/\/www.funasskilodge.com\/hitta-hit\/","url":"https:\/\/www.funasskilodge.com\/hitta-hit\/","name":"Finn hit - Fun\u00e4s Ski Lodge - Overnatting i Fun\u00e4sdalen i sentrum av Fun\u00e4sfj\u00e4llen","isPartOf":{"@id":"https:\/\/www.funasskilodge.com\/#website"},"datePublished":"2024-07-04T12:56:22+00:00","dateModified":"2024-08-28T08:43:02+00:00","description":"Finn veien til Fun\u00e4s Ski Lodge og Fun\u00e4sdalen i Fun\u00e4sfj\u00e4llen med tydelige veibeskrivelser for en smidig reise til ditt neste skieventyr.","breadcrumb":{"@id":"https:\/\/www.funasskilodge.com\/hitta-hit\/#breadcrumb"},"inLanguage":"nb-NO","potentialAction":[{"@type":"ReadAction","target":["https:\/\/www.funasskilodge.com\/hitta-hit\/"]}]},{"@type":"BreadcrumbList","@id":"https:\/\/www.funasskilodge.com\/hitta-hit\/#breadcrumb","itemListElement":[{"@type":"ListItem","position":1,"name":"Home","item":"https:\/\/www.funasskilodge.com\/"},{"@type":"ListItem","position":2,"name":"Hitta hit"}]},{"@type":"WebSite","@id":"https:\/\/www.funasskilodge.com\/#website","url":"https:\/\/www.funasskilodge.com\/","name":"Fun\u00e4s Ski Lodge","description":"Oppdag skiparadiset p\u00e5 Fun\u00e4s Ski Lodge - ditt perfekte overnattingssted i Fun\u00e4sdalen i hjertet av Fun\u00e4sfj\u00e4llen.","publisher":{"@id":"https:\/\/www.funasskilodge.com\/#organization"},"potentialAction":[{"@type":"SearchAction","target":{"@type":"EntryPoint","urlTemplate":"https:\/\/www.funasskilodge.com\/?s={search_term_string}"},"query-input":{"@type":"PropertyValueSpecification","valueRequired":true,"valueName":"search_term_string"}}],"inLanguage":"nb-NO"},{"@type":"Organization","@id":"https:\/\/www.funasskilodge.com\/#organization","name":"Fun\u00e4s Ski Lodge","url":"https:\/\/www.funasskilodge.com\/","logo":{"@type":"ImageObject","inLanguage":"nb-NO","@id":"https:\/\/www.funasskilodge.com\/#\/schema\/logo\/image\/","url":"https:\/\/www.funasskilodge.com\/wp-content\/uploads\/2024\/06\/Lager_1.svg","contentUrl":"https:\/\/www.funasskilodge.com\/wp-content\/uploads\/2024\/06\/Lager_1.svg","width":130,"height":61,"caption":"Fun\u00e4s Ski Lodge"},"image":{"@id":"https:\/\/www.funasskilodge.com\/#\/schema\/logo\/image\/"},"sameAs":["https:\/\/www.facebook.com\/funasskilodge","https:\/\/www.instagram.com\/funasskilodge\/"]}]}},"_links":{"self":[{"href":"https:\/\/www.funasskilodge.com\/no\/wp-json\/wp\/v2\/pages\/706","targetHints":{"allow":["GET"]}}],"collection":[{"href":"https:\/\/www.funasskilodge.com\/no\/wp-json\/wp\/v2\/pages"}],"about":[{"href":"https:\/\/www.funasskilodge.com\/no\/wp-json\/wp\/v2\/types\/page"}],"author":[{"embeddable":true,"href":"https:\/\/www.funasskilodge.com\/no\/wp-json\/wp\/v2\/users\/4"}],"replies":[{"embeddable":true,"href":"https:\/\/www.funasskilodge.com\/no\/wp-json\/wp\/v2\/comments?post=706"}],"version-history":[{"count":2,"href":"https:\/\/www.funasskilodge.com\/no\/wp-json\/wp\/v2\/pages\/706\/revisions"}],"predecessor-version":[{"id":1674,"href":"https:\/\/www.funasskilodge.com\/no\/wp-json\/wp\/v2\/pages\/706\/revisions\/1674"}],"wp:attachment":[{"href":"https:\/\/www.funasskilodge.com\/no\/wp-json\/wp\/v2\/media?parent=706"}],"curies":[{"name":"wp","href":"https:\/\/api.w.org\/{rel}","templated":true}]}}