{"id":704,"date":"2024-07-04T12:53:39","date_gmt":"2024-07-04T12:53:39","guid":{"rendered":"http:\/\/www.funasskilodge.com\/?page_id=704"},"modified":"2024-10-14T12:30:41","modified_gmt":"2024-10-14T12:30:41","slug":"fjallbyn-funasdalen","status":"publish","type":"page","link":"https:\/\/www.funasskilodge.com\/no\/fjallbyn-funasdalen\/","title":{"rendered":"Fjellandsby"},"content":{"rendered":"<section class=\"relative w-full max-h-[800px] tablet:h-[50dvh] h-[80dvh] min-h-[25rem] pt-8 mobile:pt-7 mobile:min-h-0 flex mobile:items-center tablet:items-end\">\n\t\t<div class=\"absolute top-0 left-0 w-full h-full max-h-[800px] mobile:h-[50dvh]\">\n\t\t\t\t\t<img decoding=\"async\" class=\"object-cover object-center w-full h-full mobile:object-bottom\" src=\"https:\/\/www.funasskilodge.com\/wp-content\/uploads\/2024\/08\/orderid-5-scaled7.jpg\" alt=\"\">\n\t\t\t<\/div>\n\t<div class=\"relative z-30 flex flex-col items-center bottom-[150px] text-center justify-end w-full max-h-[800px] h-[40dvh] min-h-[25rem] pt-8 mobile:min-h-0 tablet:h-[50dvh] tablet:min-h-0 gap-6 px-8 pb-6 m-auto text-white tablet:justify-center mobile:pt-7 outer-contain tablet:px-4\">\n\t\t\t<\/div>\n\t\t<div class=\"absolute w-full h-full pb-7 bottom-0 z-[21] max-h-[100px] bg-gradient-to-t to-transparent from-white\">\n\n\t<\/div>\n<\/section>\n\n\n<section class=\"w-full bg-white pt-5 pb-5\">\n\t<div class=\"flex flex-col items-center justify-start w-full gap-8 m-auto outer-contain desktop-sm:px-4\">\n\t\t<div class=\"flex flex-col items-center justify-start w-full gap-7\">\n\n\t\t\t<div class=\"flex flex-col items-center justify-start gap-6 max-w-[940px] text-center\">\n\t\t\t\t<h2 class=\"text-black\">Fjellandsbyen Fun\u00e4sdalen<\/h2>\n\t\t\t\t<p class=\"-large text-trueBlack\">Fun\u00e4sdalen er omr\u00e5dets sentrum, en genuin fjellandsby med et komplett servicetilbud. Det karakteristiske Fun\u00e4sdalsberget reiser seg i bygda med et alpinomr\u00e5de av h\u00f8y klasse. For langrennsl\u00f8pere er det flere steder sammenhengende l\u00f8ypenett, og det finnes elektriske lysl\u00f8yper ved sportssenteret.<\/p>\n\t\t\t<\/div>\n\t\t<\/div>\n\t<\/div>\n<\/section>\n\n\n<div class=\"flex items-start w-full pt-5 pb-0 bg-white\">\n\t\t\t<div class=\"w-full m-auto wysiwyg-style desktop-sm:px-4 text-contain\">\n\t\t\t<h4>En ekte fjellandsby<\/h4>\n<p>I Fun\u00e4sdalen sentrum finner du Fun\u00e4s-gondolen, som b\u00e5de sommer og vinter tar deg enkelt opp til toppen av Fun\u00e4sdalsberget. Om vinteren er det en tre kilometer langrennsl\u00f8ype. L\u00f8ypa passer godt for livsnytere som \u00f8nsker \u00e5 oppleve skikj\u00f8ring p\u00e5 h\u00f8yfjellet uten krevende oppoverbakker eller bratte nedoverbakker. Takket v\u00e6re Fun\u00e4sGondolen kan du n\u00e5 ogs\u00e5 komme deg til topps uten skisko p\u00e5 beina. Mange tar turen opp bare for \u00e5 oppleve den 360-graders panoramautsikten fra toppen av fjellet. Hvis du blir sulten, er Toppstugan ved gondolnedkj\u00f8ringen \u00e5pen for lunsj eller kaffe.<\/p>\n<p>Til tross for at tilgjengeligheten har gjort det mulig \u00e5 \u00f8ke aktivitetstilbudet p\u00e5 og rundt fjellet, er Fun\u00e4sdalsbergets kjennetegn fortsatt de velpreparerte, lange bakkene med fine skogsomr\u00e5der for dager med dyp sn\u00f8.<\/p>\n<p>Nede i landsbyen finner du alle butikker og andre servicetilbud du trenger, i tillegg til mange kafeer og restauranter. Skibussen er et godt alternativ for de som vil st\u00e5 p\u00e5 ski i de andre alpinsystemene, og for langrennsl\u00f8pere som vil ta seg mellom landsbyene.<\/p>\n\t\t<\/div>\n\t<\/div>\n\n<section class=\"w-full pt-5 pb-5 bg-white\">\n\t<div class=\"flex items-center justify-center w-full gap-3 m-auto inner-contain tablet:px-4 tablet:flex-col\">\n\t\t\n\t\t\t\t\t\t\t\t\t<a class=\"btn-primary\" href=\"https:\/\/book.funasskilodge.com\/R?channelId=8a16445e-0920-4a01-8a80-995fe061befb&#038;initialPath=\/accommodation#\/accommodation\" target=\"_blank\">\n\t\t\t\t\t\tBestill overnatting &gt;\t\t\t\t\t<\/a>\n\t\t\t\t\t\t\t\n\t\t\t\t\t\t\t\t\t<a class=\"btn-primary\" href=\"http:\/\/www.funasskilodge.com\/no\/bolig-til-salgs\/\" target=\"\">\n\t\t\t\t\t\tLeiligheter til salgs &gt;\t\t\t\t\t<\/a>\n\t\t\t\t\t\t\t\n\t\t\t\t\t\t\t\t\t<a class=\"btn-primary\" href=\"https:\/\/www.funasskilodge.com\/wp-content\/uploads\/2024\/07\/funasdalen365-bykarta-2022-jpg-scaled.jpg\" target=\"_blank\">\n\t\t\t\t\t\tKart over Fun\u00e4sdalen &gt;\t\t\t\t\t<\/a>\n\t\t\t\t\t\t\t\t\t\n\n\t<\/div>\n<\/section>\n\n\n<section class=\"w-full bg-white pt-7 pb-7\">\n\t<div class=\"w-full m-auto outer-contain\">\n\n\t\t<div class=\"grid w-full grid-cols-3 gap-5 tablet:grid-cols-1 tablet:max-w-[40rem] mobile:max-w-none tablet:m-auto desktop-sm:px-4 place-items-start\">\n\t\t\t\n\t\t\t\t\t<div class=\"flex flex-col justify-start w-full gap-5\">\n\t\t\t\t\t\t\t\t\t\t\t\t\t<a href=\"http:\/\/www.funasskilodge.com\/no\/handle-inn-mat\/\" target=\"\">\n\t\t\t\t\t\t\t\t<img decoding=\"async\" class=\"rounded-[20px] w-full h-[320px] desktop-sm:h-[380px] mobile:h-[280px] object-cover\" src=\"https:\/\/www.funasskilodge.com\/wp-content\/uploads\/2024\/08\/129311861-219717326195098-1284272532400854450-n.jpg\" alt=\"\">\n\t\t\t\t\t\t\t<\/a>\n\t\t\t\t\t\t\t\t\t\t\t\t<div class=\"flex flex-col items-start justify-start gap-3 px-5\">\n\t\t\t\t\t\t\t<h4>Handle inn mat<\/h4>\n\t\t\t\t\t\t\t<p>I Fun\u00e4sdalen finner du alt du trenger for \u00e5 lage mat, og butikkene i n\u00e6rheten tilbyr et bredt utvalg av matvarer. Fra velassorterte dagligvarebutikker til koselige delikatessebutikker og delikatesseforretninger - her er det noe for enhver smak...<\/p>\n\t\t\t\t\t\t\t\t\t\t\t\t\t\t\t<a href=\"http:\/\/www.funasskilodge.com\/no\/handle-inn-mat\/\" target=\"\" class=\"transition-colors duration-150 ease-in-out hover:text-black\">Les mer om dagligvarebutikker &gt;<\/a>\n\t\t\t\t\t\t\t\t\t\t\t\t\t<\/div>\n\t\t\t\t\t<\/div>\n\t\t\t\t\n\t\t\t\t\t<div class=\"flex flex-col justify-start w-full gap-5\">\n\t\t\t\t\t\t\t\t\t\t\t\t\t<a href=\"http:\/\/www.funasskilodge.com\/no\/funas-dalen\/\" target=\"\">\n\t\t\t\t\t\t\t\t<img decoding=\"async\" class=\"rounded-[20px] w-full h-[320px] desktop-sm:h-[380px] mobile:h-[280px] object-cover\" src=\"https:\/\/www.funasskilodge.com\/wp-content\/uploads\/2024\/08\/orderid-5-scaled8.jpg\" alt=\"\">\n\t\t\t\t\t\t\t<\/a>\n\t\t\t\t\t\t\t\t\t\t\t\t<div class=\"flex flex-col items-start justify-start gap-3 px-5\">\n\t\t\t\t\t\t\t<h4>Fun\u00e4sdaldalsberget<\/h4>\n\t\t\t\t\t\t\t<p>Velkommen til Fun\u00e4sdalen! Fun\u00e4sdalen er et prisbel\u00f8nt skianlegg i H\u00e4rjedalen n\u00e6r grensen til Norge. Fun\u00e4sdalen er en ekte levende fjellandsby hvor du finner ekte restauranter, dagligvarebutikker, vinmonopol, museer, sportsbutikker og matbutikker...<\/p>\n\t\t\t\t\t\t\t\t\t\t\t\t\t\t\t<a href=\"http:\/\/www.funasskilodge.com\/no\/funas-dalen\/\" target=\"\" class=\"transition-colors duration-150 ease-in-out hover:text-black\">Les mer om Fun\u00e4sberget &gt;<\/a>\n\t\t\t\t\t\t\t\t\t\t\t\t\t<\/div>\n\t\t\t\t\t<\/div>\n\t\t\t\t\n\t\t\t\t\t<div class=\"flex flex-col justify-start w-full gap-5\">\n\t\t\t\t\t\t\t\t\t\t\t\t\t<a href=\"http:\/\/www.funasskilodge.com\/no\/aktiviteter\/#mat-dryck\" target=\"\">\n\t\t\t\t\t\t\t\t<img decoding=\"async\" class=\"rounded-[20px] w-full h-[320px] desktop-sm:h-[380px] mobile:h-[280px] object-cover\" src=\"https:\/\/www.funasskilodge.com\/wp-content\/uploads\/2024\/07\/funasberget-ejansson-webb-07472.jpg\" alt=\"\">\n\t\t\t\t\t\t\t<\/a>\n\t\t\t\t\t\t\t\t\t\t\t\t<div class=\"flex flex-col items-start justify-start gap-3 px-5\">\n\t\t\t\t\t\t\t<h4>Mat og drikke<\/h4>\n\t\t\t\t\t\t\t<p>God og veltilberedt mat serveres p\u00e5 flere restauranter rundt Fun\u00e4sdalsberget. I l\u00f8pet av en dag p\u00e5 fjellet trenger du \u00e5 fylle p\u00e5 med energi og mat. Her kan du nyte alt fra typiske retter fra...<\/p>\n\t\t\t\t\t\t\t\t\t\t\t\t\t\t\t<a href=\"http:\/\/www.funasskilodge.com\/no\/aktiviteter\/#mat-dryck\" target=\"\" class=\"transition-colors duration-150 ease-in-out hover:text-black\">Les mer om Mat og drikke &gt;<\/a>\n\t\t\t\t\t\t\t\t\t\t\t\t\t<\/div>\n\t\t\t\t\t<\/div>\n\t\t\t\t\t\t\t\t\t<\/div>\n\t<\/div>\n<\/section>","protected":false},"excerpt":{"rendered":"","protected":false},"author":4,"featured_media":1086,"parent":0,"menu_order":0,"comment_status":"closed","ping_status":"closed","template":"","meta":{"_acf_changed":false,"footnotes":""},"class_list":["post-704","page","type-page","status-publish","has-post-thumbnail","hentry"],"acf":[],"yoast_head":"<!-- This site is optimized with the Yoast SEO plugin v26.8 - https:\/\/yoast.com\/product\/yoast-seo-wordpress\/ -->\n<title>Fj\u00e4llbyn Fun\u00e4sdalen - Fun\u00e4s Ski Lodge - Boende i Fun\u00e4sdalen mitt i Fun\u00e4sfj\u00e4llen<\/title>\n<meta name=\"description\" content=\"Fj\u00e4llbyn Fun\u00e4sdalen ligger precis vid Fun\u00e4s Ski Lodge, med bekv\u00e4ma boenden och n\u00e4rhet till skidbackarna f\u00f6r en perfekt fj\u00e4llupplevelse.\" \/>\n<meta name=\"robots\" content=\"index, follow, max-snippet:-1, max-image-preview:large, max-video-preview:-1\" \/>\n<link rel=\"canonical\" href=\"https:\/\/www.funasskilodge.com\/no\/fjallbyn-funasdalen\/\" \/>\n<meta property=\"og:locale\" content=\"nb_NO\" \/>\n<meta property=\"og:type\" content=\"article\" \/>\n<meta property=\"og:title\" content=\"Fj\u00e4llbyn Fun\u00e4sdalen - Fun\u00e4s Ski Lodge - Boende i Fun\u00e4sdalen mitt i Fun\u00e4sfj\u00e4llen\" \/>\n<meta property=\"og:description\" content=\"Fj\u00e4llbyn Fun\u00e4sdalen ligger precis vid Fun\u00e4s Ski Lodge, med bekv\u00e4ma boenden och n\u00e4rhet till skidbackarna f\u00f6r en perfekt fj\u00e4llupplevelse.\" \/>\n<meta property=\"og:url\" content=\"https:\/\/www.funasskilodge.com\/no\/fjallbyn-funasdalen\/\" \/>\n<meta property=\"og:site_name\" content=\"Fun\u00e4s Ski Lodge - Boende i Fun\u00e4sdalen mitt i Fun\u00e4sfj\u00e4llen\" \/>\n<meta property=\"article:publisher\" content=\"https:\/\/www.facebook.com\/funasskilodge\" \/>\n<meta property=\"article:modified_time\" content=\"2024-10-14T12:30:41+00:00\" \/>\n<meta property=\"og:image\" content=\"https:\/\/www.funasskilodge.com\/wp-content\/uploads\/2024\/08\/orderid-5-scaled7.jpg\" \/>\n\t<meta property=\"og:image:width\" content=\"2560\" \/>\n\t<meta property=\"og:image:height\" content=\"1705\" \/>\n\t<meta property=\"og:image:type\" content=\"image\/jpeg\" \/>\n<meta name=\"twitter:card\" content=\"summary_large_image\" \/>\n<script type=\"application\/ld+json\" class=\"yoast-schema-graph\">{\"@context\":\"https:\/\/schema.org\",\"@graph\":[{\"@type\":\"WebPage\",\"@id\":\"https:\/\/www.funasskilodge.com\/fjallbyn-funasdalen\/\",\"url\":\"https:\/\/www.funasskilodge.com\/fjallbyn-funasdalen\/\",\"name\":\"Fj\u00e4llbyn Fun\u00e4sdalen - Fun\u00e4s Ski Lodge - Boende i Fun\u00e4sdalen mitt i Fun\u00e4sfj\u00e4llen\",\"isPartOf\":{\"@id\":\"https:\/\/www.funasskilodge.com\/#website\"},\"primaryImageOfPage\":{\"@id\":\"https:\/\/www.funasskilodge.com\/fjallbyn-funasdalen\/#primaryimage\"},\"image\":{\"@id\":\"https:\/\/www.funasskilodge.com\/fjallbyn-funasdalen\/#primaryimage\"},\"thumbnailUrl\":\"https:\/\/www.funasskilodge.com\/wp-content\/uploads\/2024\/08\/orderid-5-scaled7.jpg\",\"datePublished\":\"2024-07-04T12:53:39+00:00\",\"dateModified\":\"2024-10-14T12:30:41+00:00\",\"description\":\"Fj\u00e4llbyn Fun\u00e4sdalen ligger precis vid Fun\u00e4s Ski Lodge, med bekv\u00e4ma boenden och n\u00e4rhet till skidbackarna f\u00f6r en perfekt fj\u00e4llupplevelse.\",\"breadcrumb\":{\"@id\":\"https:\/\/www.funasskilodge.com\/fjallbyn-funasdalen\/#breadcrumb\"},\"inLanguage\":\"nb-NO\",\"potentialAction\":[{\"@type\":\"ReadAction\",\"target\":[\"https:\/\/www.funasskilodge.com\/fjallbyn-funasdalen\/\"]}]},{\"@type\":\"ImageObject\",\"inLanguage\":\"nb-NO\",\"@id\":\"https:\/\/www.funasskilodge.com\/fjallbyn-funasdalen\/#primaryimage\",\"url\":\"https:\/\/www.funasskilodge.com\/wp-content\/uploads\/2024\/08\/orderid-5-scaled7.jpg\",\"contentUrl\":\"https:\/\/www.funasskilodge.com\/wp-content\/uploads\/2024\/08\/orderid-5-scaled7.jpg\",\"width\":2560,\"height\":1705,\"caption\":\"Panoramabild av Fj\u00e4llbyn i Fun\u00e4sdalen fr\u00e5n ovan, med den glittrande Fun\u00e4ssj\u00f6n i bakgrunden.\"},{\"@type\":\"BreadcrumbList\",\"@id\":\"https:\/\/www.funasskilodge.com\/fjallbyn-funasdalen\/#breadcrumb\",\"itemListElement\":[{\"@type\":\"ListItem\",\"position\":1,\"name\":\"Home\",\"item\":\"https:\/\/www.funasskilodge.com\/\"},{\"@type\":\"ListItem\",\"position\":2,\"name\":\"Fj\u00e4llbyn\"}]},{\"@type\":\"WebSite\",\"@id\":\"https:\/\/www.funasskilodge.com\/#website\",\"url\":\"https:\/\/www.funasskilodge.com\/\",\"name\":\"Fun\u00e4s Ski Lodge\",\"description\":\"Uppt\u00e4ck skidparadiset p\u00e5 Fun\u00e4s Ski Lodge \u2013 ditt perfekta boende i Fun\u00e4sdalen i hj\u00e4rtat av Fun\u00e4sfj\u00e4llen.\",\"publisher\":{\"@id\":\"https:\/\/www.funasskilodge.com\/#organization\"},\"potentialAction\":[{\"@type\":\"SearchAction\",\"target\":{\"@type\":\"EntryPoint\",\"urlTemplate\":\"https:\/\/www.funasskilodge.com\/?s={search_term_string}\"},\"query-input\":{\"@type\":\"PropertyValueSpecification\",\"valueRequired\":true,\"valueName\":\"search_term_string\"}}],\"inLanguage\":\"nb-NO\"},{\"@type\":\"Organization\",\"@id\":\"https:\/\/www.funasskilodge.com\/#organization\",\"name\":\"Fun\u00e4s Ski Lodge\",\"url\":\"https:\/\/www.funasskilodge.com\/\",\"logo\":{\"@type\":\"ImageObject\",\"inLanguage\":\"nb-NO\",\"@id\":\"https:\/\/www.funasskilodge.com\/#\/schema\/logo\/image\/\",\"url\":\"https:\/\/www.funasskilodge.com\/wp-content\/uploads\/2024\/06\/Lager_1.svg\",\"contentUrl\":\"https:\/\/www.funasskilodge.com\/wp-content\/uploads\/2024\/06\/Lager_1.svg\",\"width\":130,\"height\":61,\"caption\":\"Fun\u00e4s Ski Lodge\"},\"image\":{\"@id\":\"https:\/\/www.funasskilodge.com\/#\/schema\/logo\/image\/\"},\"sameAs\":[\"https:\/\/www.facebook.com\/funasskilodge\",\"https:\/\/www.instagram.com\/funasskilodge\/\"]}]}<\/script>\n<!-- \/ Yoast SEO plugin. -->","yoast_head_json":{"title":"Fj\u00e4llbyn Fun\u00e4sdalen - Fun\u00e4s Ski Lodge - Overnatting i Fun\u00e4sdalen i sentrum av Fun\u00e4sfj\u00e4llen","description":"Fjellandsbyen Fun\u00e4sdalen ligger rett ved siden av Fun\u00e4s Ski Lodge, med komfortabel innkvartering og n\u00e6rhet til skil\u00f8ypene for en perfekt fjellopplevelse.","robots":{"index":"index","follow":"follow","max-snippet":"max-snippet:-1","max-image-preview":"max-image-preview:large","max-video-preview":"max-video-preview:-1"},"canonical":"https:\/\/www.funasskilodge.com\/no\/fjallbyn-funasdalen\/","og_locale":"nb_NO","og_type":"article","og_title":"Fj\u00e4llbyn Fun\u00e4sdalen - Fun\u00e4s Ski Lodge - Boende i Fun\u00e4sdalen mitt i Fun\u00e4sfj\u00e4llen","og_description":"Fj\u00e4llbyn Fun\u00e4sdalen ligger precis vid Fun\u00e4s Ski Lodge, med bekv\u00e4ma boenden och n\u00e4rhet till skidbackarna f\u00f6r en perfekt fj\u00e4llupplevelse.","og_url":"https:\/\/www.funasskilodge.com\/no\/fjallbyn-funasdalen\/","og_site_name":"Fun\u00e4s Ski Lodge - Boende i Fun\u00e4sdalen mitt i Fun\u00e4sfj\u00e4llen","article_publisher":"https:\/\/www.facebook.com\/funasskilodge","article_modified_time":"2024-10-14T12:30:41+00:00","og_image":[{"width":2560,"height":1705,"url":"https:\/\/www.funasskilodge.com\/wp-content\/uploads\/2024\/08\/orderid-5-scaled7.jpg","type":"image\/jpeg"}],"twitter_card":"summary_large_image","schema":{"@context":"https:\/\/schema.org","@graph":[{"@type":"WebPage","@id":"https:\/\/www.funasskilodge.com\/fjallbyn-funasdalen\/","url":"https:\/\/www.funasskilodge.com\/fjallbyn-funasdalen\/","name":"Fj\u00e4llbyn Fun\u00e4sdalen - Fun\u00e4s Ski Lodge - Overnatting i Fun\u00e4sdalen i sentrum av Fun\u00e4sfj\u00e4llen","isPartOf":{"@id":"https:\/\/www.funasskilodge.com\/#website"},"primaryImageOfPage":{"@id":"https:\/\/www.funasskilodge.com\/fjallbyn-funasdalen\/#primaryimage"},"image":{"@id":"https:\/\/www.funasskilodge.com\/fjallbyn-funasdalen\/#primaryimage"},"thumbnailUrl":"https:\/\/www.funasskilodge.com\/wp-content\/uploads\/2024\/08\/orderid-5-scaled7.jpg","datePublished":"2024-07-04T12:53:39+00:00","dateModified":"2024-10-14T12:30:41+00:00","description":"Fjellandsbyen Fun\u00e4sdalen ligger rett ved siden av Fun\u00e4s Ski Lodge, med komfortabel innkvartering og n\u00e6rhet til skil\u00f8ypene for en perfekt fjellopplevelse.","breadcrumb":{"@id":"https:\/\/www.funasskilodge.com\/fjallbyn-funasdalen\/#breadcrumb"},"inLanguage":"nb-NO","potentialAction":[{"@type":"ReadAction","target":["https:\/\/www.funasskilodge.com\/fjallbyn-funasdalen\/"]}]},{"@type":"ImageObject","inLanguage":"nb-NO","@id":"https:\/\/www.funasskilodge.com\/fjallbyn-funasdalen\/#primaryimage","url":"https:\/\/www.funasskilodge.com\/wp-content\/uploads\/2024\/08\/orderid-5-scaled7.jpg","contentUrl":"https:\/\/www.funasskilodge.com\/wp-content\/uploads\/2024\/08\/orderid-5-scaled7.jpg","width":2560,"height":1705,"caption":"Panoramabild av Fj\u00e4llbyn i Fun\u00e4sdalen fr\u00e5n ovan, med den glittrande Fun\u00e4ssj\u00f6n i bakgrunden."},{"@type":"BreadcrumbList","@id":"https:\/\/www.funasskilodge.com\/fjallbyn-funasdalen\/#breadcrumb","itemListElement":[{"@type":"ListItem","position":1,"name":"Home","item":"https:\/\/www.funasskilodge.com\/"},{"@type":"ListItem","position":2,"name":"Fj\u00e4llbyn"}]},{"@type":"WebSite","@id":"https:\/\/www.funasskilodge.com\/#website","url":"https:\/\/www.funasskilodge.com\/","name":"Fun\u00e4s Ski Lodge","description":"Oppdag skiparadiset p\u00e5 Fun\u00e4s Ski Lodge - ditt perfekte overnattingssted i Fun\u00e4sdalen i hjertet av Fun\u00e4sfj\u00e4llen.","publisher":{"@id":"https:\/\/www.funasskilodge.com\/#organization"},"potentialAction":[{"@type":"SearchAction","target":{"@type":"EntryPoint","urlTemplate":"https:\/\/www.funasskilodge.com\/?s={search_term_string}"},"query-input":{"@type":"PropertyValueSpecification","valueRequired":true,"valueName":"search_term_string"}}],"inLanguage":"nb-NO"},{"@type":"Organization","@id":"https:\/\/www.funasskilodge.com\/#organization","name":"Fun\u00e4s Ski Lodge","url":"https:\/\/www.funasskilodge.com\/","logo":{"@type":"ImageObject","inLanguage":"nb-NO","@id":"https:\/\/www.funasskilodge.com\/#\/schema\/logo\/image\/","url":"https:\/\/www.funasskilodge.com\/wp-content\/uploads\/2024\/06\/Lager_1.svg","contentUrl":"https:\/\/www.funasskilodge.com\/wp-content\/uploads\/2024\/06\/Lager_1.svg","width":130,"height":61,"caption":"Fun\u00e4s Ski Lodge"},"image":{"@id":"https:\/\/www.funasskilodge.com\/#\/schema\/logo\/image\/"},"sameAs":["https:\/\/www.facebook.com\/funasskilodge","https:\/\/www.instagram.com\/funasskilodge\/"]}]}},"_links":{"self":[{"href":"https:\/\/www.funasskilodge.com\/no\/wp-json\/wp\/v2\/pages\/704","targetHints":{"allow":["GET"]}}],"collection":[{"href":"https:\/\/www.funasskilodge.com\/no\/wp-json\/wp\/v2\/pages"}],"about":[{"href":"https:\/\/www.funasskilodge.com\/no\/wp-json\/wp\/v2\/types\/page"}],"author":[{"embeddable":true,"href":"https:\/\/www.funasskilodge.com\/no\/wp-json\/wp\/v2\/users\/4"}],"replies":[{"embeddable":true,"href":"https:\/\/www.funasskilodge.com\/no\/wp-json\/wp\/v2\/comments?post=704"}],"version-history":[{"count":3,"href":"https:\/\/www.funasskilodge.com\/no\/wp-json\/wp\/v2\/pages\/704\/revisions"}],"predecessor-version":[{"id":1869,"href":"https:\/\/www.funasskilodge.com\/no\/wp-json\/wp\/v2\/pages\/704\/revisions\/1869"}],"wp:featuredmedia":[{"embeddable":true,"href":"https:\/\/www.funasskilodge.com\/no\/wp-json\/wp\/v2\/media\/1086"}],"wp:attachment":[{"href":"https:\/\/www.funasskilodge.com\/no\/wp-json\/wp\/v2\/media?parent=704"}],"curies":[{"name":"wp","href":"https:\/\/api.w.org\/{rel}","templated":true}]}}