{"id":608,"date":"2024-07-04T11:40:00","date_gmt":"2024-07-04T11:40:00","guid":{"rendered":"http:\/\/www.funasskilodge.com\/?page_id=608"},"modified":"2024-08-28T13:25:08","modified_gmt":"2024-08-28T13:25:08","slug":"personvernerklaering","status":"publish","type":"page","link":"https:\/\/www.funasskilodge.com\/no\/personvernerklaering\/","title":{"rendered":"Personvernerkl\u00e6ring"},"content":{"rendered":"<section class=\"w-full bg-white pt-8 pb-5\">\n\t<div class=\"flex flex-col items-center justify-start w-full gap-8 m-auto outer-contain desktop-sm:px-4\">\n\t\t<div class=\"flex flex-col items-center justify-start w-full gap-7\">\n\n\t\t\t<div class=\"flex flex-col items-center justify-start gap-6 max-w-[940px] text-center\">\n\t\t\t\t<h2 class=\"text-black\">Personvernerkl\u00e6ring<\/h2>\n\t\t\t\t<p class=\"-large text-trueBlack\"><\/p>\n\t\t\t<\/div>\n\t\t<\/div>\n\t<\/div>\n<\/section>\n\n\n<div class=\"flex items-start w-full pt-5 pb-8 bg-white\">\n\t\t\t<div class=\"w-full m-auto wysiwyg-style desktop-sm:px-4 text-contain\">\n\t\t\t<p><strong>Hvilke personopplysninger lagrer vi?<\/strong><br \/>\nNavn, telefonnummer, adresse og e-post er de eneste opplysningene vi lagrer for privatpersoner. Hvis bestillingen fra gjesten har kommet inn via firmaet personen jobber i, lagres ogs\u00e5 firmanavnet og i de fleste tilfeller ogs\u00e5 adressen til firmaet som ogs\u00e5 er knyttet til personen.<\/p>\n<p>I noen tilfeller kj\u00f8per vi adresseregistreringer fra andre selskaper, for eksempel Dun &amp; Bradstreet, for \u00e5 n\u00e5 ut til en bredere kundebase. Disse adressene er utelukkende for personer i selskaper som i sin tur har godkjent at adressene deres kan brukes til dette form\u00e5let. Vi s\u00f8rger alltid for at leverand\u00f8rene av adresseregistrene v\u00e5re overholder de nye GDPR-reglene.<\/p>\n<p>S\u00e5 lenge gjesten ligger i v\u00e5rt register, ligger ogs\u00e5 tidligere bestillinger igjen og er knyttet til gjesten. If\u00f8lge loven m\u00e5 vi oppbevare denne informasjonen for \u00e5 kunne rapportere hva og til hvem vi har solgt et produkt. Fun\u00e4s Ski Lodge - Fun\u00e4s Resort AB f\u00f8rer ingen statistikk knyttet til gjester eller lignende.<\/p>\n<p><strong>Hvorfor beholder vi dataene?<\/strong><br \/>\nGrunnen til at vi mottar opplysningene, er at personene har v\u00e6rt eller skal v\u00e6re gjester hos oss, og vi trenger opplysningene for \u00e5 holde kontakten med gjestene v\u00e5re.<\/p>\n<p>Etter at gjesten har bes\u00f8kt oss, beholder vi opplysningene deres for \u00e5 gi dem muligheten til \u00e5 motta tilbud og\/eller informasjon fra oss som vi mener kan v\u00e6re i deres interesse \u00e5 motta.<\/p>\n<p>Vi samler ikke inn ytterligere informasjon fra gjestene v\u00e5re, og form\u00e5let med \u00e5 oppbevare opplysningene er kun \u00e5 holde kontakten med dem og dele v\u00e5re tilbud med dem.<\/p>\n<p>Vi deler heller ikke opplysningene med tredjeparter.<\/p>\n<p><strong>Gjesterettigheter<\/strong><br \/>\nGjesten har rett til \u00e5 be om sletting av sine opplysninger, til \u00e5 korrigere eventuelle opplysninger og ogs\u00e5 til \u00e5 motta et utdrag fra oss av sine opplysninger i v\u00e5rt register. V\u00e5re utsendelser inneholder ogs\u00e5 alltid muligheten til \u00e5 melde seg av abonnementet. Avmelding fra v\u00e5re utsendelser betyr imidlertid ikke at vi sletter opplysningene. Dersom gjesten\/kunden \u00f8nsker \u00e5 be om at opplysningene slettes, m\u00e5 dette gj\u00f8res personlig, enten via e-post eller telefon til oss.<\/p>\n\t\t<\/div>\n\t<\/div>","protected":false},"excerpt":{"rendered":"","protected":false},"author":4,"featured_media":0,"parent":0,"menu_order":0,"comment_status":"closed","ping_status":"closed","template":"","meta":{"_acf_changed":false,"footnotes":""},"class_list":["post-608","page","type-page","status-publish","hentry"],"acf":[],"yoast_head":"<!-- This site is optimized with the Yoast SEO plugin v26.8 - https:\/\/yoast.com\/product\/yoast-seo-wordpress\/ -->\n<title>Integritetspolicy - Fun\u00e4s Ski Lodge - Boende i Fun\u00e4sdalen mitt i Fun\u00e4sfj\u00e4llen<\/title>\n<meta name=\"description\" content=\"Integritetspolicy f\u00f6r Fun\u00e4s Ski Lodge: Vi v\u00e4rnar om din integritet och skyddar dina personuppgifter enligt g\u00e4llande dataskyddsregler.\" \/>\n<meta name=\"robots\" content=\"index, follow, max-snippet:-1, max-image-preview:large, max-video-preview:-1\" \/>\n<link rel=\"canonical\" href=\"https:\/\/www.funasskilodge.com\/no\/personvernerklaering\/\" \/>\n<meta property=\"og:locale\" content=\"nb_NO\" \/>\n<meta property=\"og:type\" content=\"article\" \/>\n<meta property=\"og:title\" content=\"Integritetspolicy - Fun\u00e4s Ski Lodge - Boende i Fun\u00e4sdalen mitt i Fun\u00e4sfj\u00e4llen\" \/>\n<meta property=\"og:description\" content=\"Integritetspolicy f\u00f6r Fun\u00e4s Ski Lodge: Vi v\u00e4rnar om din integritet och skyddar dina personuppgifter enligt g\u00e4llande dataskyddsregler.\" \/>\n<meta property=\"og:url\" content=\"https:\/\/www.funasskilodge.com\/no\/personvernerklaering\/\" \/>\n<meta property=\"og:site_name\" content=\"Fun\u00e4s Ski Lodge - Boende i Fun\u00e4sdalen mitt i Fun\u00e4sfj\u00e4llen\" \/>\n<meta property=\"article:publisher\" content=\"https:\/\/www.facebook.com\/funasskilodge\" \/>\n<meta property=\"article:modified_time\" content=\"2024-08-28T13:25:08+00:00\" \/>\n<meta name=\"twitter:card\" content=\"summary_large_image\" \/>\n<script type=\"application\/ld+json\" class=\"yoast-schema-graph\">{\"@context\":\"https:\/\/schema.org\",\"@graph\":[{\"@type\":\"WebPage\",\"@id\":\"https:\/\/www.funasskilodge.com\/integritetspolicy\/\",\"url\":\"https:\/\/www.funasskilodge.com\/integritetspolicy\/\",\"name\":\"Integritetspolicy - Fun\u00e4s Ski Lodge - Boende i Fun\u00e4sdalen mitt i Fun\u00e4sfj\u00e4llen\",\"isPartOf\":{\"@id\":\"https:\/\/www.funasskilodge.com\/#website\"},\"datePublished\":\"2024-07-04T11:40:00+00:00\",\"dateModified\":\"2024-08-28T13:25:08+00:00\",\"description\":\"Integritetspolicy f\u00f6r Fun\u00e4s Ski Lodge: Vi v\u00e4rnar om din integritet och skyddar dina personuppgifter enligt g\u00e4llande dataskyddsregler.\",\"breadcrumb\":{\"@id\":\"https:\/\/www.funasskilodge.com\/integritetspolicy\/#breadcrumb\"},\"inLanguage\":\"nb-NO\",\"potentialAction\":[{\"@type\":\"ReadAction\",\"target\":[\"https:\/\/www.funasskilodge.com\/integritetspolicy\/\"]}]},{\"@type\":\"BreadcrumbList\",\"@id\":\"https:\/\/www.funasskilodge.com\/integritetspolicy\/#breadcrumb\",\"itemListElement\":[{\"@type\":\"ListItem\",\"position\":1,\"name\":\"Home\",\"item\":\"https:\/\/www.funasskilodge.com\/\"},{\"@type\":\"ListItem\",\"position\":2,\"name\":\"Integritetspolicy\"}]},{\"@type\":\"WebSite\",\"@id\":\"https:\/\/www.funasskilodge.com\/#website\",\"url\":\"https:\/\/www.funasskilodge.com\/\",\"name\":\"Fun\u00e4s Ski Lodge\",\"description\":\"Uppt\u00e4ck skidparadiset p\u00e5 Fun\u00e4s Ski Lodge \u2013 ditt perfekta boende i Fun\u00e4sdalen i hj\u00e4rtat av Fun\u00e4sfj\u00e4llen.\",\"publisher\":{\"@id\":\"https:\/\/www.funasskilodge.com\/#organization\"},\"potentialAction\":[{\"@type\":\"SearchAction\",\"target\":{\"@type\":\"EntryPoint\",\"urlTemplate\":\"https:\/\/www.funasskilodge.com\/?s={search_term_string}\"},\"query-input\":{\"@type\":\"PropertyValueSpecification\",\"valueRequired\":true,\"valueName\":\"search_term_string\"}}],\"inLanguage\":\"nb-NO\"},{\"@type\":\"Organization\",\"@id\":\"https:\/\/www.funasskilodge.com\/#organization\",\"name\":\"Fun\u00e4s Ski Lodge\",\"url\":\"https:\/\/www.funasskilodge.com\/\",\"logo\":{\"@type\":\"ImageObject\",\"inLanguage\":\"nb-NO\",\"@id\":\"https:\/\/www.funasskilodge.com\/#\/schema\/logo\/image\/\",\"url\":\"https:\/\/www.funasskilodge.com\/wp-content\/uploads\/2024\/06\/Lager_1.svg\",\"contentUrl\":\"https:\/\/www.funasskilodge.com\/wp-content\/uploads\/2024\/06\/Lager_1.svg\",\"width\":130,\"height\":61,\"caption\":\"Fun\u00e4s Ski Lodge\"},\"image\":{\"@id\":\"https:\/\/www.funasskilodge.com\/#\/schema\/logo\/image\/\"},\"sameAs\":[\"https:\/\/www.facebook.com\/funasskilodge\",\"https:\/\/www.instagram.com\/funasskilodge\/\"]}]}<\/script>\n<!-- \/ Yoast SEO plugin. -->","yoast_head_json":{"title":"Personvern - Fun\u00e4s Ski Lodge - Overnatting i Fun\u00e4sdalen i sentrum av Fun\u00e4sfj\u00e4llen","description":"Personvernerkl\u00e6ring for Fun\u00e4s Ski Lodge: Vi er opptatt av personvernet ditt og beskytter personopplysningene dine i samsvar med gjeldende personvernregler.","robots":{"index":"index","follow":"follow","max-snippet":"max-snippet:-1","max-image-preview":"max-image-preview:large","max-video-preview":"max-video-preview:-1"},"canonical":"https:\/\/www.funasskilodge.com\/no\/personvernerklaering\/","og_locale":"nb_NO","og_type":"article","og_title":"Integritetspolicy - Fun\u00e4s Ski Lodge - Boende i Fun\u00e4sdalen mitt i Fun\u00e4sfj\u00e4llen","og_description":"Integritetspolicy f\u00f6r Fun\u00e4s Ski Lodge: Vi v\u00e4rnar om din integritet och skyddar dina personuppgifter enligt g\u00e4llande dataskyddsregler.","og_url":"https:\/\/www.funasskilodge.com\/no\/personvernerklaering\/","og_site_name":"Fun\u00e4s Ski Lodge - Boende i Fun\u00e4sdalen mitt i Fun\u00e4sfj\u00e4llen","article_publisher":"https:\/\/www.facebook.com\/funasskilodge","article_modified_time":"2024-08-28T13:25:08+00:00","twitter_card":"summary_large_image","schema":{"@context":"https:\/\/schema.org","@graph":[{"@type":"WebPage","@id":"https:\/\/www.funasskilodge.com\/integritetspolicy\/","url":"https:\/\/www.funasskilodge.com\/integritetspolicy\/","name":"Personvern - Fun\u00e4s Ski Lodge - Overnatting i Fun\u00e4sdalen i sentrum av Fun\u00e4sfj\u00e4llen","isPartOf":{"@id":"https:\/\/www.funasskilodge.com\/#website"},"datePublished":"2024-07-04T11:40:00+00:00","dateModified":"2024-08-28T13:25:08+00:00","description":"Personvernerkl\u00e6ring for Fun\u00e4s Ski Lodge: Vi er opptatt av personvernet ditt og beskytter personopplysningene dine i samsvar med gjeldende personvernregler.","breadcrumb":{"@id":"https:\/\/www.funasskilodge.com\/integritetspolicy\/#breadcrumb"},"inLanguage":"nb-NO","potentialAction":[{"@type":"ReadAction","target":["https:\/\/www.funasskilodge.com\/integritetspolicy\/"]}]},{"@type":"BreadcrumbList","@id":"https:\/\/www.funasskilodge.com\/integritetspolicy\/#breadcrumb","itemListElement":[{"@type":"ListItem","position":1,"name":"Home","item":"https:\/\/www.funasskilodge.com\/"},{"@type":"ListItem","position":2,"name":"Integritetspolicy"}]},{"@type":"WebSite","@id":"https:\/\/www.funasskilodge.com\/#website","url":"https:\/\/www.funasskilodge.com\/","name":"Fun\u00e4s Ski Lodge","description":"Oppdag skiparadiset p\u00e5 Fun\u00e4s Ski Lodge - ditt perfekte overnattingssted i Fun\u00e4sdalen i hjertet av Fun\u00e4sfj\u00e4llen.","publisher":{"@id":"https:\/\/www.funasskilodge.com\/#organization"},"potentialAction":[{"@type":"SearchAction","target":{"@type":"EntryPoint","urlTemplate":"https:\/\/www.funasskilodge.com\/?s={search_term_string}"},"query-input":{"@type":"PropertyValueSpecification","valueRequired":true,"valueName":"search_term_string"}}],"inLanguage":"nb-NO"},{"@type":"Organization","@id":"https:\/\/www.funasskilodge.com\/#organization","name":"Fun\u00e4s Ski Lodge","url":"https:\/\/www.funasskilodge.com\/","logo":{"@type":"ImageObject","inLanguage":"nb-NO","@id":"https:\/\/www.funasskilodge.com\/#\/schema\/logo\/image\/","url":"https:\/\/www.funasskilodge.com\/wp-content\/uploads\/2024\/06\/Lager_1.svg","contentUrl":"https:\/\/www.funasskilodge.com\/wp-content\/uploads\/2024\/06\/Lager_1.svg","width":130,"height":61,"caption":"Fun\u00e4s Ski Lodge"},"image":{"@id":"https:\/\/www.funasskilodge.com\/#\/schema\/logo\/image\/"},"sameAs":["https:\/\/www.facebook.com\/funasskilodge","https:\/\/www.instagram.com\/funasskilodge\/"]}]}},"_links":{"self":[{"href":"https:\/\/www.funasskilodge.com\/no\/wp-json\/wp\/v2\/pages\/608","targetHints":{"allow":["GET"]}}],"collection":[{"href":"https:\/\/www.funasskilodge.com\/no\/wp-json\/wp\/v2\/pages"}],"about":[{"href":"https:\/\/www.funasskilodge.com\/no\/wp-json\/wp\/v2\/types\/page"}],"author":[{"embeddable":true,"href":"https:\/\/www.funasskilodge.com\/no\/wp-json\/wp\/v2\/users\/4"}],"replies":[{"embeddable":true,"href":"https:\/\/www.funasskilodge.com\/no\/wp-json\/wp\/v2\/comments?post=608"}],"version-history":[{"count":2,"href":"https:\/\/www.funasskilodge.com\/no\/wp-json\/wp\/v2\/pages\/608\/revisions"}],"predecessor-version":[{"id":1723,"href":"https:\/\/www.funasskilodge.com\/no\/wp-json\/wp\/v2\/pages\/608\/revisions\/1723"}],"wp:attachment":[{"href":"https:\/\/www.funasskilodge.com\/no\/wp-json\/wp\/v2\/media?parent=608"}],"curies":[{"name":"wp","href":"https:\/\/api.w.org\/{rel}","templated":true}]}}