{"id":582,"date":"2024-07-04T11:20:32","date_gmt":"2024-07-04T11:20:32","guid":{"rendered":"http:\/\/www.funasskilodge.com\/?page_id=582"},"modified":"2024-10-14T12:32:21","modified_gmt":"2024-10-14T12:32:21","slug":"nordic-ski-centre-2","status":"publish","type":"page","link":"https:\/\/www.funasskilodge.com\/no\/nordic-ski-centre-2\/","title":{"rendered":"Nordic Ski Center"},"content":{"rendered":"<section class=\"relative w-full max-h-[800px] tablet:h-[50dvh] h-[80dvh] min-h-[25rem] pt-8 mobile:pt-7 mobile:min-h-0 flex mobile:items-center tablet:items-end\">\n\t\t<div class=\"absolute top-0 left-0 w-full h-full max-h-[800px] mobile:h-[50dvh]\">\n\t\t\t\t\t<img decoding=\"async\" class=\"object-cover object-center w-full h-full mobile:object-bottom\" src=\"https:\/\/www.funasskilodge.com\/wp-content\/uploads\/2024\/08\/funasfjallen-nordic-ski-langdakning-dsc-4048.jpg\" alt=\"\">\n\t\t\t<\/div>\n\t<div class=\"relative z-30 flex flex-col items-center bottom-[150px] text-center justify-end w-full max-h-[800px] h-[40dvh] min-h-[25rem] pt-8 mobile:min-h-0 tablet:h-[50dvh] tablet:min-h-0 gap-6 px-8 pb-6 m-auto text-white tablet:justify-center mobile:pt-7 outer-contain tablet:px-4\">\n\t\t\t<\/div>\n\t\t<div class=\"absolute w-full h-full pb-7 bottom-0 z-[21] max-h-[100px] bg-gradient-to-t to-transparent from-white\">\n\n\t<\/div>\n<\/section>\n\n\n<section class=\"w-full bg-white pt-5 pb-0\">\n\t<div class=\"flex flex-col items-center justify-start w-full gap-8 m-auto outer-contain desktop-sm:px-4\">\n\t\t<div class=\"flex flex-col items-center justify-start w-full gap-7\">\n\n\t\t\t<div class=\"flex flex-col items-center justify-start gap-6 max-w-[940px] text-center\">\n\t\t\t\t<h2 class=\"text-black\">Nordic Ski Center<\/h2>\n\t\t\t\t<p class=\"-large text-trueBlack\"><\/p>\n\t\t\t<\/div>\n\t\t<\/div>\n\t<\/div>\n<\/section>\n\n\n<div class=\"flex items-start w-full pt-0 pb-0 bg-white\">\n\t\t\t<div class=\"w-full m-auto wysiwyg-style desktop-sm:px-4 text-contain\">\n\t\t\t<h4>Over 300 km med skispor<\/h4>\n<p>Det er mange daler og h\u00f8yfjellsterreng der Nordic Ski Centers 300 kilometer med preparerte langrennsl\u00f8yper slynger seg. Systemet er bygget opp slik at du alltid har f\u00f8rsteklasses <a href=\"http:\/\/www.funasskilodge.com\/no\/aktiviteter\/langdakning\/\">langrenn<\/a> i nabolaget ditt. Hvis det ikke er nok, finnes det ogs\u00e5 450 kilometer med turstier.<\/p>\n<p>Hele stisystemet er godt skiltet med avstandsskilt, kart og rasteplasser. Du kan starte hvor som helst i Fun\u00e4sfj\u00e4llen med mulighet til \u00e5 oppdage nye l\u00f8yper hver dag.  Mulighetene er mange og utrolig varierte for b\u00e5de barnefamilier, mosjonister og verdenseliten.<\/p>\n<p>45 minutter fra Fun\u00e4sdalen p\u00e5 den andre siden av riksgrensen finner du ogs\u00e5 R\u00f6ros, som er et paradis for langrennsl\u00f8pere. Omr\u00e5det byr p\u00e5 mer enn tusen kilometer med preparerte l\u00f8yper og stabile sn\u00f8forhold. Her finnes b\u00e5de lette og mer krevende l\u00f8yper.<\/p>\n\t\t<\/div>\n\t<\/div>\n\n<section class=\"w-full pt-5 pb-5 bg-white\">\n\t<div class=\"flex items-center justify-center w-full gap-3 m-auto inner-contain tablet:px-4 tablet:flex-col\">\n\t\t\n\t\t\t\t\t\t\t\t\t<a class=\"btn-primary\" href=\"https:\/\/funasfjallensledbolag.outby.se\/tickets\/131\/?goto_app=False\" target=\"_blank\">\n\t\t\t\t\t\tKj\u00f8p langrennskort her &gt;\t\t\t\t\t<\/a>\n\t\t\t\t\t\t\t\t\t\n\n\t<\/div>\n<\/section>\n\n\n<section class=\"w-full bg-white pt-7 pb-7\">\n\t<div class=\"w-full m-auto outer-contain\">\n\n\t\t<div class=\"grid w-full grid-cols-3 gap-5 tablet:grid-cols-1 tablet:max-w-[40rem] mobile:max-w-none tablet:m-auto desktop-sm:px-4 place-items-start\">\n\t\t\t\n\t\t\t\t\t<div class=\"flex flex-col justify-start w-full gap-5\">\n\t\t\t\t\t\t\t\t\t\t\t\t\t<a href=\"http:\/\/www.funasskilodge.com\/no\/funasfjellene\/\" target=\"\">\n\t\t\t\t\t\t\t\t<img decoding=\"async\" class=\"rounded-[20px] w-full h-[320px] desktop-sm:h-[380px] mobile:h-[280px] object-cover\" src=\"https:\/\/www.funasskilodge.com\/wp-content\/uploads\/2024\/08\/orderid-5-scaled3-1.jpg\" alt=\"\">\n\t\t\t\t\t\t\t<\/a>\n\t\t\t\t\t\t\t\t\t\t\t\t<div class=\"flex flex-col items-start justify-start gap-3 px-5\">\n\t\t\t\t\t\t\t<h4>Fun\u00e4sfj\u00e4llen<\/h4>\n\t\t\t\t\t\t\t<p>Fun\u00e4sfj\u00e4llen er et av Sveriges mest sn\u00f8sikre omr\u00e5der. Her finner du seks skiomr\u00e5der med 135 nedfarter - alt i ett heiskort. Skikj\u00f8ring i natursn\u00f8 gir en...<\/p>\n\t\t\t\t\t\t\t\t\t\t\t\t\t\t\t<a href=\"http:\/\/www.funasskilodge.com\/no\/funasfjellene\/\" target=\"\" class=\"transition-colors duration-150 ease-in-out hover:text-black\">Les mer om Fun\u00e4sfj\u00e4llen &gt; Fun\u00e4sfj\u00e4llen<\/a>\n\t\t\t\t\t\t\t\t\t\t\t\t\t<\/div>\n\t\t\t\t\t<\/div>\n\t\t\t\t\n\t\t\t\t\t<div class=\"flex flex-col justify-start w-full gap-5\">\n\t\t\t\t\t\t\t\t\t\t\t\t\t<a href=\"http:\/\/www.funasskilodge.com\/no\/aktiviteter\/#mat-dryck\" target=\"\">\n\t\t\t\t\t\t\t\t<img decoding=\"async\" class=\"rounded-[20px] w-full h-[320px] desktop-sm:h-[380px] mobile:h-[280px] object-cover\" src=\"https:\/\/www.funasskilodge.com\/wp-content\/uploads\/2024\/07\/funasberget-ejansson-webb-07472.jpg\" alt=\"\">\n\t\t\t\t\t\t\t<\/a>\n\t\t\t\t\t\t\t\t\t\t\t\t<div class=\"flex flex-col items-start justify-start gap-3 px-5\">\n\t\t\t\t\t\t\t<h4>Mat og drikke<\/h4>\n\t\t\t\t\t\t\t<p>God og veltilberedt mat serveres p\u00e5 flere restauranter rundt Fun\u00e4sdalsberget. I l\u00f8pet av en dag p\u00e5 fjellet trenger du \u00e5 fylle p\u00e5 med energi og mat. Her kan du nyte alt fra typiske retter fra...<\/p>\n\t\t\t\t\t\t\t\t\t\t\t\t\t\t\t<a href=\"http:\/\/www.funasskilodge.com\/no\/aktiviteter\/#mat-dryck\" target=\"\" class=\"transition-colors duration-150 ease-in-out hover:text-black\">Les mer om Mat og drikke &gt;<\/a>\n\t\t\t\t\t\t\t\t\t\t\t\t\t<\/div>\n\t\t\t\t\t<\/div>\n\t\t\t\t\n\t\t\t\t\t<div class=\"flex flex-col justify-start w-full gap-5\">\n\t\t\t\t\t\t\t\t\t\t\t\t\t<a href=\"http:\/\/www.funasskilodge.com\/no\/overnatting\/\" target=\"\">\n\t\t\t\t\t\t\t\t<img decoding=\"async\" class=\"rounded-[20px] w-full h-[320px] desktop-sm:h-[380px] mobile:h-[280px] object-cover\" src=\"https:\/\/www.funasskilodge.com\/wp-content\/uploads\/2024\/07\/funasskilodgeb25-1.jpg\" alt=\"\">\n\t\t\t\t\t\t\t<\/a>\n\t\t\t\t\t\t\t\t\t\t\t\t<div class=\"flex flex-col items-start justify-start gap-3 px-5\">\n\t\t\t\t\t\t\t<h4>Overnatting i Fun\u00e4sdalen<\/h4>\n\t\t\t\t\t\t\t<p>Fun\u00e4s Ski Lodge er et moderne og sentralt overnattingssted av h\u00f8y kvalitet et steinkast fra heisen. Med 35 leiligheter i fire st\u00f8rrelser...<\/p>\n\t\t\t\t\t\t\t\t\t\t\t\t\t\t\t<a href=\"http:\/\/www.funasskilodge.com\/no\/overnatting\/\" target=\"\" class=\"transition-colors duration-150 ease-in-out hover:text-black\">Les mer om overnattingsmuligheter i Fun\u00e4sfj\u00e4llen &gt;<\/a>\n\t\t\t\t\t\t\t\t\t\t\t\t\t<\/div>\n\t\t\t\t\t<\/div>\n\t\t\t\t\t\t\t\t\t<\/div>\n\t<\/div>\n<\/section>","protected":false},"excerpt":{"rendered":"","protected":false},"author":4,"featured_media":1068,"parent":0,"menu_order":0,"comment_status":"closed","ping_status":"closed","template":"","meta":{"_acf_changed":false,"footnotes":""},"class_list":["post-582","page","type-page","status-publish","has-post-thumbnail","hentry"],"acf":[],"yoast_head":"<!-- This site is optimized with the Yoast SEO plugin v26.8 - https:\/\/yoast.com\/product\/yoast-seo-wordpress\/ -->\n<title>Nordic Ski Center - Fun\u00e4s Ski Lodge - Boende i Fun\u00e4sdalen mitt i Fun\u00e4sfj\u00e4llen<\/title>\n<meta name=\"description\" content=\"Nordic Ski Center erbjuder 300 kilometer preparerade l\u00e4ngdsp\u00e5r i Fun\u00e4sfj\u00e4llen, perfekt f\u00f6r alla l\u00e4ngdskid\u00e5kare som s\u00f6ker storslagen natur.\" \/>\n<meta name=\"robots\" content=\"index, follow, max-snippet:-1, max-image-preview:large, max-video-preview:-1\" \/>\n<link rel=\"canonical\" href=\"https:\/\/www.funasskilodge.com\/no\/nordic-ski-centre-2\/\" \/>\n<meta property=\"og:locale\" content=\"nb_NO\" \/>\n<meta property=\"og:type\" content=\"article\" \/>\n<meta property=\"og:title\" content=\"Nordic Ski Center - Fun\u00e4s Ski Lodge - Boende i Fun\u00e4sdalen mitt i Fun\u00e4sfj\u00e4llen\" \/>\n<meta property=\"og:description\" content=\"Nordic Ski Center erbjuder 300 kilometer preparerade l\u00e4ngdsp\u00e5r i Fun\u00e4sfj\u00e4llen, perfekt f\u00f6r alla l\u00e4ngdskid\u00e5kare som s\u00f6ker storslagen natur.\" \/>\n<meta property=\"og:url\" content=\"https:\/\/www.funasskilodge.com\/no\/nordic-ski-centre-2\/\" \/>\n<meta property=\"og:site_name\" content=\"Fun\u00e4s Ski Lodge - Boende i Fun\u00e4sdalen mitt i Fun\u00e4sfj\u00e4llen\" \/>\n<meta property=\"article:publisher\" content=\"https:\/\/www.facebook.com\/funasskilodge\" \/>\n<meta property=\"article:modified_time\" content=\"2024-10-14T12:32:21+00:00\" \/>\n<meta property=\"og:image\" content=\"https:\/\/www.funasskilodge.com\/wp-content\/uploads\/2024\/08\/funasfjallen-nordic-ski-langdakning-dsc-4048.jpg\" \/>\n\t<meta property=\"og:image:width\" content=\"2000\" \/>\n\t<meta property=\"og:image:height\" content=\"1335\" \/>\n\t<meta property=\"og:image:type\" content=\"image\/jpeg\" \/>\n<meta name=\"twitter:card\" content=\"summary_large_image\" \/>\n<script type=\"application\/ld+json\" class=\"yoast-schema-graph\">{\"@context\":\"https:\/\/schema.org\",\"@graph\":[{\"@type\":\"WebPage\",\"@id\":\"https:\/\/www.funasskilodge.com\/nordic-ski-center-2\/\",\"url\":\"https:\/\/www.funasskilodge.com\/nordic-ski-center-2\/\",\"name\":\"Nordic Ski Center - Fun\u00e4s Ski Lodge - Boende i Fun\u00e4sdalen mitt i Fun\u00e4sfj\u00e4llen\",\"isPartOf\":{\"@id\":\"https:\/\/www.funasskilodge.com\/#website\"},\"primaryImageOfPage\":{\"@id\":\"https:\/\/www.funasskilodge.com\/nordic-ski-center-2\/#primaryimage\"},\"image\":{\"@id\":\"https:\/\/www.funasskilodge.com\/nordic-ski-center-2\/#primaryimage\"},\"thumbnailUrl\":\"https:\/\/www.funasskilodge.com\/wp-content\/uploads\/2024\/08\/funasfjallen-nordic-ski-langdakning-dsc-4048.jpg\",\"datePublished\":\"2024-07-04T11:20:32+00:00\",\"dateModified\":\"2024-10-14T12:32:21+00:00\",\"description\":\"Nordic Ski Center erbjuder 300 kilometer preparerade l\u00e4ngdsp\u00e5r i Fun\u00e4sfj\u00e4llen, perfekt f\u00f6r alla l\u00e4ngdskid\u00e5kare som s\u00f6ker storslagen natur.\",\"breadcrumb\":{\"@id\":\"https:\/\/www.funasskilodge.com\/nordic-ski-center-2\/#breadcrumb\"},\"inLanguage\":\"nb-NO\",\"potentialAction\":[{\"@type\":\"ReadAction\",\"target\":[\"https:\/\/www.funasskilodge.com\/nordic-ski-center-2\/\"]}]},{\"@type\":\"ImageObject\",\"inLanguage\":\"nb-NO\",\"@id\":\"https:\/\/www.funasskilodge.com\/nordic-ski-center-2\/#primaryimage\",\"url\":\"https:\/\/www.funasskilodge.com\/wp-content\/uploads\/2024\/08\/funasfjallen-nordic-ski-langdakning-dsc-4048.jpg\",\"contentUrl\":\"https:\/\/www.funasskilodge.com\/wp-content\/uploads\/2024\/08\/funasfjallen-nordic-ski-langdakning-dsc-4048.jpg\",\"width\":2000,\"height\":1335,\"caption\":\"Utforska \u00f6ver 300 km v\u00e4lpreparerade l\u00e4ngdskidsp\u00e5r i Fun\u00e4sdalen, bel\u00e4get i hj\u00e4rtat av Fun\u00e4sfj\u00e4llen.\"},{\"@type\":\"BreadcrumbList\",\"@id\":\"https:\/\/www.funasskilodge.com\/nordic-ski-center-2\/#breadcrumb\",\"itemListElement\":[{\"@type\":\"ListItem\",\"position\":1,\"name\":\"Home\",\"item\":\"https:\/\/www.funasskilodge.com\/\"},{\"@type\":\"ListItem\",\"position\":2,\"name\":\"Nordic Ski Center\"}]},{\"@type\":\"WebSite\",\"@id\":\"https:\/\/www.funasskilodge.com\/#website\",\"url\":\"https:\/\/www.funasskilodge.com\/\",\"name\":\"Fun\u00e4s Ski Lodge\",\"description\":\"Uppt\u00e4ck skidparadiset p\u00e5 Fun\u00e4s Ski Lodge \u2013 ditt perfekta boende i Fun\u00e4sdalen i hj\u00e4rtat av Fun\u00e4sfj\u00e4llen.\",\"publisher\":{\"@id\":\"https:\/\/www.funasskilodge.com\/#organization\"},\"potentialAction\":[{\"@type\":\"SearchAction\",\"target\":{\"@type\":\"EntryPoint\",\"urlTemplate\":\"https:\/\/www.funasskilodge.com\/?s={search_term_string}\"},\"query-input\":{\"@type\":\"PropertyValueSpecification\",\"valueRequired\":true,\"valueName\":\"search_term_string\"}}],\"inLanguage\":\"nb-NO\"},{\"@type\":\"Organization\",\"@id\":\"https:\/\/www.funasskilodge.com\/#organization\",\"name\":\"Fun\u00e4s Ski Lodge\",\"url\":\"https:\/\/www.funasskilodge.com\/\",\"logo\":{\"@type\":\"ImageObject\",\"inLanguage\":\"nb-NO\",\"@id\":\"https:\/\/www.funasskilodge.com\/#\/schema\/logo\/image\/\",\"url\":\"https:\/\/www.funasskilodge.com\/wp-content\/uploads\/2024\/06\/Lager_1.svg\",\"contentUrl\":\"https:\/\/www.funasskilodge.com\/wp-content\/uploads\/2024\/06\/Lager_1.svg\",\"width\":130,\"height\":61,\"caption\":\"Fun\u00e4s Ski Lodge\"},\"image\":{\"@id\":\"https:\/\/www.funasskilodge.com\/#\/schema\/logo\/image\/\"},\"sameAs\":[\"https:\/\/www.facebook.com\/funasskilodge\",\"https:\/\/www.instagram.com\/funasskilodge\/\"]}]}<\/script>\n<!-- \/ Yoast SEO plugin. -->","yoast_head_json":{"title":"Nordic Ski Centre - Fun\u00e4s Ski Lodge - Overnatting i Fun\u00e4sdalen i hjertet av Fun\u00e4sfj\u00e4llen","description":"Nordic Ski Center tilbyr 300 kilometer med preparerte langrennsl\u00f8yper i Fun\u00e4sfj\u00e4llen, perfekt for alle langrennsl\u00f8pere som er ute etter storsl\u00e5tt natur.","robots":{"index":"index","follow":"follow","max-snippet":"max-snippet:-1","max-image-preview":"max-image-preview:large","max-video-preview":"max-video-preview:-1"},"canonical":"https:\/\/www.funasskilodge.com\/no\/nordic-ski-centre-2\/","og_locale":"nb_NO","og_type":"article","og_title":"Nordic Ski Center - Fun\u00e4s Ski Lodge - Boende i Fun\u00e4sdalen mitt i Fun\u00e4sfj\u00e4llen","og_description":"Nordic Ski Center erbjuder 300 kilometer preparerade l\u00e4ngdsp\u00e5r i Fun\u00e4sfj\u00e4llen, perfekt f\u00f6r alla l\u00e4ngdskid\u00e5kare som s\u00f6ker storslagen natur.","og_url":"https:\/\/www.funasskilodge.com\/no\/nordic-ski-centre-2\/","og_site_name":"Fun\u00e4s Ski Lodge - Boende i Fun\u00e4sdalen mitt i Fun\u00e4sfj\u00e4llen","article_publisher":"https:\/\/www.facebook.com\/funasskilodge","article_modified_time":"2024-10-14T12:32:21+00:00","og_image":[{"width":2000,"height":1335,"url":"https:\/\/www.funasskilodge.com\/wp-content\/uploads\/2024\/08\/funasfjallen-nordic-ski-langdakning-dsc-4048.jpg","type":"image\/jpeg"}],"twitter_card":"summary_large_image","schema":{"@context":"https:\/\/schema.org","@graph":[{"@type":"WebPage","@id":"https:\/\/www.funasskilodge.com\/nordic-ski-center-2\/","url":"https:\/\/www.funasskilodge.com\/nordic-ski-center-2\/","name":"Nordic Ski Centre - Fun\u00e4s Ski Lodge - Overnatting i Fun\u00e4sdalen i hjertet av Fun\u00e4sfj\u00e4llen","isPartOf":{"@id":"https:\/\/www.funasskilodge.com\/#website"},"primaryImageOfPage":{"@id":"https:\/\/www.funasskilodge.com\/nordic-ski-center-2\/#primaryimage"},"image":{"@id":"https:\/\/www.funasskilodge.com\/nordic-ski-center-2\/#primaryimage"},"thumbnailUrl":"https:\/\/www.funasskilodge.com\/wp-content\/uploads\/2024\/08\/funasfjallen-nordic-ski-langdakning-dsc-4048.jpg","datePublished":"2024-07-04T11:20:32+00:00","dateModified":"2024-10-14T12:32:21+00:00","description":"Nordic Ski Center tilbyr 300 kilometer med preparerte langrennsl\u00f8yper i Fun\u00e4sfj\u00e4llen, perfekt for alle langrennsl\u00f8pere som er ute etter storsl\u00e5tt natur.","breadcrumb":{"@id":"https:\/\/www.funasskilodge.com\/nordic-ski-center-2\/#breadcrumb"},"inLanguage":"nb-NO","potentialAction":[{"@type":"ReadAction","target":["https:\/\/www.funasskilodge.com\/nordic-ski-center-2\/"]}]},{"@type":"ImageObject","inLanguage":"nb-NO","@id":"https:\/\/www.funasskilodge.com\/nordic-ski-center-2\/#primaryimage","url":"https:\/\/www.funasskilodge.com\/wp-content\/uploads\/2024\/08\/funasfjallen-nordic-ski-langdakning-dsc-4048.jpg","contentUrl":"https:\/\/www.funasskilodge.com\/wp-content\/uploads\/2024\/08\/funasfjallen-nordic-ski-langdakning-dsc-4048.jpg","width":2000,"height":1335,"caption":"Utforska \u00f6ver 300 km v\u00e4lpreparerade l\u00e4ngdskidsp\u00e5r i Fun\u00e4sdalen, bel\u00e4get i hj\u00e4rtat av Fun\u00e4sfj\u00e4llen."},{"@type":"BreadcrumbList","@id":"https:\/\/www.funasskilodge.com\/nordic-ski-center-2\/#breadcrumb","itemListElement":[{"@type":"ListItem","position":1,"name":"Home","item":"https:\/\/www.funasskilodge.com\/"},{"@type":"ListItem","position":2,"name":"Nordic Ski Center"}]},{"@type":"WebSite","@id":"https:\/\/www.funasskilodge.com\/#website","url":"https:\/\/www.funasskilodge.com\/","name":"Fun\u00e4s Ski Lodge","description":"Oppdag skiparadiset p\u00e5 Fun\u00e4s Ski Lodge - ditt perfekte overnattingssted i Fun\u00e4sdalen i hjertet av Fun\u00e4sfj\u00e4llen.","publisher":{"@id":"https:\/\/www.funasskilodge.com\/#organization"},"potentialAction":[{"@type":"SearchAction","target":{"@type":"EntryPoint","urlTemplate":"https:\/\/www.funasskilodge.com\/?s={search_term_string}"},"query-input":{"@type":"PropertyValueSpecification","valueRequired":true,"valueName":"search_term_string"}}],"inLanguage":"nb-NO"},{"@type":"Organization","@id":"https:\/\/www.funasskilodge.com\/#organization","name":"Fun\u00e4s Ski Lodge","url":"https:\/\/www.funasskilodge.com\/","logo":{"@type":"ImageObject","inLanguage":"nb-NO","@id":"https:\/\/www.funasskilodge.com\/#\/schema\/logo\/image\/","url":"https:\/\/www.funasskilodge.com\/wp-content\/uploads\/2024\/06\/Lager_1.svg","contentUrl":"https:\/\/www.funasskilodge.com\/wp-content\/uploads\/2024\/06\/Lager_1.svg","width":130,"height":61,"caption":"Fun\u00e4s Ski Lodge"},"image":{"@id":"https:\/\/www.funasskilodge.com\/#\/schema\/logo\/image\/"},"sameAs":["https:\/\/www.facebook.com\/funasskilodge","https:\/\/www.instagram.com\/funasskilodge\/"]}]}},"_links":{"self":[{"href":"https:\/\/www.funasskilodge.com\/no\/wp-json\/wp\/v2\/pages\/582","targetHints":{"allow":["GET"]}}],"collection":[{"href":"https:\/\/www.funasskilodge.com\/no\/wp-json\/wp\/v2\/pages"}],"about":[{"href":"https:\/\/www.funasskilodge.com\/no\/wp-json\/wp\/v2\/types\/page"}],"author":[{"embeddable":true,"href":"https:\/\/www.funasskilodge.com\/no\/wp-json\/wp\/v2\/users\/4"}],"replies":[{"embeddable":true,"href":"https:\/\/www.funasskilodge.com\/no\/wp-json\/wp\/v2\/comments?post=582"}],"version-history":[{"count":2,"href":"https:\/\/www.funasskilodge.com\/no\/wp-json\/wp\/v2\/pages\/582\/revisions"}],"predecessor-version":[{"id":1499,"href":"https:\/\/www.funasskilodge.com\/no\/wp-json\/wp\/v2\/pages\/582\/revisions\/1499"}],"wp:featuredmedia":[{"embeddable":true,"href":"https:\/\/www.funasskilodge.com\/no\/wp-json\/wp\/v2\/media\/1068"}],"wp:attachment":[{"href":"https:\/\/www.funasskilodge.com\/no\/wp-json\/wp\/v2\/media?parent=582"}],"curies":[{"name":"wp","href":"https:\/\/api.w.org\/{rel}","templated":true}]}}