{"id":532,"date":"2024-07-04T08:48:32","date_gmt":"2024-07-04T08:48:32","guid":{"rendered":"http:\/\/www.funasskilodge.com\/infor-ankomsten-copy-copy\/"},"modified":"2024-08-27T11:08:10","modified_gmt":"2024-08-27T11:08:10","slug":"under-oppholdet-i-funasdalen","status":"publish","type":"page","link":"https:\/\/www.funasskilodge.com\/no\/under-oppholdet-i-funasdalen\/","title":{"rendered":"Under oppholdet"},"content":{"rendered":"<section class=\"w-full bg-white pt-8 pb-5\">\n\t<div class=\"flex flex-col items-center justify-start w-full gap-8 m-auto outer-contain desktop-sm:px-4\">\n\t\t<div class=\"flex flex-col items-center justify-start w-full gap-7\">\n\n\t\t\t<div class=\"flex flex-col items-center justify-start gap-6 max-w-[940px] text-center\">\n\t\t\t\t<h2 class=\"text-black\">Under oppholdet<\/h2>\n\t\t\t\t<p class=\"-large text-trueBlack\"><\/p>\n\t\t\t<\/div>\n\t\t<\/div>\n\t<\/div>\n<\/section>\n\n\n<div class=\"flex items-start w-full pt-5 pb-5 bg-white\">\n\t\t\t<div class=\"flex items-start justify-between w-full gap-8 m-auto article-contain tablet:flex-col tablet:gap-4 desktop-sm:px-4\">\n\t\t\t<div class=\"w-full wysiwyg-style\">\n\t\t\t\t<p>Vi h\u00e5per du f\u00e5r et herlig opphold p\u00e5 Fun\u00e4s Ski Lodge og i Fun\u00e4sdalen. Nesten alt du trenger finnes i bygda. Ikke noe IKEA-varehus, men stort sett alt annet. To store, velassorterte dagligvarebutikker, vinmonopol, restauranter, skiutleie og annet fritidsutstyr som trengs for at oppholdet skal bli en suksess.<\/p>\n<p>P\u00e5 omr\u00e5det, rett ved siden av boligen, er det en parkeringsplass med stikkontakter, et skibod, et hvelv, en sykkelvask og en s\u00f8ppelcontainer.<\/p>\n<p><strong>Regler for trivsel<\/strong><br \/>\nFor alles trivsel m\u00e5 du som gjest ta godt vare p\u00e5 leiligheten og f\u00f8lge de regler, instrukser og bestemmelser som gjelder. Det ligger et gjestehefte i leiligheten som inneholder det meste av det du trenger \u00e5 vite og tenke p\u00e5. Sunn fornuft gjelder, men her er noen av de viktigste punktene:<\/p>\n<p>Dersom det er mangler i leiligheten, m\u00e5 dette meldes senest kl. 11.00 dagen etter ankomst. Hvis noe mangler, m\u00e5 du ringe feriehuseieren.<\/p>\n<p>Fra kl. 23.00 til 07.00 snakker vi med sm\u00e5 bokstaver for ikke \u00e5 forstyrre andre gjester.<\/p>\n<p>ALLE leilighetene er r\u00f8ykfrie (renovasjonsgebyr vil bli belastet i tilfelle brudd).<\/p>\n<p>I noen leiligheter er kj\u00e6ledyr velkomne, men dette m\u00e5 oppgis ved bestilling (ellers vil det p\u00e5l\u00f8pe ekstra rengj\u00f8rings- og desinfeksjonsgebyr).<\/p>\n<p>Du kan kun oppholde deg i bakkene og ved heisportene i den offentlige \u00e5pningstiden (alle andre tider er arbeidstid)<\/p>\n<p>I H\u00e4rjedalen kommune er det totalforbud mot smekkere og fyrverkeri.<\/p>\n<p>Ikke bruk skisko innend\u00f8rs, og bruk skigarderoben.<\/p>\n<p>Gjesten er fullt ut ansvarlig for eventuelle tap av n\u00f8kler, skader p\u00e5 boligen og dens inventar. Vi forbeholder oss retten til \u00e5 kaste deg og ditt reisef\u00f8lge ut ved d\u00e5rlig oppf\u00f8rsel eller hvis leiligheten brukes til noe annet enn det den er beregnet til. Du vil ikke ha rett til refusjon av leien.<\/p>\n<p>Det var alle formaningene. Den viktigste formaningen? Ha en veldig hyggelig og avslappende tid sammen med oss!<\/p>\n<p><strong>STUGV\u00c4RDEN &amp; G\u00c4STSERVICE<\/strong><\/p>\n<p>Bes\u00f8ksadresse: <a href=\"https:\/\/www.google.com\/maps\/place\/\/data=!4m2!3m1!1s0x466ea10034ce021d:0x74c8478eef6d4fa5?sa=X&amp;ved=1t:8290&amp;ictx=111\" target=\"_blank\" rel=\"noopener\">Vallarv\u00e4gen 4<\/a><br \/>\n840 95 Fun\u00e4sdalen<\/p>\n<p>E-post:\u00a0<a href=\"mailto:info@stugvarden.se\">info@stugvarden.se<\/a><br \/>\nJourtel: <a href=\"tlf:+46708240655\">0708-24 06 55<\/a><\/p>\n\t\t\t<\/div>\n\t\t\t\t\t\t\t<div class=\"flex flex-col items-center justify-start gap-3 tablet:justify-center tablet:w-full\">\n\n\t\t\t\t\t\n\n\t\t\t\t\t\t\t\t\t\t\t\t\t<a class=\"btn-primary\" href=\"http:\/\/www.funasskilodge.com\/no\/hyttehager\/\" target=\"\">Ytterligere tjenester og st\u00f8tte<\/a>\n\t\t\t\t\t\t\t\t\t\t\t\n\n\t\t\t\t\t\t\t\t\t\t\t\t\t<a class=\"btn-primary\" href=\"http:\/\/www.funasskilodge.com\/no\/for-ankomster\/\" target=\"\">F\u00f8r ankomst &gt;<\/a>\n\t\t\t\t\t\t\t\t\t\t\t\n\n\t\t\t\t\t\t\t\t\t\t\t\t\t<a class=\"btn-primary\" href=\"https:\/\/www.funasskilodge.com\/no\/funas-ski-lodge-resepsjon\/\" target=\"\">Mottakelse &gt;<\/a>\n\t\t\t\t\t\t\t\t\t\t\t\n\n\t\t\t\t\t\t\t\t\t\t\t\t\t<a class=\"btn-primary\" href=\"http:\/\/www.funasskilodge.com\/no\/utsjekking\/\" target=\"\">Utsjekking &gt;<\/a>\n\t\t\t\t\t\t\t\t\t\t\t\t\t\t\t<\/div>\n\n\t\t\t\t\t<\/div>\n\t<\/div>\n\n\n<section class=\"w-full bg-white pt-5 pb-7\">\n\t<div class=\"w-full m-auto outer-contain\">\n\n\t\t<div class=\"grid w-full grid-cols-3 gap-5 tablet:grid-cols-1 tablet:max-w-[40rem] mobile:max-w-none tablet:m-auto desktop-sm:px-4 place-items-start\">\n\t\t\t\n\t\t\t\t\t<div class=\"flex flex-col justify-start w-full gap-5\">\n\t\t\t\t\t\t\t\t\t\t\t\t\t<a href=\"http:\/\/www.funasskilodge.com\/no\/om-funas-ski-lodge\/\" target=\"\">\n\t\t\t\t\t\t\t\t<img decoding=\"async\" class=\"rounded-[20px] w-full h-[320px] desktop-sm:h-[380px] mobile:h-[280px] object-cover\" src=\"https:\/\/www.funasskilodge.com\/wp-content\/uploads\/2024\/07\/orderid-5-scaled.jpg\" alt=\"\">\n\t\t\t\t\t\t\t<\/a>\n\t\t\t\t\t\t\t\t\t\t\t\t<div class=\"flex flex-col items-start justify-start gap-3 px-5\">\n\t\t\t\t\t\t\t<h4>Om Fun\u00e4s Ski Lodge<\/h4>\n\t\t\t\t\t\t\t<p>Fun\u00e4s Ski Lodge ligger i direkte tilknytning til Fun\u00e4sdalens skiomr\u00e5de. Vi som \u00f8nsker deg velkommen til Fun\u00e4s Ski Lodge jobber hos hytteverten, du sjekker inn i v\u00e5r...<\/p>\n\t\t\t\t\t\t\t\t\t\t\t\t\t\t\t<a href=\"http:\/\/www.funasskilodge.com\/no\/om-funas-ski-lodge\/\" target=\"\" class=\"transition-colors duration-150 ease-in-out hover:text-black\">Les mer om Fun\u00e4s Skihytte &gt; &gt; Fun\u00e4s Ski Lodge<\/a>\n\t\t\t\t\t\t\t\t\t\t\t\t\t<\/div>\n\t\t\t\t\t<\/div>\n\t\t\t\t\n\t\t\t\t\t<div class=\"flex flex-col justify-start w-full gap-5\">\n\t\t\t\t\t\t\t\t\t\t\t\t\t<a href=\"http:\/\/www.funasskilodge.com\/no\/konferanse\/\" target=\"\">\n\t\t\t\t\t\t\t\t<img decoding=\"async\" class=\"rounded-[20px] w-full h-[320px] desktop-sm:h-[380px] mobile:h-[280px] object-cover\" src=\"https:\/\/www.funasskilodge.com\/wp-content\/uploads\/2024\/08\/b20becfb-d60c-4b84-b7df-982ce3a58aed.jpg\" alt=\"\">\n\t\t\t\t\t\t\t<\/a>\n\t\t\t\t\t\t\t\t\t\t\t\t<div class=\"flex flex-col items-start justify-start gap-3 px-5\">\n\t\t\t\t\t\t\t<h4>Konferanse, m\u00f8te eller oppl\u00e6ring?<\/h4>\n\t\t\t\t\t\t\t<p>Bestill konferanse p\u00e5 fjellet R\u00f6stberget 120 er navnet p\u00e5 v\u00e5re store, moderne konferanseleiligheter som passer perfekt for mindre m\u00f8ter, konferanser eller flere familier som reiser sammen. R\u00f6stberget 120 er...<\/p>\n\t\t\t\t\t\t\t\t\t\t\t\t\t\t\t<a href=\"http:\/\/www.funasskilodge.com\/no\/konferanse\/\" target=\"\" class=\"transition-colors duration-150 ease-in-out hover:text-black\">Les mer om konferanser og m\u00f8ter<\/a>\n\t\t\t\t\t\t\t\t\t\t\t\t\t<\/div>\n\t\t\t\t\t<\/div>\n\t\t\t\t\n\t\t\t\t\t<div class=\"flex flex-col justify-start w-full gap-5\">\n\t\t\t\t\t\t\t\t\t\t\t\t\t<a href=\"http:\/\/www.funasskilodge.com\/no\/overnatting\/\" target=\"\">\n\t\t\t\t\t\t\t\t<img decoding=\"async\" class=\"rounded-[20px] w-full h-[320px] desktop-sm:h-[380px] mobile:h-[280px] object-cover\" src=\"https:\/\/www.funasskilodge.com\/wp-content\/uploads\/2024\/08\/r120-c33-orderid-17-rumsutsikt-scaled.jpg\" alt=\"\">\n\t\t\t\t\t\t\t<\/a>\n\t\t\t\t\t\t\t\t\t\t\t\t<div class=\"flex flex-col items-start justify-start gap-3 px-5\">\n\t\t\t\t\t\t\t<h4>Overnatting i Fun\u00e4sdalen<\/h4>\n\t\t\t\t\t\t\t<p>Fun\u00e4s Ski Lodge er et moderne og sentralt overnattingssted av h\u00f8y kvalitet et steinkast fra heisen. Med 35 leiligheter i fire st\u00f8rrelser....<\/p>\n\t\t\t\t\t\t\t\t\t\t\t\t\t\t\t<a href=\"http:\/\/www.funasskilodge.com\/no\/overnatting\/\" target=\"\" class=\"transition-colors duration-150 ease-in-out hover:text-black\">Les mer om overnattingsmulighetene v\u00e5re &gt;.<\/a>\n\t\t\t\t\t\t\t\t\t\t\t\t\t<\/div>\n\t\t\t\t\t<\/div>\n\t\t\t\t\t\t\t\t\t<\/div>\n\t<\/div>\n<\/section>","protected":false},"excerpt":{"rendered":"","protected":false},"author":4,"featured_media":0,"parent":0,"menu_order":0,"comment_status":"closed","ping_status":"closed","template":"","meta":{"_acf_changed":false,"footnotes":""},"class_list":["post-532","page","type-page","status-publish","hentry"],"acf":[],"yoast_head":"<!-- This site is optimized with the Yoast SEO plugin v26.8 - https:\/\/yoast.com\/product\/yoast-seo-wordpress\/ -->\n<title>Under vistelsen i Fun\u00e4sdalen - Fun\u00e4s Ski Lodge - Boende i Fun\u00e4sdalen mitt i Fun\u00e4sfj\u00e4llen<\/title>\n<meta name=\"description\" content=\"Under vistelsen i Fun\u00e4sdalen - L\u00e4s mer om v\u00e5ra enkla riktlinjer f\u00f6r att s\u00e4kerst\u00e4lla en trevlig vistelse f\u00f6r alla g\u00e4ster hos Fun\u00e4s Ski Lodge.\" \/>\n<meta name=\"robots\" content=\"index, follow, max-snippet:-1, max-image-preview:large, max-video-preview:-1\" \/>\n<link rel=\"canonical\" href=\"https:\/\/www.funasskilodge.com\/no\/under-oppholdet-i-funasdalen\/\" \/>\n<meta property=\"og:locale\" content=\"nb_NO\" \/>\n<meta property=\"og:type\" content=\"article\" \/>\n<meta property=\"og:title\" content=\"Under vistelsen i Fun\u00e4sdalen - Fun\u00e4s Ski Lodge - Boende i Fun\u00e4sdalen mitt i Fun\u00e4sfj\u00e4llen\" \/>\n<meta property=\"og:description\" content=\"Under vistelsen i Fun\u00e4sdalen - L\u00e4s mer om v\u00e5ra enkla riktlinjer f\u00f6r att s\u00e4kerst\u00e4lla en trevlig vistelse f\u00f6r alla g\u00e4ster hos Fun\u00e4s Ski Lodge.\" \/>\n<meta property=\"og:url\" content=\"https:\/\/www.funasskilodge.com\/no\/under-oppholdet-i-funasdalen\/\" \/>\n<meta property=\"og:site_name\" content=\"Fun\u00e4s Ski Lodge - Boende i Fun\u00e4sdalen mitt i Fun\u00e4sfj\u00e4llen\" \/>\n<meta property=\"article:publisher\" content=\"https:\/\/www.facebook.com\/funasskilodge\" \/>\n<meta property=\"article:modified_time\" content=\"2024-08-27T11:08:10+00:00\" \/>\n<meta name=\"twitter:card\" content=\"summary_large_image\" \/>\n<script type=\"application\/ld+json\" class=\"yoast-schema-graph\">{\"@context\":\"https:\/\/schema.org\",\"@graph\":[{\"@type\":\"WebPage\",\"@id\":\"https:\/\/www.funasskilodge.com\/under-vistelsen-i-funasdalen\/\",\"url\":\"https:\/\/www.funasskilodge.com\/under-vistelsen-i-funasdalen\/\",\"name\":\"Under vistelsen i Fun\u00e4sdalen - Fun\u00e4s Ski Lodge - Boende i Fun\u00e4sdalen mitt i Fun\u00e4sfj\u00e4llen\",\"isPartOf\":{\"@id\":\"https:\/\/www.funasskilodge.com\/#website\"},\"datePublished\":\"2024-07-04T08:48:32+00:00\",\"dateModified\":\"2024-08-27T11:08:10+00:00\",\"description\":\"Under vistelsen i Fun\u00e4sdalen - L\u00e4s mer om v\u00e5ra enkla riktlinjer f\u00f6r att s\u00e4kerst\u00e4lla en trevlig vistelse f\u00f6r alla g\u00e4ster hos Fun\u00e4s Ski Lodge.\",\"breadcrumb\":{\"@id\":\"https:\/\/www.funasskilodge.com\/under-vistelsen-i-funasdalen\/#breadcrumb\"},\"inLanguage\":\"nb-NO\",\"potentialAction\":[{\"@type\":\"ReadAction\",\"target\":[\"https:\/\/www.funasskilodge.com\/under-vistelsen-i-funasdalen\/\"]}]},{\"@type\":\"BreadcrumbList\",\"@id\":\"https:\/\/www.funasskilodge.com\/under-vistelsen-i-funasdalen\/#breadcrumb\",\"itemListElement\":[{\"@type\":\"ListItem\",\"position\":1,\"name\":\"Home\",\"item\":\"https:\/\/www.funasskilodge.com\/\"},{\"@type\":\"ListItem\",\"position\":2,\"name\":\"Under vistelsen\"}]},{\"@type\":\"WebSite\",\"@id\":\"https:\/\/www.funasskilodge.com\/#website\",\"url\":\"https:\/\/www.funasskilodge.com\/\",\"name\":\"Fun\u00e4s Ski Lodge\",\"description\":\"Uppt\u00e4ck skidparadiset p\u00e5 Fun\u00e4s Ski Lodge \u2013 ditt perfekta boende i Fun\u00e4sdalen i hj\u00e4rtat av Fun\u00e4sfj\u00e4llen.\",\"publisher\":{\"@id\":\"https:\/\/www.funasskilodge.com\/#organization\"},\"potentialAction\":[{\"@type\":\"SearchAction\",\"target\":{\"@type\":\"EntryPoint\",\"urlTemplate\":\"https:\/\/www.funasskilodge.com\/?s={search_term_string}\"},\"query-input\":{\"@type\":\"PropertyValueSpecification\",\"valueRequired\":true,\"valueName\":\"search_term_string\"}}],\"inLanguage\":\"nb-NO\"},{\"@type\":\"Organization\",\"@id\":\"https:\/\/www.funasskilodge.com\/#organization\",\"name\":\"Fun\u00e4s Ski Lodge\",\"url\":\"https:\/\/www.funasskilodge.com\/\",\"logo\":{\"@type\":\"ImageObject\",\"inLanguage\":\"nb-NO\",\"@id\":\"https:\/\/www.funasskilodge.com\/#\/schema\/logo\/image\/\",\"url\":\"https:\/\/www.funasskilodge.com\/wp-content\/uploads\/2024\/06\/Lager_1.svg\",\"contentUrl\":\"https:\/\/www.funasskilodge.com\/wp-content\/uploads\/2024\/06\/Lager_1.svg\",\"width\":130,\"height\":61,\"caption\":\"Fun\u00e4s Ski Lodge\"},\"image\":{\"@id\":\"https:\/\/www.funasskilodge.com\/#\/schema\/logo\/image\/\"},\"sameAs\":[\"https:\/\/www.facebook.com\/funasskilodge\",\"https:\/\/www.instagram.com\/funasskilodge\/\"]}]}<\/script>\n<!-- \/ Yoast SEO plugin. -->","yoast_head_json":{"title":"Under ditt opphold i Fun\u00e4sdalen - Fun\u00e4s Ski Lodge - Overnatting i Fun\u00e4sdalen i sentrum av Fun\u00e4sfj\u00e4llen","description":"Under ditt opphold i Fun\u00e4sdalen - Les mer om v\u00e5re enkle retningslinjer for \u00e5 sikre et hyggelig opphold for alle gjester p\u00e5 Fun\u00e4s Ski Lodge.","robots":{"index":"index","follow":"follow","max-snippet":"max-snippet:-1","max-image-preview":"max-image-preview:large","max-video-preview":"max-video-preview:-1"},"canonical":"https:\/\/www.funasskilodge.com\/no\/under-oppholdet-i-funasdalen\/","og_locale":"nb_NO","og_type":"article","og_title":"Under vistelsen i Fun\u00e4sdalen - Fun\u00e4s Ski Lodge - Boende i Fun\u00e4sdalen mitt i Fun\u00e4sfj\u00e4llen","og_description":"Under vistelsen i Fun\u00e4sdalen - L\u00e4s mer om v\u00e5ra enkla riktlinjer f\u00f6r att s\u00e4kerst\u00e4lla en trevlig vistelse f\u00f6r alla g\u00e4ster hos Fun\u00e4s Ski Lodge.","og_url":"https:\/\/www.funasskilodge.com\/no\/under-oppholdet-i-funasdalen\/","og_site_name":"Fun\u00e4s Ski Lodge - Boende i Fun\u00e4sdalen mitt i Fun\u00e4sfj\u00e4llen","article_publisher":"https:\/\/www.facebook.com\/funasskilodge","article_modified_time":"2024-08-27T11:08:10+00:00","twitter_card":"summary_large_image","schema":{"@context":"https:\/\/schema.org","@graph":[{"@type":"WebPage","@id":"https:\/\/www.funasskilodge.com\/under-vistelsen-i-funasdalen\/","url":"https:\/\/www.funasskilodge.com\/under-vistelsen-i-funasdalen\/","name":"Under ditt opphold i Fun\u00e4sdalen - Fun\u00e4s Ski Lodge - Overnatting i Fun\u00e4sdalen i sentrum av Fun\u00e4sfj\u00e4llen","isPartOf":{"@id":"https:\/\/www.funasskilodge.com\/#website"},"datePublished":"2024-07-04T08:48:32+00:00","dateModified":"2024-08-27T11:08:10+00:00","description":"Under ditt opphold i Fun\u00e4sdalen - Les mer om v\u00e5re enkle retningslinjer for \u00e5 sikre et hyggelig opphold for alle gjester p\u00e5 Fun\u00e4s Ski Lodge.","breadcrumb":{"@id":"https:\/\/www.funasskilodge.com\/under-vistelsen-i-funasdalen\/#breadcrumb"},"inLanguage":"nb-NO","potentialAction":[{"@type":"ReadAction","target":["https:\/\/www.funasskilodge.com\/under-vistelsen-i-funasdalen\/"]}]},{"@type":"BreadcrumbList","@id":"https:\/\/www.funasskilodge.com\/under-vistelsen-i-funasdalen\/#breadcrumb","itemListElement":[{"@type":"ListItem","position":1,"name":"Home","item":"https:\/\/www.funasskilodge.com\/"},{"@type":"ListItem","position":2,"name":"Under vistelsen"}]},{"@type":"WebSite","@id":"https:\/\/www.funasskilodge.com\/#website","url":"https:\/\/www.funasskilodge.com\/","name":"Fun\u00e4s Ski Lodge","description":"Oppdag skiparadiset p\u00e5 Fun\u00e4s Ski Lodge - ditt perfekte overnattingssted i Fun\u00e4sdalen i hjertet av Fun\u00e4sfj\u00e4llen.","publisher":{"@id":"https:\/\/www.funasskilodge.com\/#organization"},"potentialAction":[{"@type":"SearchAction","target":{"@type":"EntryPoint","urlTemplate":"https:\/\/www.funasskilodge.com\/?s={search_term_string}"},"query-input":{"@type":"PropertyValueSpecification","valueRequired":true,"valueName":"search_term_string"}}],"inLanguage":"nb-NO"},{"@type":"Organization","@id":"https:\/\/www.funasskilodge.com\/#organization","name":"Fun\u00e4s Ski Lodge","url":"https:\/\/www.funasskilodge.com\/","logo":{"@type":"ImageObject","inLanguage":"nb-NO","@id":"https:\/\/www.funasskilodge.com\/#\/schema\/logo\/image\/","url":"https:\/\/www.funasskilodge.com\/wp-content\/uploads\/2024\/06\/Lager_1.svg","contentUrl":"https:\/\/www.funasskilodge.com\/wp-content\/uploads\/2024\/06\/Lager_1.svg","width":130,"height":61,"caption":"Fun\u00e4s Ski Lodge"},"image":{"@id":"https:\/\/www.funasskilodge.com\/#\/schema\/logo\/image\/"},"sameAs":["https:\/\/www.facebook.com\/funasskilodge","https:\/\/www.instagram.com\/funasskilodge\/"]}]}},"_links":{"self":[{"href":"https:\/\/www.funasskilodge.com\/no\/wp-json\/wp\/v2\/pages\/532","targetHints":{"allow":["GET"]}}],"collection":[{"href":"https:\/\/www.funasskilodge.com\/no\/wp-json\/wp\/v2\/pages"}],"about":[{"href":"https:\/\/www.funasskilodge.com\/no\/wp-json\/wp\/v2\/types\/page"}],"author":[{"embeddable":true,"href":"https:\/\/www.funasskilodge.com\/no\/wp-json\/wp\/v2\/users\/4"}],"replies":[{"embeddable":true,"href":"https:\/\/www.funasskilodge.com\/no\/wp-json\/wp\/v2\/comments?post=532"}],"version-history":[{"count":3,"href":"https:\/\/www.funasskilodge.com\/no\/wp-json\/wp\/v2\/pages\/532\/revisions"}],"predecessor-version":[{"id":1785,"href":"https:\/\/www.funasskilodge.com\/no\/wp-json\/wp\/v2\/pages\/532\/revisions\/1785"}],"wp:attachment":[{"href":"https:\/\/www.funasskilodge.com\/no\/wp-json\/wp\/v2\/media?parent=532"}],"curies":[{"name":"wp","href":"https:\/\/api.w.org\/{rel}","templated":true}]}}