{"id":491,"date":"2024-07-04T08:13:46","date_gmt":"2024-07-04T08:13:46","guid":{"rendered":"http:\/\/www.funasskilodge.com\/?page_id=491"},"modified":"2024-10-15T12:31:53","modified_gmt":"2024-10-15T12:31:53","slug":"fjellpass","status":"publish","type":"page","link":"https:\/\/www.funasskilodge.com\/no\/fjellpass\/","title":{"rendered":"Heiskort"},"content":{"rendered":"<section class=\"relative w-full max-h-[800px] tablet:h-[50dvh] h-[80dvh] min-h-[25rem] pt-8 mobile:pt-7 mobile:min-h-0 flex mobile:items-center tablet:items-end\">\n\t\t<div class=\"absolute top-0 left-0 w-full h-full max-h-[800px] mobile:h-[50dvh]\">\n\t\t\t\t\t<img decoding=\"async\" class=\"object-cover object-center w-full h-full mobile:object-bottom\" src=\"https:\/\/www.funasskilodge.com\/wp-content\/uploads\/2024\/07\/karta-fr-funasfjallen-se-1800.jpg\" alt=\"\">\n\t\t\t<\/div>\n\t<div class=\"relative z-30 flex flex-col items-center bottom-[150px] text-center justify-end w-full max-h-[800px] h-[40dvh] min-h-[25rem] pt-8 mobile:min-h-0 tablet:h-[50dvh] tablet:min-h-0 gap-6 px-8 pb-6 m-auto text-white tablet:justify-center mobile:pt-7 outer-contain tablet:px-4\">\n\t\t\t<\/div>\n\t\t<div class=\"absolute w-full h-full pb-7 bottom-0 z-[21] max-h-[100px] bg-gradient-to-t to-transparent from-white\">\n\n\t<\/div>\n<\/section>\n\n\n<section class=\"w-full bg-white pt-5 pb-5\">\n\t<div class=\"flex flex-col items-center justify-start w-full gap-8 m-auto outer-contain desktop-sm:px-4\">\n\t\t<div class=\"flex flex-col items-center justify-start w-full gap-7\">\n\n\t\t\t<div class=\"flex flex-col items-center justify-start gap-6 max-w-[940px] text-center\">\n\t\t\t\t<h2 class=\"text-black\">Fjellpass - heiskort for 6 skiomr\u00e5der<\/h2>\n\t\t\t\t<p class=\"-large text-trueBlack\">Fjellpasset er det skipasset i Sverige som tilbyr flest nedfarter, her har du 135 nedfarter, 34 heiser, kveldsskikj\u00f8ring og gratis skibuss. Fjellpassets store rekkevidde gj\u00f8r at du har mange systemer og nedfarter \u00e5 utforske.<\/p>\n\t\t\t<\/div>\n\t\t<\/div>\n\t<\/div>\n<\/section>\n\n<section class=\"w-full pt-5 pb-5 bg-white\">\n\t<div class=\"flex items-center justify-center w-full gap-3 m-auto inner-contain tablet:px-4 tablet:flex-col\">\n\t\t\n\t\t\t\t\t\t\t\t\t<a class=\"btn-primary\" href=\"https:\/\/funaesberget.axess.shop\/sv\/Products\/Tickets\/\" target=\"_blank\">\n\t\t\t\t\t\tKj\u00f8p fjellpass (heiskort) her &gt;\t\t\t\t\t<\/a>\n\t\t\t\t\t\t\t\t\t\n\n\t<\/div>\n<\/section>\n\n\n<div class=\"flex items-start w-full pt-5 pb-5 bg-white\">\n\t\t\t<div class=\"w-full m-auto wysiwyg-style desktop-sm:px-4 text-contain\">\n\t\t\t<h4>Heiskort til seks skiomr\u00e5der i Fun\u00e4sfj\u00e4llen<\/h4>\n<p>Velg mellom <a href=\"http:\/\/www.funasskilodge.com\/no\/funas-dalen\/\">Fun\u00e4sdaldalsberget<\/a>, <a href=\"http:\/\/www.funasskilodge.com\/no\/ramund-mountain\/\">Ramundberget<\/a>, <a href=\"http:\/\/www.funasskilodge.com\/no\/tanndalen\/\">T\u00e4nndalen<\/a>, T\u00e4nndalsvallen, <a href=\"http:\/\/www.funasskilodge.com\/no\/tannaskroket\/\">T\u00e4nn\u00e4skr\u00f6ket<\/a> og <a href=\"http:\/\/www.funasskilodge.com\/no\/kappruet\/\">Kappruet<\/a>.<\/p>\n<p>Fun\u00e4sfj\u00e4llen skipass, som vi kaller Fj\u00e4llpasset, omfatter seks skiomr\u00e5der - Fun\u00e4sdalsberget, T\u00e4nndalen, T\u00e4nndalsvallen, Ramundberget, Kappruet og T\u00e4nn\u00e4skr\u00f6ket.<\/p>\n<h4>Hva er inkludert i fjellpasset?<\/h4>\n<p>Fj\u00e4llpasset er det skipasset i Sverige som tilbyr flest nedfarter, med over 145 nedfarter, 34 heiser, kveldsskikj\u00f8ring og gratis skibuss. Fj\u00e4llpassets store rekkevidde gj\u00f8r at du har mange systemer og nedfarter \u00e5 utforske.<\/p>\n<p>Varm opp i slake gr\u00f8nne bakker p\u00e5 s\u00f8rsiden av fjellet, kj\u00f8r offpist fra topphytta, og avslutt med \u00e5 la adrenalinet pumpe i en svart bakke.<\/p>\n<p>Med Fj\u00e4llpasset f\u00e5r du muligheten til \u00e5 bruke hele Fun\u00e4sfj\u00e4llen, og hvis du ikke vil ta med deg skiene til de andre systemene, kan du alltids ta skibussen, g\u00e5 p\u00e5 kveldsski - det er gratis for deg med Fj\u00e4llpasset.<\/p>\n<p>Med Fj\u00e4llpass Kombi f\u00e5r du ogs\u00e5 tilgang til 300 kilometer med langrennsl\u00f8yper og kan benytte deg av hele Nordic Ski Centers langrennstilbud.<\/p>\n<p>Et godt tips er \u00e5 kj\u00f8pe eller laste opp Fj\u00e4llpasset p\u00e5 nettet, slik at du unng\u00e5r k\u00f8 og f\u00e5r mer tid i bakken. Ellers kan du kj\u00f8pe det p\u00e5 mange steder rundt om i Fun\u00e4sfj\u00e4llen, ikke minst i skiutleien.<\/p>\n\t\t<\/div>\n\t<\/div>\n\n<section class=\"w-full pt-0 pb-5 bg-white\">\n\t<div class=\"flex items-center justify-center w-full gap-3 m-auto inner-contain tablet:px-4 tablet:flex-col\">\n\t\t\n\t\t\t\t\t\t\t\t\t<a class=\"btn-primary\" href=\"http:\/\/www.funasskilodge.com\/no\/overnatting\/\" target=\"\">\n\t\t\t\t\t\tLes mer om v\u00e5re overnattingssteder i Fun\u00e4sfj\u00e4llen &gt;\t\t\t\t\t<\/a>\n\t\t\t\t\t\t\t\t\t\n\n\t<\/div>\n<\/section>\n\n\n<section class=\"w-full bg-white pt-5 pb-7\">\n\t<div class=\"w-full m-auto outer-contain\">\n\n\t\t<div class=\"grid w-full grid-cols-3 gap-5 tablet:grid-cols-1 tablet:max-w-[40rem] mobile:max-w-none tablet:m-auto desktop-sm:px-4 place-items-start\">\n\t\t\t\n\t\t\t\t\t<div class=\"flex flex-col justify-start w-full gap-5\">\n\t\t\t\t\t\t\t\t\t\t\t\t\t<a href=\"http:\/\/www.funasskilodge.com\/no\/funasfjellene\/\" target=\"\">\n\t\t\t\t\t\t\t\t<img decoding=\"async\" class=\"rounded-[20px] w-full h-[320px] desktop-sm:h-[380px] mobile:h-[280px] object-cover\" src=\"https:\/\/www.funasskilodge.com\/wp-content\/uploads\/2024\/07\/funasberget-ejansson-webb-07805.jpg\" alt=\"\">\n\t\t\t\t\t\t\t<\/a>\n\t\t\t\t\t\t\t\t\t\t\t\t<div class=\"flex flex-col items-start justify-start gap-3 px-5\">\n\t\t\t\t\t\t\t<h4>Fun\u00e4sfj\u00e4llen<\/h4>\n\t\t\t\t\t\t\t<p>Fun\u00e4sfj\u00e4llen er et av Sveriges mest sn\u00f8sikre omr\u00e5der. Skikj\u00f8ring i natursn\u00f8 gir en helt spesiell skiopplevelse, b\u00e5de i og utenfor l\u00f8ypene. Er du ute etter ekte alpin skikj\u00f8ring med de beste...<\/p>\n\t\t\t\t\t\t\t\t\t\t\t\t\t\t\t<a href=\"http:\/\/www.funasskilodge.com\/no\/funasfjellene\/\" target=\"\" class=\"transition-colors duration-150 ease-in-out hover:text-black\">Les mer om Fun\u00e4sfj\u00e4llen &gt; Fun\u00e4sfj\u00e4llen<\/a>\n\t\t\t\t\t\t\t\t\t\t\t\t\t<\/div>\n\t\t\t\t\t<\/div>\n\t\t\t\t\n\t\t\t\t\t<div class=\"flex flex-col justify-start w-full gap-5\">\n\t\t\t\t\t\t\t\t\t\t\t\t\t<a href=\"http:\/\/www.funasskilodge.com\/no\/skibusser\/\" target=\"\">\n\t\t\t\t\t\t\t\t<img decoding=\"async\" class=\"rounded-[20px] w-full h-[320px] desktop-sm:h-[380px] mobile:h-[280px] object-cover\" src=\"https:\/\/www.funasskilodge.com\/wp-content\/uploads\/2024\/08\/ejansson-webb-08084-1024x682-1.jpg\" alt=\"\">\n\t\t\t\t\t\t\t<\/a>\n\t\t\t\t\t\t\t\t\t\t\t\t<div class=\"flex flex-col items-start justify-start gap-3 px-5\">\n\t\t\t\t\t\t\t<h4>Skibuss<\/h4>\n\t\t\t\t\t\t\t<p>Skibussen forbinder de ulike skiomr\u00e5dene og overnattingsstedene i Fun\u00e4sfj\u00e4llen, noe som gj\u00f8r det enkelt \u00e5 bevege seg mellom de ulike bakkene og l\u00f8ypene uten behov for bil...<\/p>\n\t\t\t\t\t\t\t\t\t\t\t\t\t\t\t<a href=\"http:\/\/www.funasskilodge.com\/no\/skibusser\/\" target=\"\" class=\"transition-colors duration-150 ease-in-out hover:text-black\">Les mer om skibussen &gt; Skibussen<\/a>\n\t\t\t\t\t\t\t\t\t\t\t\t\t<\/div>\n\t\t\t\t\t<\/div>\n\t\t\t\t\n\t\t\t\t\t<div class=\"flex flex-col justify-start w-full gap-5\">\n\t\t\t\t\t\t\t\t\t\t\t\t\t<a href=\"http:\/\/www.funasskilodge.com\/no\/funas-dalen\/\" target=\"\">\n\t\t\t\t\t\t\t\t<img decoding=\"async\" class=\"rounded-[20px] w-full h-[320px] desktop-sm:h-[380px] mobile:h-[280px] object-cover\" src=\"https:\/\/www.funasskilodge.com\/wp-content\/uploads\/2024\/08\/orderid-5-scaled8.jpg\" alt=\"\">\n\t\t\t\t\t\t\t<\/a>\n\t\t\t\t\t\t\t\t\t\t\t\t<div class=\"flex flex-col items-start justify-start gap-3 px-5\">\n\t\t\t\t\t\t\t<h4>Fun\u00e4sdalen<\/h4>\n\t\t\t\t\t\t\t<p>Velkommen til Fun\u00e4sdalen! Fun\u00e4sdalen er et prisbel\u00f8nt skianlegg i H\u00e4rjedalen n\u00e6r grensen til Norge. Fun\u00e4sdalen er en ekte levende fjellandsby hvor du finner ekte restauranter, dagligvarebutikker og...<\/p>\n\t\t\t\t\t\t\t\t\t\t\t\t\t\t\t<a href=\"http:\/\/www.funasskilodge.com\/no\/funas-dalen\/\" target=\"\" class=\"transition-colors duration-150 ease-in-out hover:text-black\">Les mer om Fun\u00e4sdalen &gt;<\/a>\n\t\t\t\t\t\t\t\t\t\t\t\t\t<\/div>\n\t\t\t\t\t<\/div>\n\t\t\t\t\t\t\t\t\t<\/div>\n\t<\/div>\n<\/section>","protected":false},"excerpt":{"rendered":"","protected":false},"author":4,"featured_media":1075,"parent":0,"menu_order":0,"comment_status":"closed","ping_status":"closed","template":"","meta":{"_acf_changed":false,"footnotes":""},"class_list":["post-491","page","type-page","status-publish","has-post-thumbnail","hentry"],"acf":[],"yoast_head":"<!-- This site is optimized with the Yoast SEO plugin v26.8 - https:\/\/yoast.com\/product\/yoast-seo-wordpress\/ -->\n<title>Fj\u00e4llpass - Fun\u00e4s Ski Lodge - Boende i Fun\u00e4sdalen mitt i Fun\u00e4sfj\u00e4llen<\/title>\n<meta name=\"description\" content=\"Fj\u00e4llpass: Uppt\u00e4ck Fj\u00e4llpasset i Fun\u00e4sfj\u00e4llen \u2013 din biljett till fantastiska skidupplevelser. Ett liftkort f\u00f6r sex skidomr\u00e5den.\" \/>\n<meta name=\"robots\" content=\"index, follow, max-snippet:-1, max-image-preview:large, max-video-preview:-1\" \/>\n<link rel=\"canonical\" href=\"https:\/\/www.funasskilodge.com\/no\/fjellpass\/\" \/>\n<meta property=\"og:locale\" content=\"nb_NO\" \/>\n<meta property=\"og:type\" content=\"article\" \/>\n<meta property=\"og:title\" content=\"Fj\u00e4llpass - Fun\u00e4s Ski Lodge - Boende i Fun\u00e4sdalen mitt i Fun\u00e4sfj\u00e4llen\" \/>\n<meta property=\"og:description\" content=\"Fj\u00e4llpass: Uppt\u00e4ck Fj\u00e4llpasset i Fun\u00e4sfj\u00e4llen \u2013 din biljett till fantastiska skidupplevelser. Ett liftkort f\u00f6r sex skidomr\u00e5den.\" \/>\n<meta property=\"og:url\" content=\"https:\/\/www.funasskilodge.com\/no\/fjellpass\/\" \/>\n<meta property=\"og:site_name\" content=\"Fun\u00e4s Ski Lodge - Boende i Fun\u00e4sdalen mitt i Fun\u00e4sfj\u00e4llen\" \/>\n<meta property=\"article:publisher\" content=\"https:\/\/www.facebook.com\/funasskilodge\" \/>\n<meta property=\"article:modified_time\" content=\"2024-10-15T12:31:53+00:00\" \/>\n<meta property=\"og:image\" content=\"https:\/\/www.funasskilodge.com\/wp-content\/uploads\/2024\/08\/orderid-5-scaled4.jpg\" \/>\n\t<meta property=\"og:image:width\" content=\"2560\" \/>\n\t<meta property=\"og:image:height\" content=\"1705\" \/>\n\t<meta property=\"og:image:type\" content=\"image\/jpeg\" \/>\n<meta name=\"twitter:card\" content=\"summary_large_image\" \/>\n<meta name=\"twitter:label1\" content=\"Ansl. lesetid\" \/>\n\t<meta name=\"twitter:data1\" content=\"1 minutt\" \/>\n<script type=\"application\/ld+json\" class=\"yoast-schema-graph\">{\"@context\":\"https:\/\/schema.org\",\"@graph\":[{\"@type\":\"WebPage\",\"@id\":\"https:\/\/www.funasskilodge.com\/fjallpass\/\",\"url\":\"https:\/\/www.funasskilodge.com\/fjallpass\/\",\"name\":\"Fj\u00e4llpass - Fun\u00e4s Ski Lodge - Boende i Fun\u00e4sdalen mitt i Fun\u00e4sfj\u00e4llen\",\"isPartOf\":{\"@id\":\"https:\/\/www.funasskilodge.com\/#website\"},\"primaryImageOfPage\":{\"@id\":\"https:\/\/www.funasskilodge.com\/fjallpass\/#primaryimage\"},\"image\":{\"@id\":\"https:\/\/www.funasskilodge.com\/fjallpass\/#primaryimage\"},\"thumbnailUrl\":\"https:\/\/www.funasskilodge.com\/wp-content\/uploads\/2024\/08\/orderid-5-scaled4.jpg\",\"datePublished\":\"2024-07-04T08:13:46+00:00\",\"dateModified\":\"2024-10-15T12:31:53+00:00\",\"description\":\"Fj\u00e4llpass: Uppt\u00e4ck Fj\u00e4llpasset i Fun\u00e4sfj\u00e4llen \u2013 din biljett till fantastiska skidupplevelser. Ett liftkort f\u00f6r sex skidomr\u00e5den.\",\"breadcrumb\":{\"@id\":\"https:\/\/www.funasskilodge.com\/fjallpass\/#breadcrumb\"},\"inLanguage\":\"nb-NO\",\"potentialAction\":[{\"@type\":\"ReadAction\",\"target\":[\"https:\/\/www.funasskilodge.com\/fjallpass\/\"]}]},{\"@type\":\"ImageObject\",\"inLanguage\":\"nb-NO\",\"@id\":\"https:\/\/www.funasskilodge.com\/fjallpass\/#primaryimage\",\"url\":\"https:\/\/www.funasskilodge.com\/wp-content\/uploads\/2024\/08\/orderid-5-scaled4.jpg\",\"contentUrl\":\"https:\/\/www.funasskilodge.com\/wp-content\/uploads\/2024\/08\/orderid-5-scaled4.jpg\",\"width\":2560,\"height\":1705,\"caption\":\"Gondolen som transporterar \u00e5kare upp p\u00e5 Fun\u00e4sdalsberget, med Fun\u00e4s Ski Lodge i n\u00e4rheten och fj\u00e4llens majest\u00e4tiska landskap i bakgrunden.\"},{\"@type\":\"BreadcrumbList\",\"@id\":\"https:\/\/www.funasskilodge.com\/fjallpass\/#breadcrumb\",\"itemListElement\":[{\"@type\":\"ListItem\",\"position\":1,\"name\":\"Home\",\"item\":\"https:\/\/www.funasskilodge.com\/\"},{\"@type\":\"ListItem\",\"position\":2,\"name\":\"Fj\u00e4llpass\"}]},{\"@type\":\"WebSite\",\"@id\":\"https:\/\/www.funasskilodge.com\/#website\",\"url\":\"https:\/\/www.funasskilodge.com\/\",\"name\":\"Fun\u00e4s Ski Lodge\",\"description\":\"Uppt\u00e4ck skidparadiset p\u00e5 Fun\u00e4s Ski Lodge \u2013 ditt perfekta boende i Fun\u00e4sdalen i hj\u00e4rtat av Fun\u00e4sfj\u00e4llen.\",\"publisher\":{\"@id\":\"https:\/\/www.funasskilodge.com\/#organization\"},\"potentialAction\":[{\"@type\":\"SearchAction\",\"target\":{\"@type\":\"EntryPoint\",\"urlTemplate\":\"https:\/\/www.funasskilodge.com\/?s={search_term_string}\"},\"query-input\":{\"@type\":\"PropertyValueSpecification\",\"valueRequired\":true,\"valueName\":\"search_term_string\"}}],\"inLanguage\":\"nb-NO\"},{\"@type\":\"Organization\",\"@id\":\"https:\/\/www.funasskilodge.com\/#organization\",\"name\":\"Fun\u00e4s Ski Lodge\",\"url\":\"https:\/\/www.funasskilodge.com\/\",\"logo\":{\"@type\":\"ImageObject\",\"inLanguage\":\"nb-NO\",\"@id\":\"https:\/\/www.funasskilodge.com\/#\/schema\/logo\/image\/\",\"url\":\"https:\/\/www.funasskilodge.com\/wp-content\/uploads\/2024\/06\/Lager_1.svg\",\"contentUrl\":\"https:\/\/www.funasskilodge.com\/wp-content\/uploads\/2024\/06\/Lager_1.svg\",\"width\":130,\"height\":61,\"caption\":\"Fun\u00e4s Ski Lodge\"},\"image\":{\"@id\":\"https:\/\/www.funasskilodge.com\/#\/schema\/logo\/image\/\"},\"sameAs\":[\"https:\/\/www.facebook.com\/funasskilodge\",\"https:\/\/www.instagram.com\/funasskilodge\/\"]}]}<\/script>\n<!-- \/ Yoast SEO plugin. -->","yoast_head_json":{"title":"Fjellpass - Fun\u00e4s Ski Lodge - Overnatting i Fun\u00e4sdalen i sentrum av Fun\u00e4sfj\u00e4llen","description":"Fjellpass: Oppdag fjellpasset i Fun\u00e4sfj\u00e4llen - din billett til fantastiske skiopplevelser. Ett heiskort for seks skiomr\u00e5der.","robots":{"index":"index","follow":"follow","max-snippet":"max-snippet:-1","max-image-preview":"max-image-preview:large","max-video-preview":"max-video-preview:-1"},"canonical":"https:\/\/www.funasskilodge.com\/no\/fjellpass\/","og_locale":"nb_NO","og_type":"article","og_title":"Fj\u00e4llpass - Fun\u00e4s Ski Lodge - Boende i Fun\u00e4sdalen mitt i Fun\u00e4sfj\u00e4llen","og_description":"Fj\u00e4llpass: Uppt\u00e4ck Fj\u00e4llpasset i Fun\u00e4sfj\u00e4llen \u2013 din biljett till fantastiska skidupplevelser. Ett liftkort f\u00f6r sex skidomr\u00e5den.","og_url":"https:\/\/www.funasskilodge.com\/no\/fjellpass\/","og_site_name":"Fun\u00e4s Ski Lodge - Boende i Fun\u00e4sdalen mitt i Fun\u00e4sfj\u00e4llen","article_publisher":"https:\/\/www.facebook.com\/funasskilodge","article_modified_time":"2024-10-15T12:31:53+00:00","og_image":[{"width":2560,"height":1705,"url":"https:\/\/www.funasskilodge.com\/wp-content\/uploads\/2024\/08\/orderid-5-scaled4.jpg","type":"image\/jpeg"}],"twitter_card":"summary_large_image","twitter_misc":{"Ansl. lesetid":"1 minutt"},"schema":{"@context":"https:\/\/schema.org","@graph":[{"@type":"WebPage","@id":"https:\/\/www.funasskilodge.com\/fjallpass\/","url":"https:\/\/www.funasskilodge.com\/fjallpass\/","name":"Fjellpass - Fun\u00e4s Ski Lodge - Overnatting i Fun\u00e4sdalen i sentrum av Fun\u00e4sfj\u00e4llen","isPartOf":{"@id":"https:\/\/www.funasskilodge.com\/#website"},"primaryImageOfPage":{"@id":"https:\/\/www.funasskilodge.com\/fjallpass\/#primaryimage"},"image":{"@id":"https:\/\/www.funasskilodge.com\/fjallpass\/#primaryimage"},"thumbnailUrl":"https:\/\/www.funasskilodge.com\/wp-content\/uploads\/2024\/08\/orderid-5-scaled4.jpg","datePublished":"2024-07-04T08:13:46+00:00","dateModified":"2024-10-15T12:31:53+00:00","description":"Fjellpass: Oppdag fjellpasset i Fun\u00e4sfj\u00e4llen - din billett til fantastiske skiopplevelser. Ett heiskort for seks skiomr\u00e5der.","breadcrumb":{"@id":"https:\/\/www.funasskilodge.com\/fjallpass\/#breadcrumb"},"inLanguage":"nb-NO","potentialAction":[{"@type":"ReadAction","target":["https:\/\/www.funasskilodge.com\/fjallpass\/"]}]},{"@type":"ImageObject","inLanguage":"nb-NO","@id":"https:\/\/www.funasskilodge.com\/fjallpass\/#primaryimage","url":"https:\/\/www.funasskilodge.com\/wp-content\/uploads\/2024\/08\/orderid-5-scaled4.jpg","contentUrl":"https:\/\/www.funasskilodge.com\/wp-content\/uploads\/2024\/08\/orderid-5-scaled4.jpg","width":2560,"height":1705,"caption":"Gondolen som transporterar \u00e5kare upp p\u00e5 Fun\u00e4sdalsberget, med Fun\u00e4s Ski Lodge i n\u00e4rheten och fj\u00e4llens majest\u00e4tiska landskap i bakgrunden."},{"@type":"BreadcrumbList","@id":"https:\/\/www.funasskilodge.com\/fjallpass\/#breadcrumb","itemListElement":[{"@type":"ListItem","position":1,"name":"Home","item":"https:\/\/www.funasskilodge.com\/"},{"@type":"ListItem","position":2,"name":"Fj\u00e4llpass"}]},{"@type":"WebSite","@id":"https:\/\/www.funasskilodge.com\/#website","url":"https:\/\/www.funasskilodge.com\/","name":"Fun\u00e4s Ski Lodge","description":"Oppdag skiparadiset p\u00e5 Fun\u00e4s Ski Lodge - ditt perfekte overnattingssted i Fun\u00e4sdalen i hjertet av Fun\u00e4sfj\u00e4llen.","publisher":{"@id":"https:\/\/www.funasskilodge.com\/#organization"},"potentialAction":[{"@type":"SearchAction","target":{"@type":"EntryPoint","urlTemplate":"https:\/\/www.funasskilodge.com\/?s={search_term_string}"},"query-input":{"@type":"PropertyValueSpecification","valueRequired":true,"valueName":"search_term_string"}}],"inLanguage":"nb-NO"},{"@type":"Organization","@id":"https:\/\/www.funasskilodge.com\/#organization","name":"Fun\u00e4s Ski Lodge","url":"https:\/\/www.funasskilodge.com\/","logo":{"@type":"ImageObject","inLanguage":"nb-NO","@id":"https:\/\/www.funasskilodge.com\/#\/schema\/logo\/image\/","url":"https:\/\/www.funasskilodge.com\/wp-content\/uploads\/2024\/06\/Lager_1.svg","contentUrl":"https:\/\/www.funasskilodge.com\/wp-content\/uploads\/2024\/06\/Lager_1.svg","width":130,"height":61,"caption":"Fun\u00e4s Ski Lodge"},"image":{"@id":"https:\/\/www.funasskilodge.com\/#\/schema\/logo\/image\/"},"sameAs":["https:\/\/www.facebook.com\/funasskilodge","https:\/\/www.instagram.com\/funasskilodge\/"]}]}},"_links":{"self":[{"href":"https:\/\/www.funasskilodge.com\/no\/wp-json\/wp\/v2\/pages\/491","targetHints":{"allow":["GET"]}}],"collection":[{"href":"https:\/\/www.funasskilodge.com\/no\/wp-json\/wp\/v2\/pages"}],"about":[{"href":"https:\/\/www.funasskilodge.com\/no\/wp-json\/wp\/v2\/types\/page"}],"author":[{"embeddable":true,"href":"https:\/\/www.funasskilodge.com\/no\/wp-json\/wp\/v2\/users\/4"}],"replies":[{"embeddable":true,"href":"https:\/\/www.funasskilodge.com\/no\/wp-json\/wp\/v2\/comments?post=491"}],"version-history":[{"count":3,"href":"https:\/\/www.funasskilodge.com\/no\/wp-json\/wp\/v2\/pages\/491\/revisions"}],"predecessor-version":[{"id":2053,"href":"https:\/\/www.funasskilodge.com\/no\/wp-json\/wp\/v2\/pages\/491\/revisions\/2053"}],"wp:featuredmedia":[{"embeddable":true,"href":"https:\/\/www.funasskilodge.com\/no\/wp-json\/wp\/v2\/media\/1075"}],"wp:attachment":[{"href":"https:\/\/www.funasskilodge.com\/no\/wp-json\/wp\/v2\/media?parent=491"}],"curies":[{"name":"wp","href":"https:\/\/api.w.org\/{rel}","templated":true}]}}