{"id":273,"date":"2024-07-02T06:56:21","date_gmt":"2024-07-02T06:56:21","guid":{"rendered":"http:\/\/www.funasskilodge.com\/?page_id=273"},"modified":"2024-10-14T12:27:53","modified_gmt":"2024-10-14T12:27:53","slug":"skismoring","status":"publish","type":"page","link":"https:\/\/www.funasskilodge.com\/no\/skismoring\/","title":{"rendered":"Ski"},"content":{"rendered":"<section class=\"relative w-full max-h-[800px] tablet:h-[50dvh] h-[80dvh] min-h-[25rem] pt-8 mobile:pt-7 mobile:min-h-0 flex mobile:items-center tablet:items-end\">\n\t\t<div class=\"absolute top-0 left-0 w-full h-full max-h-[800px] mobile:h-[50dvh]\">\n\t\t\t\t\t<img decoding=\"async\" class=\"object-cover object-center w-full h-full mobile:object-bottom\" src=\"https:\/\/www.funasskilodge.com\/wp-content\/uploads\/2024\/07\/funasberget-ejansson-webb-06562.jpg\" alt=\"\">\n\t\t\t<\/div>\n\t<div class=\"relative z-30 flex flex-col items-center bottom-[150px] text-center justify-end w-full max-h-[800px] h-[40dvh] min-h-[25rem] pt-8 mobile:min-h-0 tablet:h-[50dvh] tablet:min-h-0 gap-6 px-8 pb-6 m-auto text-white tablet:justify-center mobile:pt-7 outer-contain tablet:px-4\">\n\t\t\t<\/div>\n\t\t<div class=\"absolute w-full h-full pb-7 bottom-0 z-[21] max-h-[100px] bg-gradient-to-t to-transparent from-white\">\n\n\t<\/div>\n<\/section>\n\n\n<section class=\"w-full bg-white pt-5 pb-5\">\n\t<div class=\"flex flex-col items-center justify-start w-full gap-8 m-auto outer-contain desktop-sm:px-4\">\n\t\t<div class=\"flex flex-col items-center justify-start w-full gap-7\">\n\n\t\t\t<div class=\"flex flex-col items-center justify-start gap-6 max-w-[940px] text-center\">\n\t\t\t\t<h2 class=\"text-black\">Velkommen til toppen av Fun\u00e4sberget!<\/h2>\n\t\t\t\t<p class=\"-large text-trueBlack\">Fun\u00e4s Ski Lodge har ski-in\/ski-out-beliggenhet med R\u00f6stbergsliften p\u00e5 Fun\u00e4sberget som n\u00e6rmeste nabo. Fun\u00e4sberget er det h\u00f8yeste fjellet i ett av seks skiomr\u00e5der i Fun\u00e4sfj\u00e4llen. Omr\u00e5dene er blant de mest sn\u00f8sikre i Sverige. Det sn\u00f8r ca. fem meter i l\u00f8pet av en normalsesong.<\/p>\n\t\t\t<\/div>\n\t\t<\/div>\n\t<\/div>\n<\/section>\n\n<section class=\"w-full pt-5 pb-5 bg-white\">\n\t<div class=\"flex items-center justify-center w-full gap-3 m-auto inner-contain tablet:px-4 tablet:flex-col\">\n\t\t\n\t\t\t\t\t\t\t\t\t<a class=\"btn-primary\" href=\"https:\/\/www.snorapporten.se\/anlaggningar\/visa\/73\/fun\u00e4sdalsberget\" target=\"_blank\">\n\t\t\t\t\t\tSn\u00f8rapporten &gt;\t\t\t\t\t<\/a>\n\t\t\t\t\t\t\t\n\t\t\t\t\t\t\t\t\t<a class=\"btn-primary\" href=\"http:\/\/www.funasskilodge.com\/no\/skibusser\/\" target=\"\">\n\t\t\t\t\t\tSkibuss &gt;\t\t\t\t\t<\/a>\n\t\t\t\t\t\t\t\n\t\t\t\t\t\t\t\t\t<a class=\"btn-primary\" href=\"http:\/\/www.funasskilodge.com\/no\/skiutleie\/\" target=\"\">\n\t\t\t\t\t\tLeie av ski &gt;\t\t\t\t\t<\/a>\n\t\t\t\t\t\t\t\t\t\n\n\t<\/div>\n<\/section>\n\n\n<div class=\"flex items-start w-full pt-5 pb-5 bg-white\">\n\t\t\t<div class=\"w-full m-auto wysiwyg-style desktop-sm:px-4 text-contain\">\n\t\t\t<h4>Fun\u00e4sberget: Et vinterparadis for alle<\/h4>\n<p>Tilgangen p\u00e5 sn\u00f8 kombinert med brede, velpreparerte l\u00f8yper med varierende stigninger har gjort Fun\u00e4sberget til et popul\u00e6rt <a href=\"http:\/\/www.funasskilodge.com\/no\/racing-og-treningsgrupper\/\">trenings- og konkurranseomr\u00e5de<\/a> for b\u00e5de nasjonale og internasjonale alpinlag.<\/p>\n<p>Fjellet byr ogs\u00e5 p\u00e5 uovertruffen offpist - den konstante nysn\u00f8en gir en helt spesiell f\u00f8lelse i <a href=\"http:\/\/www.funasskilodge.com\/no\/aktiviteter\/foresporsel\/\">skikj\u00f8ringen<\/a> - for de med sterke beinmuskler.<\/p>\n<p>I tillegg til actionfylte aktiviteter som f\u00e5r adrenalinet til \u00e5 pumpe, finnes det ogs\u00e5 over 300 km med velpreparerte <a href=\"https:\/\/www.funasskilodge.com\/no\/nordic-ski-center\/\">langrennsl\u00f8ype<\/a>. For deg som vil oppleve vakker natur, kan du selv p\u00e5virke intensiteten og ta herlige pauser p\u00e5 rasteplassene for \u00e5 f\u00e5 med deg hele opplevelsen. <a href=\"http:\/\/www.funasskilodge.com\/no\/aktiviteter\/langdakning\/\">Langrenn p\u00e5 ski<\/a> er et perfekt supplement til alpint, og for de som kun er ute etter langrenn, finnes det mange opplevelser \u00e5 utforske.<\/p>\n<p>For de som nettopp har startet skikarrieren, finnes det selvsagt gode barneomr\u00e5der og godt preparerte slakere bakker. Uansett niv\u00e5 finnes det alltid noe nytt \u00e5 l\u00e6re. Da kan vi anbefale <a href=\"http:\/\/www.funasskilodge.com\/no\/skiskole\/\">skiskole<\/a> for hele familien.<\/p>\n\t\t<\/div>\n\t<\/div>\n\n<section class=\"w-full pt-0 pb-5 bg-white\">\n\t<div class=\"flex items-center justify-center w-full gap-3 m-auto inner-contain tablet:px-4 tablet:flex-col\">\n\t\t\n\t\t\t\t\t\t\t\t\t<a class=\"btn-primary\" href=\"https:\/\/book.funasskilodge.com\/R?channelId=8a16445e-0920-4a01-8a80-995fe061befb&#038;initialPath=\/accommodation#\/accommodation\" target=\"_blank\">\n\t\t\t\t\t\tHer kan du bestille overnatting i Fun\u00e4sdalen &gt;\t\t\t\t\t<\/a>\n\t\t\t\t\t\t\t\t\t\n\n\t<\/div>\n<\/section>\n\n\n<section class=\"w-full bg-white pt-7 pb-0\">\n\t<div class=\"w-full m-auto outer-contain\">\n\n\t\t<div class=\"grid w-full grid-cols-3 gap-5 tablet:grid-cols-1 tablet:max-w-[40rem] mobile:max-w-none tablet:m-auto desktop-sm:px-4 place-items-start\">\n\t\t\t\n\t\t\t\t\t<div class=\"flex flex-col justify-start w-full gap-5\">\n\t\t\t\t\t\t\t\t\t\t\t\t\t<a href=\"http:\/\/www.funasskilodge.com\/no\/skiskole\/\" target=\"\">\n\t\t\t\t\t\t\t\t<img decoding=\"async\" class=\"rounded-[20px] w-full h-[320px] desktop-sm:h-[380px] mobile:h-[280px] object-cover\" src=\"https:\/\/www.funasskilodge.com\/wp-content\/uploads\/2024\/08\/orderid-5-scaled2.jpg\" alt=\"\">\n\t\t\t\t\t\t\t<\/a>\n\t\t\t\t\t\t\t\t\t\t\t\t<div class=\"flex flex-col items-start justify-start gap-3 px-5\">\n\t\t\t\t\t\t\t<h4>Skiskole<\/h4>\n\t\t\t\t\t\t\t<p>For mange barn er det en selvf\u00f8lge \u00e5 g\u00e5 p\u00e5 skiskole. Men ogs\u00e5 unge og voksne kan utvikle skikj\u00f8ringen til nye niv\u00e5er. Enten du er nybegynner eller en erfaren skil\u00f8per, har vi...<\/p>\n\t\t\t\t\t\t\t\t\t\t\t\t\t\t\t<a href=\"http:\/\/www.funasskilodge.com\/no\/skiskole\/\" target=\"\" class=\"transition-colors duration-150 ease-in-out hover:text-black\">Les mer om skiskolen &gt;<\/a>\n\t\t\t\t\t\t\t\t\t\t\t\t\t<\/div>\n\t\t\t\t\t<\/div>\n\t\t\t\t\n\t\t\t\t\t<div class=\"flex flex-col justify-start w-full gap-5\">\n\t\t\t\t\t\t\t\t\t\t\t\t\t<a href=\"http:\/\/www.funasskilodge.com\/no\/skibusser\/\" target=\"\">\n\t\t\t\t\t\t\t\t<img decoding=\"async\" class=\"rounded-[20px] w-full h-[320px] desktop-sm:h-[380px] mobile:h-[280px] object-cover\" src=\"https:\/\/www.funasskilodge.com\/wp-content\/uploads\/2024\/08\/ejansson-webb-08084-1024x682-1.jpg\" alt=\"\">\n\t\t\t\t\t\t\t<\/a>\n\t\t\t\t\t\t\t\t\t\t\t\t<div class=\"flex flex-col items-start justify-start gap-3 px-5\">\n\t\t\t\t\t\t\t<h4>Skibuss<\/h4>\n\t\t\t\t\t\t\t<p>Skibussen forbinder de ulike skiomr\u00e5dene og overnattingsstedene i Fun\u00e4sfj\u00e4llen, noe som gj\u00f8r det enkelt \u00e5 bevege seg mellom de ulike bakkene og l\u00f8ypene uten behov for bil...<\/p>\n\t\t\t\t\t\t\t\t\t\t\t\t\t\t\t<a href=\"http:\/\/www.funasskilodge.com\/no\/skibusser\/\" target=\"\" class=\"transition-colors duration-150 ease-in-out hover:text-black\">Les mer om skibussen &gt;<\/a>\n\t\t\t\t\t\t\t\t\t\t\t\t\t<\/div>\n\t\t\t\t\t<\/div>\n\t\t\t\t\n\t\t\t\t\t<div class=\"flex flex-col justify-start w-full gap-5\">\n\t\t\t\t\t\t\t\t\t\t\t\t\t<a href=\"http:\/\/www.funasskilodge.com\/no\/skiutleie\/\" target=\"\">\n\t\t\t\t\t\t\t\t<img decoding=\"async\" class=\"rounded-[20px] w-full h-[320px] desktop-sm:h-[380px] mobile:h-[280px] object-cover\" src=\"https:\/\/www.funasskilodge.com\/wp-content\/uploads\/2024\/08\/orderid-5-scaled3-1.jpg\" alt=\"\">\n\t\t\t\t\t\t\t<\/a>\n\t\t\t\t\t\t\t\t\t\t\t\t<div class=\"flex flex-col items-start justify-start gap-3 px-5\">\n\t\t\t\t\t\t\t<h4>Skiutleie<\/h4>\n\t\t\t\t\t\t\t<p>Det blir stadig vanligere \u00e5 leie skiutstyr p\u00e5 stedet, slik at du slipper \u00e5 pakke, b\u00e6re og oppbevare det. Samtidig f\u00e5r du det nyeste utstyret, nyslipt og smurt, for best mulig glid i bakken. Skiutleiebutikken har...<\/p>\n\t\t\t\t\t\t\t\t\t\t\t\t\t\t\t<a href=\"http:\/\/www.funasskilodge.com\/no\/skiutleie\/\" target=\"\" class=\"transition-colors duration-150 ease-in-out hover:text-black\">Les mer om skileie &gt;<\/a>\n\t\t\t\t\t\t\t\t\t\t\t\t\t<\/div>\n\t\t\t\t\t<\/div>\n\t\t\t\t\t\t\t\t\t<\/div>\n\t<\/div>\n<\/section>\n\n\n<section class=\"w-full bg-white pt-7 pb-0\">\n\t<div class=\"w-full m-auto outer-contain\">\n\n\t\t<div class=\"grid w-full grid-cols-3 gap-5 tablet:grid-cols-1 tablet:max-w-[40rem] mobile:max-w-none tablet:m-auto desktop-sm:px-4 place-items-start\">\n\t\t\t\n\t\t\t\t\t<div class=\"flex flex-col justify-start w-full gap-5\">\n\t\t\t\t\t\t\t\t\t\t\t\t\t<a href=\"http:\/\/www.funasskilodge.com\/no\/aktiviteter\/#mat-dryck\" target=\"\">\n\t\t\t\t\t\t\t\t<img decoding=\"async\" class=\"rounded-[20px] w-full h-[320px] desktop-sm:h-[380px] mobile:h-[280px] object-cover\" src=\"https:\/\/www.funasskilodge.com\/wp-content\/uploads\/2024\/07\/funasberget-ejansson-webb-07472.jpg\" alt=\"\">\n\t\t\t\t\t\t\t<\/a>\n\t\t\t\t\t\t\t\t\t\t\t\t<div class=\"flex flex-col items-start justify-start gap-3 px-5\">\n\t\t\t\t\t\t\t<h4>Mat og drikke<\/h4>\n\t\t\t\t\t\t\t<p>God og veltilberedt mat serveres p\u00e5 flere restauranter rundt Fun\u00e4sdalsberget. I l\u00f8pet av en dag p\u00e5 fjellet trenger du \u00e5 fylle p\u00e5 med energi og mat. Her kan du nyte alt fra typiske retter fra...<\/p>\n\t\t\t\t\t\t\t\t\t\t\t\t\t\t\t<a href=\"http:\/\/www.funasskilodge.com\/no\/aktiviteter\/#mat-dryck\" target=\"\" class=\"transition-colors duration-150 ease-in-out hover:text-black\">Les mer om Mat og drikke &gt;<\/a>\n\t\t\t\t\t\t\t\t\t\t\t\t\t<\/div>\n\t\t\t\t\t<\/div>\n\t\t\t\t\n\t\t\t\t\t<div class=\"flex flex-col justify-start w-full gap-5\">\n\t\t\t\t\t\t\t\t\t\t\t\t\t<a href=\"https:\/\/www.funasskilodge.com\/no\/nordic-ski-center\/\" target=\"\">\n\t\t\t\t\t\t\t\t<img decoding=\"async\" class=\"rounded-[20px] w-full h-[320px] desktop-sm:h-[380px] mobile:h-[280px] object-cover\" src=\"https:\/\/www.funasskilodge.com\/wp-content\/uploads\/2024\/08\/funasfjallen-nordic-ski-langdakning-dsc-4048.jpg\" alt=\"\">\n\t\t\t\t\t\t\t<\/a>\n\t\t\t\t\t\t\t\t\t\t\t\t<div class=\"flex flex-col items-start justify-start gap-3 px-5\">\n\t\t\t\t\t\t\t<h4>Over 300 km med skispor<\/h4>\n\t\t\t\t\t\t\t<p>Det er mange daler og h\u00f8yfjellsterreng der Nordic Ski Centers 300 kilometer med preparerte langrennsl\u00f8yper slynger seg. Systemet er bygget opp slik at du alltid har f\u00f8rsteklasses langrenn i ditt n\u00e6romr\u00e5de...<\/p>\n\t\t\t\t\t\t\t\t\t\t\t\t\t\t\t<a href=\"https:\/\/www.funasskilodge.com\/no\/nordic-ski-center\/\" target=\"\" class=\"transition-colors duration-150 ease-in-out hover:text-black\">Les mer om skisporene &gt;<\/a>\n\t\t\t\t\t\t\t\t\t\t\t\t\t<\/div>\n\t\t\t\t\t<\/div>\n\t\t\t\t\n\t\t\t\t\t<div class=\"flex flex-col justify-start w-full gap-5\">\n\t\t\t\t\t\t\t\t\t\t\t\t\t<a href=\"http:\/\/www.funasskilodge.com\/no\/racing-og-treningsgrupper\/\" target=\"\">\n\t\t\t\t\t\t\t\t<img decoding=\"async\" class=\"rounded-[20px] w-full h-[320px] desktop-sm:h-[380px] mobile:h-[280px] object-cover\" src=\"https:\/\/www.funasskilodge.com\/wp-content\/uploads\/2024\/08\/orderid-5-scaled-1.jpg\" alt=\"\">\n\t\t\t\t\t\t\t<\/a>\n\t\t\t\t\t\t\t\t\t\t\t\t<div class=\"flex flex-col items-start justify-start gap-3 px-5\">\n\t\t\t\t\t\t\t<h4>Racing og treningsgrupper<\/h4>\n\t\t\t\t\t\t\t<p>Alpinrenn og konkurranser i Fun\u00e4sdalen Fun\u00e4sdalsberget er kjent for sine alpine konkurranser, b\u00e5de nasjonalt og internasjonalt. I november 2009 var Fun\u00e4sdalsberget blant annet vertskap for Europacupen i alpint i...<\/p>\n\t\t\t\t\t\t\t\t\t\t\t\t\t\t\t<a href=\"http:\/\/www.funasskilodge.com\/no\/racing-og-treningsgrupper\/\" target=\"\" class=\"transition-colors duration-150 ease-in-out hover:text-black\">Les mer om racing og treningsgrupper &gt;<\/a>\n\t\t\t\t\t\t\t\t\t\t\t\t\t<\/div>\n\t\t\t\t\t<\/div>\n\t\t\t\t\t\t\t\t\t<\/div>\n\t<\/div>\n<\/section>\n\n\n<section class=\"w-full bg-white pt-7 pb-7\">\n\t<div class=\"w-full m-auto outer-contain\">\n\n\t\t<div class=\"grid w-full grid-cols-3 gap-5 tablet:grid-cols-1 tablet:max-w-[40rem] mobile:max-w-none tablet:m-auto desktop-sm:px-4 place-items-start\">\n\t\t\t\n\t\t\t\t\t<div class=\"flex flex-col justify-start w-full gap-5\">\n\t\t\t\t\t\t\t\t\t\t\t\t\t<a href=\"http:\/\/www.funasskilodge.com\/no\/aktiviteter\/langdakning\/\" target=\"\">\n\t\t\t\t\t\t\t\t<img decoding=\"async\" class=\"rounded-[20px] w-full h-[320px] desktop-sm:h-[380px] mobile:h-[280px] object-cover\" src=\"https:\/\/www.funasskilodge.com\/wp-content\/uploads\/2024\/08\/langdakning-funasskilodge.jpg\" alt=\"\">\n\t\t\t\t\t\t\t<\/a>\n\t\t\t\t\t\t\t\t\t\t\t\t<div class=\"flex flex-col items-start justify-start gap-3 px-5\">\n\t\t\t\t\t\t\t<h4>Langrenn i Fun\u00e4sdalen<\/h4>\n\t\t\t\t\t\t\t<p>Er du \u00e5pen for en ny skiopplevelse utenfor l\u00f8ypene, eller er du en inkarnert langrennsl\u00f8per? Fun\u00e4sdalen har over 300 kilometer med preparerte skil\u00f8yper i et av Sveriges mest sn\u00f8sikre omr\u00e5der. Enten du...<\/p>\n\t\t\t\t\t\t\t\t\t\t\t\t\t\t\t<a href=\"http:\/\/www.funasskilodge.com\/no\/aktiviteter\/langdakning\/\" target=\"\" class=\"transition-colors duration-150 ease-in-out hover:text-black\">Les mer om langrenn &gt;<\/a>\n\t\t\t\t\t\t\t\t\t\t\t\t\t<\/div>\n\t\t\t\t\t<\/div>\n\t\t\t\t\n\t\t\t\t\t<div class=\"flex flex-col justify-start w-full gap-5\">\n\t\t\t\t\t\t\t\t\t\t\t\t\t<a href=\"http:\/\/www.funasskilodge.com\/no\/fjellpass\/\" target=\"\">\n\t\t\t\t\t\t\t\t<img decoding=\"async\" class=\"rounded-[20px] w-full h-[320px] desktop-sm:h-[380px] mobile:h-[280px] object-cover\" src=\"https:\/\/www.funasskilodge.com\/wp-content\/uploads\/2024\/07\/karta-fr-funasfjallen-se-1800.jpg\" alt=\"\">\n\t\t\t\t\t\t\t<\/a>\n\t\t\t\t\t\t\t\t\t\t\t\t<div class=\"flex flex-col items-start justify-start gap-3 px-5\">\n\t\t\t\t\t\t\t<h4>Fjellpass - heiskort for 6 skiomr\u00e5der<\/h4>\n\t\t\t\t\t\t\t<p>Heiskort til seks skiomr\u00e5der i Fun\u00e4sfj\u00e4llen Velg mellom Fun\u00e4sdalsberget, Ramundberget, T\u00e4nndalen, T\u00e4nndalsvallen, T\u00e4nn\u00e4skr\u00f6ket og Kappruet. Skipasset v\u00e5rt, som vi kaller Fj\u00e4llpasset, inkluderer seks...<\/p>\n\t\t\t\t\t\t\t\t\t\t\t\t\t\t\t<a href=\"http:\/\/www.funasskilodge.com\/no\/fjellpass\/\" target=\"\" class=\"transition-colors duration-150 ease-in-out hover:text-black\">Les mer om Fjellpasset &gt;<\/a>\n\t\t\t\t\t\t\t\t\t\t\t\t\t<\/div>\n\t\t\t\t\t<\/div>\n\t\t\t\t\n\t\t\t\t\t<div class=\"flex flex-col justify-start w-full gap-5\">\n\t\t\t\t\t\t\t\t\t\t\t\t\t<a href=\"http:\/\/www.funasskilodge.com\/no\/aktiviteter\/topptur\/\" target=\"\">\n\t\t\t\t\t\t\t\t<img decoding=\"async\" class=\"rounded-[20px] w-full h-[320px] desktop-sm:h-[380px] mobile:h-[280px] object-cover\" src=\"https:\/\/www.funasskilodge.com\/wp-content\/uploads\/2024\/08\/topptur-funasskilodge.jpg\" alt=\"\">\n\t\t\t\t\t\t\t<\/a>\n\t\t\t\t\t\t\t\t\t\t\t\t<div class=\"flex flex-col items-start justify-start gap-3 px-5\">\n\t\t\t\t\t\t\t<h4>Topptur i Fun\u00e4sfj\u00e4llen<\/h4>\n\t\t\t\t\t\t\t<p>Bortenfor heissystemet venter magisk skikj\u00f8ring. Fun\u00e4sfj\u00e4llen er en dr\u00f8mmedestinasjon for alle som elsker \u00e5 utforske vinterlandskapet p\u00e5 ski. Med sine majestetiske fjell og uber\u00f8rte sn\u00f8felt byr omr\u00e5det p\u00e5...<\/p>\n\t\t\t\t\t\t\t\t\t\t\t\t\t\t\t<a href=\"http:\/\/www.funasskilodge.com\/no\/aktiviteter\/topptur\/\" target=\"\" class=\"transition-colors duration-150 ease-in-out hover:text-black\">Les mer om toppturen i Fun\u00e4s &gt;<\/a>\n\t\t\t\t\t\t\t\t\t\t\t\t\t<\/div>\n\t\t\t\t\t<\/div>\n\t\t\t\t\t\t\t\t\t<\/div>\n\t<\/div>\n<\/section>","protected":false},"excerpt":{"rendered":"","protected":false},"author":4,"featured_media":741,"parent":0,"menu_order":2,"comment_status":"closed","ping_status":"closed","template":"","meta":{"_acf_changed":false,"footnotes":""},"class_list":["post-273","page","type-page","status-publish","has-post-thumbnail","hentry"],"acf":[],"yoast_head":"<!-- This site is optimized with the Yoast SEO plugin v26.8 - https:\/\/yoast.com\/product\/yoast-seo-wordpress\/ -->\n<title>Skid\u00e5kning - Fun\u00e4s Ski Lodge - Boende i Fun\u00e4sdalen mitt i Fun\u00e4sfj\u00e4llen<\/title>\n<meta name=\"description\" content=\"Boka ditt boende i Fun\u00e4sdalen och upplev skid\u00e5kning i v\u00e4rldsklass i hj\u00e4rtat av Fun\u00e4sfj\u00e4llen \u2013 en perfekt destination f\u00f6r alla skid\u00e4lskare\" \/>\n<meta name=\"robots\" content=\"index, follow, max-snippet:-1, max-image-preview:large, max-video-preview:-1\" \/>\n<link rel=\"canonical\" href=\"https:\/\/www.funasskilodge.com\/no\/skismoring\/\" \/>\n<meta property=\"og:locale\" content=\"nb_NO\" \/>\n<meta property=\"og:type\" content=\"article\" \/>\n<meta property=\"og:title\" content=\"Skid\u00e5kning - Fun\u00e4s Ski Lodge - Boende i Fun\u00e4sdalen mitt i Fun\u00e4sfj\u00e4llen\" \/>\n<meta property=\"og:description\" content=\"Boka ditt boende i Fun\u00e4sdalen och upplev skid\u00e5kning i v\u00e4rldsklass i hj\u00e4rtat av Fun\u00e4sfj\u00e4llen \u2013 en perfekt destination f\u00f6r alla skid\u00e4lskare\" \/>\n<meta property=\"og:url\" content=\"https:\/\/www.funasskilodge.com\/no\/skismoring\/\" \/>\n<meta property=\"og:site_name\" content=\"Fun\u00e4s Ski Lodge - Boende i Fun\u00e4sdalen mitt i Fun\u00e4sfj\u00e4llen\" \/>\n<meta property=\"article:publisher\" content=\"https:\/\/www.facebook.com\/funasskilodge\" \/>\n<meta property=\"article:modified_time\" content=\"2024-10-14T12:27:53+00:00\" \/>\n<meta property=\"og:image\" content=\"https:\/\/www.funasskilodge.com\/wp-content\/uploads\/2024\/07\/funasberget-ejansson-webb-06562.jpg\" \/>\n\t<meta property=\"og:image:width\" content=\"2000\" \/>\n\t<meta property=\"og:image:height\" content=\"1279\" \/>\n\t<meta property=\"og:image:type\" content=\"image\/jpeg\" \/>\n<meta name=\"twitter:card\" content=\"summary_large_image\" \/>\n<script type=\"application\/ld+json\" class=\"yoast-schema-graph\">{\"@context\":\"https:\/\/schema.org\",\"@graph\":[{\"@type\":\"WebPage\",\"@id\":\"https:\/\/www.funasskilodge.com\/skidakning\/\",\"url\":\"https:\/\/www.funasskilodge.com\/skidakning\/\",\"name\":\"Skid\u00e5kning - Fun\u00e4s Ski Lodge - Boende i Fun\u00e4sdalen mitt i Fun\u00e4sfj\u00e4llen\",\"isPartOf\":{\"@id\":\"https:\/\/www.funasskilodge.com\/#website\"},\"primaryImageOfPage\":{\"@id\":\"https:\/\/www.funasskilodge.com\/skidakning\/#primaryimage\"},\"image\":{\"@id\":\"https:\/\/www.funasskilodge.com\/skidakning\/#primaryimage\"},\"thumbnailUrl\":\"https:\/\/www.funasskilodge.com\/wp-content\/uploads\/2024\/07\/funasberget-ejansson-webb-06562.jpg\",\"datePublished\":\"2024-07-02T06:56:21+00:00\",\"dateModified\":\"2024-10-14T12:27:53+00:00\",\"description\":\"Boka ditt boende i Fun\u00e4sdalen och upplev skid\u00e5kning i v\u00e4rldsklass i hj\u00e4rtat av Fun\u00e4sfj\u00e4llen \u2013 en perfekt destination f\u00f6r alla skid\u00e4lskare\",\"breadcrumb\":{\"@id\":\"https:\/\/www.funasskilodge.com\/skidakning\/#breadcrumb\"},\"inLanguage\":\"nb-NO\",\"potentialAction\":[{\"@type\":\"ReadAction\",\"target\":[\"https:\/\/www.funasskilodge.com\/skidakning\/\"]}]},{\"@type\":\"ImageObject\",\"inLanguage\":\"nb-NO\",\"@id\":\"https:\/\/www.funasskilodge.com\/skidakning\/#primaryimage\",\"url\":\"https:\/\/www.funasskilodge.com\/wp-content\/uploads\/2024\/07\/funasberget-ejansson-webb-06562.jpg\",\"contentUrl\":\"https:\/\/www.funasskilodge.com\/wp-content\/uploads\/2024\/07\/funasberget-ejansson-webb-06562.jpg\",\"width\":2000,\"height\":1279,\"caption\":\"En skid\u00e5kare njuter av perfekta carvingsv\u00e4ngar p\u00e5 nypistade backar i Fun\u00e4sdalen, med fantastisk fj\u00e4llutsikt i bakgrunden.\"},{\"@type\":\"BreadcrumbList\",\"@id\":\"https:\/\/www.funasskilodge.com\/skidakning\/#breadcrumb\",\"itemListElement\":[{\"@type\":\"ListItem\",\"position\":1,\"name\":\"Home\",\"item\":\"https:\/\/www.funasskilodge.com\/\"},{\"@type\":\"ListItem\",\"position\":2,\"name\":\"Skid\u00e5kning\"}]},{\"@type\":\"WebSite\",\"@id\":\"https:\/\/www.funasskilodge.com\/#website\",\"url\":\"https:\/\/www.funasskilodge.com\/\",\"name\":\"Fun\u00e4s Ski Lodge\",\"description\":\"Uppt\u00e4ck skidparadiset p\u00e5 Fun\u00e4s Ski Lodge \u2013 ditt perfekta boende i Fun\u00e4sdalen i hj\u00e4rtat av Fun\u00e4sfj\u00e4llen.\",\"publisher\":{\"@id\":\"https:\/\/www.funasskilodge.com\/#organization\"},\"potentialAction\":[{\"@type\":\"SearchAction\",\"target\":{\"@type\":\"EntryPoint\",\"urlTemplate\":\"https:\/\/www.funasskilodge.com\/?s={search_term_string}\"},\"query-input\":{\"@type\":\"PropertyValueSpecification\",\"valueRequired\":true,\"valueName\":\"search_term_string\"}}],\"inLanguage\":\"nb-NO\"},{\"@type\":\"Organization\",\"@id\":\"https:\/\/www.funasskilodge.com\/#organization\",\"name\":\"Fun\u00e4s Ski Lodge\",\"url\":\"https:\/\/www.funasskilodge.com\/\",\"logo\":{\"@type\":\"ImageObject\",\"inLanguage\":\"nb-NO\",\"@id\":\"https:\/\/www.funasskilodge.com\/#\/schema\/logo\/image\/\",\"url\":\"https:\/\/www.funasskilodge.com\/wp-content\/uploads\/2024\/06\/Lager_1.svg\",\"contentUrl\":\"https:\/\/www.funasskilodge.com\/wp-content\/uploads\/2024\/06\/Lager_1.svg\",\"width\":130,\"height\":61,\"caption\":\"Fun\u00e4s Ski Lodge\"},\"image\":{\"@id\":\"https:\/\/www.funasskilodge.com\/#\/schema\/logo\/image\/\"},\"sameAs\":[\"https:\/\/www.facebook.com\/funasskilodge\",\"https:\/\/www.instagram.com\/funasskilodge\/\"]}]}<\/script>\n<!-- \/ Yoast SEO plugin. -->","yoast_head_json":{"title":"Skikj\u00f8ring - Fun\u00e4s Ski Lodge - Overnatting i Fun\u00e4sdalen i sentrum av Fun\u00e4sfj\u00e4llen","description":"Bestill overnatting i Fun\u00e4sdalen og opplev skikj\u00f8ring i verdensklasse i hjertet av Fun\u00e4sfj\u00e4llen - en perfekt destinasjon for alle skielskere","robots":{"index":"index","follow":"follow","max-snippet":"max-snippet:-1","max-image-preview":"max-image-preview:large","max-video-preview":"max-video-preview:-1"},"canonical":"https:\/\/www.funasskilodge.com\/no\/skismoring\/","og_locale":"nb_NO","og_type":"article","og_title":"Skid\u00e5kning - Fun\u00e4s Ski Lodge - Boende i Fun\u00e4sdalen mitt i Fun\u00e4sfj\u00e4llen","og_description":"Boka ditt boende i Fun\u00e4sdalen och upplev skid\u00e5kning i v\u00e4rldsklass i hj\u00e4rtat av Fun\u00e4sfj\u00e4llen \u2013 en perfekt destination f\u00f6r alla skid\u00e4lskare","og_url":"https:\/\/www.funasskilodge.com\/no\/skismoring\/","og_site_name":"Fun\u00e4s Ski Lodge - Boende i Fun\u00e4sdalen mitt i Fun\u00e4sfj\u00e4llen","article_publisher":"https:\/\/www.facebook.com\/funasskilodge","article_modified_time":"2024-10-14T12:27:53+00:00","og_image":[{"width":2000,"height":1279,"url":"https:\/\/www.funasskilodge.com\/wp-content\/uploads\/2024\/07\/funasberget-ejansson-webb-06562.jpg","type":"image\/jpeg"}],"twitter_card":"summary_large_image","schema":{"@context":"https:\/\/schema.org","@graph":[{"@type":"WebPage","@id":"https:\/\/www.funasskilodge.com\/skidakning\/","url":"https:\/\/www.funasskilodge.com\/skidakning\/","name":"Skikj\u00f8ring - Fun\u00e4s Ski Lodge - Overnatting i Fun\u00e4sdalen i sentrum av Fun\u00e4sfj\u00e4llen","isPartOf":{"@id":"https:\/\/www.funasskilodge.com\/#website"},"primaryImageOfPage":{"@id":"https:\/\/www.funasskilodge.com\/skidakning\/#primaryimage"},"image":{"@id":"https:\/\/www.funasskilodge.com\/skidakning\/#primaryimage"},"thumbnailUrl":"https:\/\/www.funasskilodge.com\/wp-content\/uploads\/2024\/07\/funasberget-ejansson-webb-06562.jpg","datePublished":"2024-07-02T06:56:21+00:00","dateModified":"2024-10-14T12:27:53+00:00","description":"Bestill overnatting i Fun\u00e4sdalen og opplev skikj\u00f8ring i verdensklasse i hjertet av Fun\u00e4sfj\u00e4llen - en perfekt destinasjon for alle skielskere","breadcrumb":{"@id":"https:\/\/www.funasskilodge.com\/skidakning\/#breadcrumb"},"inLanguage":"nb-NO","potentialAction":[{"@type":"ReadAction","target":["https:\/\/www.funasskilodge.com\/skidakning\/"]}]},{"@type":"ImageObject","inLanguage":"nb-NO","@id":"https:\/\/www.funasskilodge.com\/skidakning\/#primaryimage","url":"https:\/\/www.funasskilodge.com\/wp-content\/uploads\/2024\/07\/funasberget-ejansson-webb-06562.jpg","contentUrl":"https:\/\/www.funasskilodge.com\/wp-content\/uploads\/2024\/07\/funasberget-ejansson-webb-06562.jpg","width":2000,"height":1279,"caption":"En skid\u00e5kare njuter av perfekta carvingsv\u00e4ngar p\u00e5 nypistade backar i Fun\u00e4sdalen, med fantastisk fj\u00e4llutsikt i bakgrunden."},{"@type":"BreadcrumbList","@id":"https:\/\/www.funasskilodge.com\/skidakning\/#breadcrumb","itemListElement":[{"@type":"ListItem","position":1,"name":"Home","item":"https:\/\/www.funasskilodge.com\/"},{"@type":"ListItem","position":2,"name":"Skid\u00e5kning"}]},{"@type":"WebSite","@id":"https:\/\/www.funasskilodge.com\/#website","url":"https:\/\/www.funasskilodge.com\/","name":"Fun\u00e4s Ski Lodge","description":"Oppdag skiparadiset p\u00e5 Fun\u00e4s Ski Lodge - ditt perfekte overnattingssted i Fun\u00e4sdalen i hjertet av Fun\u00e4sfj\u00e4llen.","publisher":{"@id":"https:\/\/www.funasskilodge.com\/#organization"},"potentialAction":[{"@type":"SearchAction","target":{"@type":"EntryPoint","urlTemplate":"https:\/\/www.funasskilodge.com\/?s={search_term_string}"},"query-input":{"@type":"PropertyValueSpecification","valueRequired":true,"valueName":"search_term_string"}}],"inLanguage":"nb-NO"},{"@type":"Organization","@id":"https:\/\/www.funasskilodge.com\/#organization","name":"Fun\u00e4s Ski Lodge","url":"https:\/\/www.funasskilodge.com\/","logo":{"@type":"ImageObject","inLanguage":"nb-NO","@id":"https:\/\/www.funasskilodge.com\/#\/schema\/logo\/image\/","url":"https:\/\/www.funasskilodge.com\/wp-content\/uploads\/2024\/06\/Lager_1.svg","contentUrl":"https:\/\/www.funasskilodge.com\/wp-content\/uploads\/2024\/06\/Lager_1.svg","width":130,"height":61,"caption":"Fun\u00e4s Ski Lodge"},"image":{"@id":"https:\/\/www.funasskilodge.com\/#\/schema\/logo\/image\/"},"sameAs":["https:\/\/www.facebook.com\/funasskilodge","https:\/\/www.instagram.com\/funasskilodge\/"]}]}},"_links":{"self":[{"href":"https:\/\/www.funasskilodge.com\/no\/wp-json\/wp\/v2\/pages\/273","targetHints":{"allow":["GET"]}}],"collection":[{"href":"https:\/\/www.funasskilodge.com\/no\/wp-json\/wp\/v2\/pages"}],"about":[{"href":"https:\/\/www.funasskilodge.com\/no\/wp-json\/wp\/v2\/types\/page"}],"author":[{"embeddable":true,"href":"https:\/\/www.funasskilodge.com\/no\/wp-json\/wp\/v2\/users\/4"}],"replies":[{"embeddable":true,"href":"https:\/\/www.funasskilodge.com\/no\/wp-json\/wp\/v2\/comments?post=273"}],"version-history":[{"count":5,"href":"https:\/\/www.funasskilodge.com\/no\/wp-json\/wp\/v2\/pages\/273\/revisions"}],"predecessor-version":[{"id":2035,"href":"https:\/\/www.funasskilodge.com\/no\/wp-json\/wp\/v2\/pages\/273\/revisions\/2035"}],"wp:featuredmedia":[{"embeddable":true,"href":"https:\/\/www.funasskilodge.com\/no\/wp-json\/wp\/v2\/media\/741"}],"wp:attachment":[{"href":"https:\/\/www.funasskilodge.com\/no\/wp-json\/wp\/v2\/media?parent=273"}],"curies":[{"name":"wp","href":"https:\/\/api.w.org\/{rel}","templated":true}]}}