{"id":704,"date":"2024-07-04T12:53:39","date_gmt":"2024-07-04T12:53:39","guid":{"rendered":"http:\/\/www.funasskilodge.com\/?page_id=704"},"modified":"2024-10-14T12:30:41","modified_gmt":"2024-10-14T12:30:41","slug":"fjallbyn-funasdalen","status":"publish","type":"page","link":"https:\/\/www.funasskilodge.com\/en\/fjallbyn-funasdalen\/","title":{"rendered":"The Mountain Village"},"content":{"rendered":"<section class=\"relative w-full max-h-[800px] tablet:h-[50dvh] h-[80dvh] min-h-[25rem] pt-8 mobile:pt-7 mobile:min-h-0 flex mobile:items-center tablet:items-end\">\n\t\t<div class=\"absolute top-0 left-0 w-full h-full max-h-[800px] mobile:h-[50dvh]\">\n\t\t\t\t\t<img decoding=\"async\" class=\"object-cover object-center w-full h-full mobile:object-bottom\" src=\"https:\/\/www.funasskilodge.com\/wp-content\/uploads\/2024\/08\/orderid-5-scaled7.jpg\" alt=\"\">\n\t\t\t<\/div>\n\t<div class=\"relative z-30 flex flex-col items-center bottom-[150px] text-center justify-end w-full max-h-[800px] h-[40dvh] min-h-[25rem] pt-8 mobile:min-h-0 tablet:h-[50dvh] tablet:min-h-0 gap-6 px-8 pb-6 m-auto text-white tablet:justify-center mobile:pt-7 outer-contain tablet:px-4\">\n\t\t\t<\/div>\n\t\t<div class=\"absolute w-full h-full pb-7 bottom-0 z-[21] max-h-[100px] bg-gradient-to-t to-transparent from-white\">\n\n\t<\/div>\n<\/section>\n\n\n<section class=\"w-full bg-white pt-5 pb-5\">\n\t<div class=\"flex flex-col items-center justify-start w-full gap-8 m-auto outer-contain desktop-sm:px-4\">\n\t\t<div class=\"flex flex-col items-center justify-start w-full gap-7\">\n\n\t\t\t<div class=\"flex flex-col items-center justify-start gap-6 max-w-[940px] text-center\">\n\t\t\t\t<h2 class=\"text-black\">Mountain village Fun\u00e4sdalen<\/h2>\n\t\t\t\t<p class=\"-large text-trueBlack\">Fun\u00e4sdalen is the central village of the area; a genuine mountain village with a full range of services. The characteristic Fun\u00e4sdalsberget mountain rises in the village with a high-class alpine area. For cross-country skiers, the trail system connects in several places and there are lighted trails at the sports ground.<\/p>\n\t\t\t<\/div>\n\t\t<\/div>\n\t<\/div>\n<\/section>\n\n\n<div class=\"flex items-start w-full pt-5 pb-0 bg-white\">\n\t\t\t<div class=\"w-full m-auto wysiwyg-style desktop-sm:px-4 text-contain\">\n\t\t\t<h4>A genuine mountain village<\/h4>\n<p>In the middle of Fun\u00e4sdalen you will find the Fun\u00e4s gondola that takes you smoothly up to the top of Fun\u00e4sdalsberget in summer and winter. In winter, there is a three-kilometer cross-country trail. The trail is well suited for those who want to experience skiing on the high mountains without any demanding uphills or steep downhills. Thanks to the Fun\u00e4sGondola, you can now also get to the top without ski boots on your feet. Many people go up just to experience the 360-degree panoramic view from the top of the mountain. If you get hungry, Toppstugan at the gondola descent is open for lunch or coffee.<\/p>\n<p>Despite the fact that accessibility has made it possible for an increased range of activities on and around the mountain, Fun\u00e4sdalsberget's signature is still the well-groomed, long slopes with nice forest areas for days when the snow is deep.<\/p>\n<p>Down in the village there are all you need shops and other service points as well as plenty of cafes and restaurants. The ski bus is a good option for those who want to ski in the other alpine systems and for cross-country skiers to get between the villages.<\/p>\n\t\t<\/div>\n\t<\/div>\n\n<section class=\"w-full pt-5 pb-5 bg-white\">\n\t<div class=\"flex items-center justify-center w-full gap-3 m-auto inner-contain tablet:px-4 tablet:flex-col\">\n\t\t\n\t\t\t\t\t\t\t\t\t<a class=\"btn-primary\" href=\"https:\/\/book.funasskilodge.com\/R?channelId=8a16445e-0920-4a01-8a80-995fe061befb&#038;initialPath=\/accommodation#\/accommodation\" target=\"_blank\">\n\t\t\t\t\t\tBook accommodation &gt;\t\t\t\t\t<\/a>\n\t\t\t\t\t\t\t\n\t\t\t\t\t\t\t\t\t<a class=\"btn-primary\" href=\"http:\/\/www.funasskilodge.com\/en\/housing-for-sale\/\" target=\"\">\n\t\t\t\t\t\tApartments for sale &gt;\t\t\t\t\t<\/a>\n\t\t\t\t\t\t\t\n\t\t\t\t\t\t\t\t\t<a class=\"btn-primary\" href=\"https:\/\/www.funasskilodge.com\/wp-content\/uploads\/2024\/07\/funasdalen365-bykarta-2022-jpg-scaled.jpg\" target=\"_blank\">\n\t\t\t\t\t\tMap of Fun\u00e4sdalen &gt;\t\t\t\t\t<\/a>\n\t\t\t\t\t\t\t\t\t\n\n\t<\/div>\n<\/section>\n\n\n<section class=\"w-full bg-white pt-7 pb-7\">\n\t<div class=\"w-full m-auto outer-contain\">\n\n\t\t<div class=\"grid w-full grid-cols-3 gap-5 tablet:grid-cols-1 tablet:max-w-[40rem] mobile:max-w-none tablet:m-auto desktop-sm:px-4 place-items-start\">\n\t\t\t\n\t\t\t\t\t<div class=\"flex flex-col justify-start w-full gap-5\">\n\t\t\t\t\t\t\t\t\t\t\t\t\t<a href=\"http:\/\/www.funasskilodge.com\/en\/shop-for-food\/\" target=\"\">\n\t\t\t\t\t\t\t\t<img decoding=\"async\" class=\"rounded-[20px] w-full h-[320px] desktop-sm:h-[380px] mobile:h-[280px] object-cover\" src=\"https:\/\/www.funasskilodge.com\/wp-content\/uploads\/2024\/08\/129311861-219717326195098-1284272532400854450-n.jpg\" alt=\"\">\n\t\t\t\t\t\t\t<\/a>\n\t\t\t\t\t\t\t\t\t\t\t\t<div class=\"flex flex-col items-start justify-start gap-3 px-5\">\n\t\t\t\t\t\t\t<h4>Shopping for food<\/h4>\n\t\t\t\t\t\t\t<p>In Fun\u00e4sdalen you will find everything you need for cooking with nearby shops offering a wide range of food. From well-stocked grocery stores to cozy delis and delicatessens, there is something for everyone...<\/p>\n\t\t\t\t\t\t\t\t\t\t\t\t\t\t\t<a href=\"http:\/\/www.funasskilodge.com\/en\/shop-for-food\/\" target=\"\" class=\"transition-colors duration-150 ease-in-out hover:text-black\">Read more about grocery stores &gt;<\/a>\n\t\t\t\t\t\t\t\t\t\t\t\t\t<\/div>\n\t\t\t\t\t<\/div>\n\t\t\t\t\n\t\t\t\t\t<div class=\"flex flex-col justify-start w-full gap-5\">\n\t\t\t\t\t\t\t\t\t\t\t\t\t<a href=\"http:\/\/www.funasskilodge.com\/en\/funas-valley\/\" target=\"\">\n\t\t\t\t\t\t\t\t<img decoding=\"async\" class=\"rounded-[20px] w-full h-[320px] desktop-sm:h-[380px] mobile:h-[280px] object-cover\" src=\"https:\/\/www.funasskilodge.com\/wp-content\/uploads\/2024\/08\/orderid-5-scaled8.jpg\" alt=\"\">\n\t\t\t\t\t\t\t<\/a>\n\t\t\t\t\t\t\t\t\t\t\t\t<div class=\"flex flex-col items-start justify-start gap-3 px-5\">\n\t\t\t\t\t\t\t<h4>Fun\u00e4sdalsberget<\/h4>\n\t\t\t\t\t\t\t<p>Welcome to Fun\u00e4sdalen! Fun\u00e4sdalen is an award-winning ski resort in H\u00e4rjedalen near the Norwegian border. Fun\u00e4sdalen is a real living mountain village where you will find genuine restaurants, grocery stores, liquor stores, museums, sports shops and food...<\/p>\n\t\t\t\t\t\t\t\t\t\t\t\t\t\t\t<a href=\"http:\/\/www.funasskilodge.com\/en\/funas-valley\/\" target=\"\" class=\"transition-colors duration-150 ease-in-out hover:text-black\">Read more about Fun\u00e4sdalsberget &gt;<\/a>\n\t\t\t\t\t\t\t\t\t\t\t\t\t<\/div>\n\t\t\t\t\t<\/div>\n\t\t\t\t\n\t\t\t\t\t<div class=\"flex flex-col justify-start w-full gap-5\">\n\t\t\t\t\t\t\t\t\t\t\t\t\t<a href=\"http:\/\/www.funasskilodge.com\/en\/activities\/#mat-dryck\" target=\"\">\n\t\t\t\t\t\t\t\t<img decoding=\"async\" class=\"rounded-[20px] w-full h-[320px] desktop-sm:h-[380px] mobile:h-[280px] object-cover\" src=\"https:\/\/www.funasskilodge.com\/wp-content\/uploads\/2024\/07\/funasberget-ejansson-webb-07472.jpg\" alt=\"\">\n\t\t\t\t\t\t\t<\/a>\n\t\t\t\t\t\t\t\t\t\t\t\t<div class=\"flex flex-col items-start justify-start gap-3 px-5\">\n\t\t\t\t\t\t\t<h4>Food &amp; Drink<\/h4>\n\t\t\t\t\t\t\t<p>Good and well-prepared food is served at several restaurants around Fun\u00e4sdalsberget. During a day in the mountains, you need to fill up with energy and food. Here you can enjoy everything from typical dishes from...<\/p>\n\t\t\t\t\t\t\t\t\t\t\t\t\t\t\t<a href=\"http:\/\/www.funasskilodge.com\/en\/activities\/#mat-dryck\" target=\"\" class=\"transition-colors duration-150 ease-in-out hover:text-black\">Read more about Food &amp; Drink &gt;<\/a>\n\t\t\t\t\t\t\t\t\t\t\t\t\t<\/div>\n\t\t\t\t\t<\/div>\n\t\t\t\t\t\t\t\t\t<\/div>\n\t<\/div>\n<\/section>","protected":false},"excerpt":{"rendered":"","protected":false},"author":4,"featured_media":1086,"parent":0,"menu_order":0,"comment_status":"closed","ping_status":"closed","template":"","meta":{"_acf_changed":false,"footnotes":""},"class_list":["post-704","page","type-page","status-publish","has-post-thumbnail","hentry"],"acf":[],"yoast_head":"<!-- This site is optimized with the Yoast SEO plugin v26.8 - https:\/\/yoast.com\/product\/yoast-seo-wordpress\/ -->\n<title>Fj\u00e4llbyn Fun\u00e4sdalen - Fun\u00e4s Ski Lodge - Boende i Fun\u00e4sdalen mitt i Fun\u00e4sfj\u00e4llen<\/title>\n<meta name=\"description\" content=\"Fj\u00e4llbyn Fun\u00e4sdalen ligger precis vid Fun\u00e4s Ski Lodge, med bekv\u00e4ma boenden och n\u00e4rhet till skidbackarna f\u00f6r en perfekt fj\u00e4llupplevelse.\" \/>\n<meta name=\"robots\" content=\"index, follow, max-snippet:-1, max-image-preview:large, max-video-preview:-1\" \/>\n<link rel=\"canonical\" href=\"https:\/\/www.funasskilodge.com\/en\/fjallbyn-funasdalen\/\" \/>\n<meta property=\"og:locale\" content=\"en_US\" \/>\n<meta property=\"og:type\" content=\"article\" \/>\n<meta property=\"og:title\" content=\"Fj\u00e4llbyn Fun\u00e4sdalen - Fun\u00e4s Ski Lodge - Boende i Fun\u00e4sdalen mitt i Fun\u00e4sfj\u00e4llen\" \/>\n<meta property=\"og:description\" content=\"Fj\u00e4llbyn Fun\u00e4sdalen ligger precis vid Fun\u00e4s Ski Lodge, med bekv\u00e4ma boenden och n\u00e4rhet till skidbackarna f\u00f6r en perfekt fj\u00e4llupplevelse.\" \/>\n<meta property=\"og:url\" content=\"https:\/\/www.funasskilodge.com\/en\/fjallbyn-funasdalen\/\" \/>\n<meta property=\"og:site_name\" content=\"Fun\u00e4s Ski Lodge - Boende i Fun\u00e4sdalen mitt i Fun\u00e4sfj\u00e4llen\" \/>\n<meta property=\"article:publisher\" content=\"https:\/\/www.facebook.com\/funasskilodge\" \/>\n<meta property=\"article:modified_time\" content=\"2024-10-14T12:30:41+00:00\" \/>\n<meta property=\"og:image\" content=\"https:\/\/www.funasskilodge.com\/wp-content\/uploads\/2024\/08\/orderid-5-scaled7.jpg\" \/>\n\t<meta property=\"og:image:width\" content=\"2560\" \/>\n\t<meta property=\"og:image:height\" content=\"1705\" \/>\n\t<meta property=\"og:image:type\" content=\"image\/jpeg\" \/>\n<meta name=\"twitter:card\" content=\"summary_large_image\" \/>\n<script type=\"application\/ld+json\" class=\"yoast-schema-graph\">{\"@context\":\"https:\/\/schema.org\",\"@graph\":[{\"@type\":\"WebPage\",\"@id\":\"https:\/\/www.funasskilodge.com\/fjallbyn-funasdalen\/\",\"url\":\"https:\/\/www.funasskilodge.com\/fjallbyn-funasdalen\/\",\"name\":\"Fj\u00e4llbyn Fun\u00e4sdalen - Fun\u00e4s Ski Lodge - Boende i Fun\u00e4sdalen mitt i Fun\u00e4sfj\u00e4llen\",\"isPartOf\":{\"@id\":\"https:\/\/www.funasskilodge.com\/#website\"},\"primaryImageOfPage\":{\"@id\":\"https:\/\/www.funasskilodge.com\/fjallbyn-funasdalen\/#primaryimage\"},\"image\":{\"@id\":\"https:\/\/www.funasskilodge.com\/fjallbyn-funasdalen\/#primaryimage\"},\"thumbnailUrl\":\"https:\/\/www.funasskilodge.com\/wp-content\/uploads\/2024\/08\/orderid-5-scaled7.jpg\",\"datePublished\":\"2024-07-04T12:53:39+00:00\",\"dateModified\":\"2024-10-14T12:30:41+00:00\",\"description\":\"Fj\u00e4llbyn Fun\u00e4sdalen ligger precis vid Fun\u00e4s Ski Lodge, med bekv\u00e4ma boenden och n\u00e4rhet till skidbackarna f\u00f6r en perfekt fj\u00e4llupplevelse.\",\"breadcrumb\":{\"@id\":\"https:\/\/www.funasskilodge.com\/fjallbyn-funasdalen\/#breadcrumb\"},\"inLanguage\":\"en-US\",\"potentialAction\":[{\"@type\":\"ReadAction\",\"target\":[\"https:\/\/www.funasskilodge.com\/fjallbyn-funasdalen\/\"]}]},{\"@type\":\"ImageObject\",\"inLanguage\":\"en-US\",\"@id\":\"https:\/\/www.funasskilodge.com\/fjallbyn-funasdalen\/#primaryimage\",\"url\":\"https:\/\/www.funasskilodge.com\/wp-content\/uploads\/2024\/08\/orderid-5-scaled7.jpg\",\"contentUrl\":\"https:\/\/www.funasskilodge.com\/wp-content\/uploads\/2024\/08\/orderid-5-scaled7.jpg\",\"width\":2560,\"height\":1705,\"caption\":\"Panoramabild av Fj\u00e4llbyn i Fun\u00e4sdalen fr\u00e5n ovan, med den glittrande Fun\u00e4ssj\u00f6n i bakgrunden.\"},{\"@type\":\"BreadcrumbList\",\"@id\":\"https:\/\/www.funasskilodge.com\/fjallbyn-funasdalen\/#breadcrumb\",\"itemListElement\":[{\"@type\":\"ListItem\",\"position\":1,\"name\":\"Home\",\"item\":\"https:\/\/www.funasskilodge.com\/\"},{\"@type\":\"ListItem\",\"position\":2,\"name\":\"Fj\u00e4llbyn\"}]},{\"@type\":\"WebSite\",\"@id\":\"https:\/\/www.funasskilodge.com\/#website\",\"url\":\"https:\/\/www.funasskilodge.com\/\",\"name\":\"Fun\u00e4s Ski Lodge\",\"description\":\"Uppt\u00e4ck skidparadiset p\u00e5 Fun\u00e4s Ski Lodge \u2013 ditt perfekta boende i Fun\u00e4sdalen i hj\u00e4rtat av Fun\u00e4sfj\u00e4llen.\",\"publisher\":{\"@id\":\"https:\/\/www.funasskilodge.com\/#organization\"},\"potentialAction\":[{\"@type\":\"SearchAction\",\"target\":{\"@type\":\"EntryPoint\",\"urlTemplate\":\"https:\/\/www.funasskilodge.com\/?s={search_term_string}\"},\"query-input\":{\"@type\":\"PropertyValueSpecification\",\"valueRequired\":true,\"valueName\":\"search_term_string\"}}],\"inLanguage\":\"en-US\"},{\"@type\":\"Organization\",\"@id\":\"https:\/\/www.funasskilodge.com\/#organization\",\"name\":\"Fun\u00e4s Ski Lodge\",\"url\":\"https:\/\/www.funasskilodge.com\/\",\"logo\":{\"@type\":\"ImageObject\",\"inLanguage\":\"en-US\",\"@id\":\"https:\/\/www.funasskilodge.com\/#\/schema\/logo\/image\/\",\"url\":\"https:\/\/www.funasskilodge.com\/wp-content\/uploads\/2024\/06\/Lager_1.svg\",\"contentUrl\":\"https:\/\/www.funasskilodge.com\/wp-content\/uploads\/2024\/06\/Lager_1.svg\",\"width\":130,\"height\":61,\"caption\":\"Fun\u00e4s Ski Lodge\"},\"image\":{\"@id\":\"https:\/\/www.funasskilodge.com\/#\/schema\/logo\/image\/\"},\"sameAs\":[\"https:\/\/www.facebook.com\/funasskilodge\",\"https:\/\/www.instagram.com\/funasskilodge\/\"]}]}<\/script>\n<!-- \/ Yoast SEO plugin. -->","yoast_head_json":{"title":"Fj\u00e4llbyn Fun\u00e4sdalen - Fun\u00e4s Ski Lodge - Accommodation in Fun\u00e4sdalen in the middle of Fun\u00e4sfj\u00e4llen","description":"The mountain village of Fun\u00e4sdalen is located right next to Fun\u00e4s Ski Lodge, with comfortable accommodation and proximity to the ski slopes for a perfect mountain experience.","robots":{"index":"index","follow":"follow","max-snippet":"max-snippet:-1","max-image-preview":"max-image-preview:large","max-video-preview":"max-video-preview:-1"},"canonical":"https:\/\/www.funasskilodge.com\/en\/fjallbyn-funasdalen\/","og_locale":"en_US","og_type":"article","og_title":"Fj\u00e4llbyn Fun\u00e4sdalen - Fun\u00e4s Ski Lodge - Boende i Fun\u00e4sdalen mitt i Fun\u00e4sfj\u00e4llen","og_description":"Fj\u00e4llbyn Fun\u00e4sdalen ligger precis vid Fun\u00e4s Ski Lodge, med bekv\u00e4ma boenden och n\u00e4rhet till skidbackarna f\u00f6r en perfekt fj\u00e4llupplevelse.","og_url":"https:\/\/www.funasskilodge.com\/en\/fjallbyn-funasdalen\/","og_site_name":"Fun\u00e4s Ski Lodge - Boende i Fun\u00e4sdalen mitt i Fun\u00e4sfj\u00e4llen","article_publisher":"https:\/\/www.facebook.com\/funasskilodge","article_modified_time":"2024-10-14T12:30:41+00:00","og_image":[{"width":2560,"height":1705,"url":"https:\/\/www.funasskilodge.com\/wp-content\/uploads\/2024\/08\/orderid-5-scaled7.jpg","type":"image\/jpeg"}],"twitter_card":"summary_large_image","schema":{"@context":"https:\/\/schema.org","@graph":[{"@type":"WebPage","@id":"https:\/\/www.funasskilodge.com\/fjallbyn-funasdalen\/","url":"https:\/\/www.funasskilodge.com\/fjallbyn-funasdalen\/","name":"Fj\u00e4llbyn Fun\u00e4sdalen - Fun\u00e4s Ski Lodge - Accommodation in Fun\u00e4sdalen in the middle of Fun\u00e4sfj\u00e4llen","isPartOf":{"@id":"https:\/\/www.funasskilodge.com\/#website"},"primaryImageOfPage":{"@id":"https:\/\/www.funasskilodge.com\/fjallbyn-funasdalen\/#primaryimage"},"image":{"@id":"https:\/\/www.funasskilodge.com\/fjallbyn-funasdalen\/#primaryimage"},"thumbnailUrl":"https:\/\/www.funasskilodge.com\/wp-content\/uploads\/2024\/08\/orderid-5-scaled7.jpg","datePublished":"2024-07-04T12:53:39+00:00","dateModified":"2024-10-14T12:30:41+00:00","description":"The mountain village of Fun\u00e4sdalen is located right next to Fun\u00e4s Ski Lodge, with comfortable accommodation and proximity to the ski slopes for a perfect mountain experience.","breadcrumb":{"@id":"https:\/\/www.funasskilodge.com\/fjallbyn-funasdalen\/#breadcrumb"},"inLanguage":"en-US","potentialAction":[{"@type":"ReadAction","target":["https:\/\/www.funasskilodge.com\/fjallbyn-funasdalen\/"]}]},{"@type":"ImageObject","inLanguage":"en-US","@id":"https:\/\/www.funasskilodge.com\/fjallbyn-funasdalen\/#primaryimage","url":"https:\/\/www.funasskilodge.com\/wp-content\/uploads\/2024\/08\/orderid-5-scaled7.jpg","contentUrl":"https:\/\/www.funasskilodge.com\/wp-content\/uploads\/2024\/08\/orderid-5-scaled7.jpg","width":2560,"height":1705,"caption":"Panoramabild av Fj\u00e4llbyn i Fun\u00e4sdalen fr\u00e5n ovan, med den glittrande Fun\u00e4ssj\u00f6n i bakgrunden."},{"@type":"BreadcrumbList","@id":"https:\/\/www.funasskilodge.com\/fjallbyn-funasdalen\/#breadcrumb","itemListElement":[{"@type":"ListItem","position":1,"name":"Home","item":"https:\/\/www.funasskilodge.com\/"},{"@type":"ListItem","position":2,"name":"Fj\u00e4llbyn"}]},{"@type":"WebSite","@id":"https:\/\/www.funasskilodge.com\/#website","url":"https:\/\/www.funasskilodge.com\/","name":"Fun\u00e4s Ski Lodge","description":"Discover ski paradise at Fun\u00e4s Ski Lodge - your perfect accommodation in Fun\u00e4sdalen in the heart of Fun\u00e4sfj\u00e4llen.","publisher":{"@id":"https:\/\/www.funasskilodge.com\/#organization"},"potentialAction":[{"@type":"SearchAction","target":{"@type":"EntryPoint","urlTemplate":"https:\/\/www.funasskilodge.com\/?s={search_term_string}"},"query-input":{"@type":"PropertyValueSpecification","valueRequired":true,"valueName":"search_term_string"}}],"inLanguage":"en-US"},{"@type":"Organization","@id":"https:\/\/www.funasskilodge.com\/#organization","name":"Fun\u00e4s Ski Lodge","url":"https:\/\/www.funasskilodge.com\/","logo":{"@type":"ImageObject","inLanguage":"en-US","@id":"https:\/\/www.funasskilodge.com\/#\/schema\/logo\/image\/","url":"https:\/\/www.funasskilodge.com\/wp-content\/uploads\/2024\/06\/Lager_1.svg","contentUrl":"https:\/\/www.funasskilodge.com\/wp-content\/uploads\/2024\/06\/Lager_1.svg","width":130,"height":61,"caption":"Fun\u00e4s Ski Lodge"},"image":{"@id":"https:\/\/www.funasskilodge.com\/#\/schema\/logo\/image\/"},"sameAs":["https:\/\/www.facebook.com\/funasskilodge","https:\/\/www.instagram.com\/funasskilodge\/"]}]}},"_links":{"self":[{"href":"https:\/\/www.funasskilodge.com\/en\/wp-json\/wp\/v2\/pages\/704","targetHints":{"allow":["GET"]}}],"collection":[{"href":"https:\/\/www.funasskilodge.com\/en\/wp-json\/wp\/v2\/pages"}],"about":[{"href":"https:\/\/www.funasskilodge.com\/en\/wp-json\/wp\/v2\/types\/page"}],"author":[{"embeddable":true,"href":"https:\/\/www.funasskilodge.com\/en\/wp-json\/wp\/v2\/users\/4"}],"replies":[{"embeddable":true,"href":"https:\/\/www.funasskilodge.com\/en\/wp-json\/wp\/v2\/comments?post=704"}],"version-history":[{"count":3,"href":"https:\/\/www.funasskilodge.com\/en\/wp-json\/wp\/v2\/pages\/704\/revisions"}],"predecessor-version":[{"id":1869,"href":"https:\/\/www.funasskilodge.com\/en\/wp-json\/wp\/v2\/pages\/704\/revisions\/1869"}],"wp:featuredmedia":[{"embeddable":true,"href":"https:\/\/www.funasskilodge.com\/en\/wp-json\/wp\/v2\/media\/1086"}],"wp:attachment":[{"href":"https:\/\/www.funasskilodge.com\/en\/wp-json\/wp\/v2\/media?parent=704"}],"curies":[{"name":"wp","href":"https:\/\/api.w.org\/{rel}","templated":true}]}}