{"id":7,"date":"2024-06-25T09:13:45","date_gmt":"2024-06-25T09:13:45","guid":{"rendered":"http:\/\/www.funasskilodge.com\/?page_id=7"},"modified":"2025-10-03T14:26:53","modified_gmt":"2025-10-03T14:26:53","slug":"boka-boende-i-funasdalen","status":"publish","type":"page","link":"https:\/\/www.funasskilodge.com\/en\/","title":{"rendered":"Fun\u00e4s Ski Lodge"},"content":{"rendered":"<section class=\"relative w-full max-h-[800px] mobile:max-h-none mobile:h-[75dvh] h-[80dvh] min-h-[25rem] pt-8 mobile:pt-7 mobile:min-h-0 flex mobile:items-center tablet:items-end\">\n\t\t\t<div class=\"absolute w-full h-full bottom-0 z-[21] bg-gradient-to-t to-transparent from-trueBlack opacity-20\">\n\n\t\t<\/div>\n\t\t<div class=\"absolute top-0 left-0 w-full h-full max-h-[800px]\">\n\t\t\t\t\t<img decoding=\"async\" class=\"object-cover object-center w-full h-full mobile:object-bottom\" src=\"https:\/\/www.funasskilodge.com\/wp-content\/uploads\/2024\/06\/ejansson-webb-06643-1.png\" alt=\"\">\n\t\t\t<\/div>\n\t<div class=\"relative z-30 flex flex-col items-center bottom-[150px] text-center justify-end w-full max-h-[600px] h-[40dvh] min-h-[25rem] pt-8 mobile:min-h-0 tablet:h-[50dvh] tablet:min-h-0 gap-6 px-8 pb-6 m-auto text-white tablet:justify-center mobile:pt-7 outer-contain tablet:px-4\">\n\t\t\t\t\t<h1>Accommodation with Ski In\/Ski Out Access in Fun\u00e4sdalen<\/h1>\n\t\t\t<\/div>\n\t\t\t<div class=\"absolute bottom-[-80px] z-50 flex justify-center w-full\">\n\t\t\t<div class=\"w-full outer-contain bg-trueWhite rounded-[20px] desktop-sm:text-contain mobile:mobile-text-contain p-[1.5rem]\" id=\"widgetContainer\"><\/div>\n\t\t<\/div>\n\t\t<div class=\"absolute w-full h-full pb-7 bottom-0 z-[21] max-h-[100px] bg-gradient-to-t to-transparent from-white\">\n\n\t<\/div>\n<\/section>\n\n\n<section class=\"w-full bg-white pt-8 pb-0\">\n\t<div class=\"w-full m-auto outer-contain\">\n\n\t\t<div class=\"grid w-full grid-cols-3 gap-5 tablet:grid-cols-1 tablet:max-w-[40rem] mobile:max-w-none tablet:m-auto desktop-sm:px-4 place-items-start\">\n\t\t\t\n\t\t\t\t\t<div class=\"flex flex-col justify-start w-full gap-5\">\n\t\t\t\t\t\t\t\t\t\t\t\t\t<a href=\"http:\/\/www.funasskilodge.com\/en\/accommodation-2-2\/\" target=\"\">\n\t\t\t\t\t\t\t\t<img decoding=\"async\" class=\"rounded-[20px] w-full h-[320px] desktop-sm:h-[380px] mobile:h-[280px] object-cover\" src=\"https:\/\/www.funasskilodge.com\/wp-content\/uploads\/2024\/07\/funasskilodgeb25-1.jpg\" alt=\"\">\n\t\t\t\t\t\t\t<\/a>\n\t\t\t\t\t\t\t\t\t\t\t\t<div class=\"flex flex-col items-start justify-start gap-3 px-5\">\n\t\t\t\t\t\t\t<h4>Accommodation in Fun\u00e4sdalen<\/h4>\n\t\t\t\t\t\t\t<p>Fun\u00e4s Ski Lodge is a modern and central accommodation of high quality a stone's throw from the lift. The ski slope on one side and a view of the lake on the other. 35 apartments in four sizes....<\/p>\n\t\t\t\t\t\t\t\t\t\t\t\t\t\t\t<a href=\"http:\/\/www.funasskilodge.com\/en\/accommodation-2-2\/\" target=\"\" class=\"transition-colors duration-150 ease-in-out hover:text-black\">Read more about our accommodation &gt;<\/a>\n\t\t\t\t\t\t\t\t\t\t\t\t\t<\/div>\n\t\t\t\t\t<\/div>\n\t\t\t\t\n\t\t\t\t\t<div class=\"flex flex-col justify-start w-full gap-5\">\n\t\t\t\t\t\t\t\t\t\t\t\t\t<a href=\"http:\/\/www.funasskilodge.com\/en\/funas-mountains\/\" target=\"\">\n\t\t\t\t\t\t\t\t<img decoding=\"async\" class=\"rounded-[20px] w-full h-[320px] desktop-sm:h-[380px] mobile:h-[280px] object-cover\" src=\"https:\/\/www.funasskilodge.com\/wp-content\/uploads\/2024\/07\/fsl-funasfjallen.png\" alt=\"\">\n\t\t\t\t\t\t\t<\/a>\n\t\t\t\t\t\t\t\t\t\t\t\t<div class=\"flex flex-col items-start justify-start gap-3 px-5\">\n\t\t\t\t\t\t\t<h4>Fun\u00e4sfj\u00e4llen<\/h4>\n\t\t\t\t\t\t\t<p>Fun\u00e4sfj\u00e4llen is one of Sweden's most snow-sure areas. Here you will find six ski areas with over 145 slopes - all in one lift pass. Skiing in natural snow provides a....<\/p>\n\t\t\t\t\t\t\t\t\t\t\t\t\t\t\t<a href=\"http:\/\/www.funasskilodge.com\/en\/funas-mountains\/\" target=\"\" class=\"transition-colors duration-150 ease-in-out hover:text-black\">Read more about Fun\u00e4sfj\u00e4llen &gt;<\/a>\n\t\t\t\t\t\t\t\t\t\t\t\t\t<\/div>\n\t\t\t\t\t<\/div>\n\t\t\t\t\n\t\t\t\t\t<div class=\"flex flex-col justify-start w-full gap-5\">\n\t\t\t\t\t\t\t\t\t\t\t\t\t<a href=\"http:\/\/www.funasskilodge.com\/en\/om-funas-ski-lodge\/\" target=\"\">\n\t\t\t\t\t\t\t\t<img decoding=\"async\" class=\"rounded-[20px] w-full h-[320px] desktop-sm:h-[380px] mobile:h-[280px] object-cover\" src=\"https:\/\/www.funasskilodge.com\/wp-content\/uploads\/2024\/07\/orderid-5-scaled.jpg\" alt=\"\">\n\t\t\t\t\t\t\t<\/a>\n\t\t\t\t\t\t\t\t\t\t\t\t<div class=\"flex flex-col items-start justify-start gap-3 px-5\">\n\t\t\t\t\t\t\t<h4>About Fun\u00e4s Ski Lodge<\/h4>\n\t\t\t\t\t\t\t<p>Fun\u00e4s Ski Lodge is located directly adjacent to the Fun\u00e4sdalen ski area. We who welcome you to Fun\u00e4s Ski Lodge work at the cabin host, you check in in our ....<\/p>\n\t\t\t\t\t\t\t\t\t\t\t\t\t\t\t<a href=\"http:\/\/www.funasskilodge.com\/en\/om-funas-ski-lodge\/\" target=\"\" class=\"transition-colors duration-150 ease-in-out hover:text-black\">Read more about Fun\u00e4s Ski Lodge &gt;<\/a>\n\t\t\t\t\t\t\t\t\t\t\t\t\t<\/div>\n\t\t\t\t\t<\/div>\n\t\t\t\t\t\t\t\t\t<\/div>\n\t<\/div>\n<\/section>\n\n\n<section class=\"w-full bg-white pt-7 pb-7\">\n\t<div class=\"w-full m-auto outer-contain\">\n\n\t\t<div class=\"grid w-full grid-cols-2 gap-5 tablet:grid-cols-1 tablet:max-w-[40rem] mobile:max-w-none tablet:m-auto desktop-sm:px-4 place-items-start\">\n\t\t\t\n\t\t\t\t\t<div class=\"flex flex-col justify-start w-full gap-5\">\n\t\t\t\t\t\t\t\t\t\t\t\t\t<a href=\"http:\/\/www.funasskilodge.com\/en\/funas-valley\/\" target=\"\">\n\t\t\t\t\t\t\t\t<img decoding=\"async\" class=\"rounded-[20px] w-full h-[320px] desktop-sm:h-[380px] mobile:h-[280px] object-cover\" src=\"https:\/\/www.funasskilodge.com\/wp-content\/uploads\/2024\/07\/funasskidor.jpg\" alt=\"\">\n\t\t\t\t\t\t\t<\/a>\n\t\t\t\t\t\t\t\t\t\t\t\t<div class=\"flex flex-col items-start justify-start gap-3 px-5\">\n\t\t\t\t\t\t\t<h4>Ski-in\/ski-out location at Fun\u00e4sdalsberget<\/h4>\n\t\t\t\t\t\t\t<p>Fun\u00e4s Ski Lodge has a ski-in\/ski-out location at Fun\u00e4sdalsberget, one of six ski areas in Fun\u00e4sfj\u00e4llen. Fun\u00e4sdalen is an award-winning ski resort in H\u00e4rjedalen with authentic restaurants, grocery stores,...<\/p>\n\t\t\t\t\t\t\t\t\t\t\t\t\t\t\t<a href=\"http:\/\/www.funasskilodge.com\/en\/funas-valley\/\" target=\"\" class=\"transition-colors duration-150 ease-in-out hover:text-black\">Read more about Fun\u00e4sdalsberget &gt;<\/a>\n\t\t\t\t\t\t\t\t\t\t\t\t\t<\/div>\n\t\t\t\t\t<\/div>\n\t\t\t\t\n\t\t\t\t\t<div class=\"flex flex-col justify-start w-full gap-5\">\n\t\t\t\t\t\t\t\t\t\t\t\t\t<a href=\"http:\/\/www.funasskilodge.com\/en\/fjallbyn\/\" target=\"\">\n\t\t\t\t\t\t\t\t<img decoding=\"async\" class=\"rounded-[20px] w-full h-[320px] desktop-sm:h-[380px] mobile:h-[280px] object-cover\" src=\"https:\/\/www.funasskilodge.com\/wp-content\/uploads\/2024\/08\/orderid-5-scaled7.jpg\" alt=\"\">\n\t\t\t\t\t\t\t<\/a>\n\t\t\t\t\t\t\t\t\t\t\t\t<div class=\"flex flex-col items-start justify-start gap-3 px-5\">\n\t\t\t\t\t\t\t<h4>The mountain village Fun\u00e4sdalen - A genuine mountain village<\/h4>\n\t\t\t\t\t\t\t<p>Fun\u00e4sdalen is the central village of the area; a genuine mountain village with a full range of services. The characteristic Fun\u00e4sdalsberget mountain rises in the village with a high-class alpine area. For cross-country skiers, the...<\/p>\n\t\t\t\t\t\t\t\t\t\t\t\t\t\t\t<a href=\"http:\/\/www.funasskilodge.com\/en\/fjallbyn\/\" target=\"\" class=\"transition-colors duration-150 ease-in-out hover:text-black\">Read more about the mountain village &gt;<\/a>\n\t\t\t\t\t\t\t\t\t\t\t\t\t<\/div>\n\t\t\t\t\t<\/div>\n\t\t\t\t\t\t\t\t\t<\/div>\n\t<\/div>\n<\/section>\n\n\n<section class=\"relative flex justify-center w-full max-h-[860px] h-screen mobile:h-full pt-8 mobile:pt-5 tablet:max-h-none tablet:h-full tablet:items-end\">\n\t<div class=\"absolute top-0 left-0 w-full h-full\">\n\t\t<img decoding=\"async\" class=\"object-cover object-center w-full h-full\" src=\"https:\/\/www.funasskilodge.com\/wp-content\/uploads\/2024\/08\/ejanssonwebb09192-14859847-foto-emrik-jansson.jpg\" alt=\"\">\n\t<\/div>\n\t<div class=\"w-full h-full m-auto outer-contain desktop-sm:px-4\">\n\t\t<div class=\"relative z-30 flex flex-col items-start h-full justify-center w-full max-w-[33%] tablet:max-w-[50%] mobile:max-w-none gap-6 pb-6 text-black tablet:min-h-0 tablet:justify-end mobile:pt-8\">\n\t\t\t\t\t\t\t<h3 class=\"\">Experience summer in Fun\u00e4sfj\u00e4llen<\/h3>\n\t\t\t\t\t\t\t\t\t\t<p class=\"font-normal mobile:font-medium -large\">Fun\u00e4sfj\u00e4llen has a rich variety of things to see and do - all year round. The Sami seasons are eight in number and it is they and nature that control and create the possibilities. There is really no limit to the activities in the area. Follow your intuition, your heart or your imagination. <\/p>\n\t\t\t\t\t\t\t\t\t\t<a class=\"btn-primary\" href=\"http:\/\/www.funasskilodge.com\/en\/activities\/\" target=\"\">Discover Fun\u00e4sfj\u00e4llen all year round &gt;<\/a>\n\t\t\t\t\t<\/div>\n\t<\/div>\n\t<div class=\"absolute h-full w-full pb-7 bottom-0 left-0 z-[21] bg-gradient-to-r tablet:bg-gradient-to-t mobile:via-trueWhite to-transparent tablet:w-full from-trueWhite opacity-90\">\n\n\t<\/div>\n<\/section>\n\n\n<div class=\"flex items-start w-full pt-7 pb-7 bg-white\">\n\t\t\t<div class=\"w-full m-auto wysiwyg-style desktop-sm:px-4 text-contain\">\n\t\t\t<h4>Fun\u00e4s Booking<\/h4>\n<p>All booking and rental of Fun\u00e4s Ski Lodge is handled through Fun\u00e4s Booking. Through local cooperation, we also offer services such as cleaning, bed linen and breakfast packages - all to make your stay as comfortable as possible. The reception is located at <strong><a href=\"https:\/\/www.google.com\/maps?sca_esv=7c40ceab512ed81b&amp;sxsrf=AE3TifNL9KUefsK9WlQ-sqRsEPEhNLaYSQ:1759501583726&amp;lsig=AB86z5V8nsxvEBTMvX6TaEKWYHFX&amp;biw=1512&amp;bih=788&amp;dpr=2&amp;um=1&amp;ie=UTF-8&amp;fb=1&amp;gl=se&amp;sa=X&amp;geocode=KR0CzjQAoW5GMaVPbe-OR8h0&amp;daddr=Vallarv%C3%A4gen+4,+846+72+Fun%C3%A4sdalen\" target=\"_blank\" rel=\"noopener\">Vallarv\u00e4gen 4<\/a><\/strong> in Fun\u00e4sdalen at Stugv\u00e4rden and G\u00e4stservice.<\/p>\n<p>Webb: <strong><a href=\"https:\/\/www.funas.se\/sv\" target=\"_blank\" rel=\"noopener\">funas.se<\/a><\/strong><br \/>\nTel: <strong><a tabindex=\"-1\" href=\"tel:+4668421245\">+46(0)684-212 45<\/a><\/strong><br \/>\nMail: <strong><a tabindex=\"-1\" href=\"mailto:booking@funas.se\">booking@funas.se<\/a><\/strong><\/p>\n\t\t<\/div>\n\t<\/div>","protected":false},"excerpt":{"rendered":"","protected":false},"author":1,"featured_media":425,"parent":0,"menu_order":4,"comment_status":"closed","ping_status":"closed","template":"","meta":{"_acf_changed":false,"footnotes":""},"class_list":["post-7","page","type-page","status-publish","has-post-thumbnail","hentry"],"acf":[],"yoast_head":"<!-- This site is optimized with the Yoast SEO plugin v26.8 - https:\/\/yoast.com\/product\/yoast-seo-wordpress\/ -->\n<title>Boende i Fun\u00e4sdalen mitt i Fun\u00e4sfj\u00e4llen - Fun\u00e4s Ski Lodge<\/title>\n<meta name=\"description\" content=\"Boka ditt boende i vackra Fun\u00e4sdalen och upplev avkoppling \u00e5ret runt i moderna och h\u00f6gkvalitativa l\u00e4genheter i hj\u00e4rtat av Fun\u00e4sfj\u00e4llen.\" \/>\n<meta name=\"robots\" content=\"index, follow, max-snippet:-1, max-image-preview:large, max-video-preview:-1\" \/>\n<link rel=\"canonical\" href=\"https:\/\/www.funasskilodge.com\/en\/\" \/>\n<meta property=\"og:locale\" content=\"en_US\" \/>\n<meta property=\"og:type\" content=\"article\" \/>\n<meta property=\"og:title\" content=\"Boende i Fun\u00e4sdalen mitt i Fun\u00e4sfj\u00e4llen - Fun\u00e4s Ski Lodge\" \/>\n<meta property=\"og:description\" content=\"Boka ditt boende i vackra Fun\u00e4sdalen och upplev avkoppling \u00e5ret runt i moderna och h\u00f6gkvalitativa l\u00e4genheter i hj\u00e4rtat av Fun\u00e4sfj\u00e4llen.\" \/>\n<meta property=\"og:url\" content=\"https:\/\/www.funasskilodge.com\/en\/\" \/>\n<meta property=\"og:site_name\" content=\"Fun\u00e4s Ski Lodge - Boende i Fun\u00e4sdalen mitt i Fun\u00e4sfj\u00e4llen\" \/>\n<meta property=\"article:publisher\" content=\"https:\/\/www.facebook.com\/funasskilodge\" \/>\n<meta property=\"article:modified_time\" content=\"2025-10-03T14:26:53+00:00\" \/>\n<meta property=\"og:image\" content=\"https:\/\/www.funasskilodge.com\/wp-content\/uploads\/2024\/07\/orderid-5-scaled.jpg\" \/>\n\t<meta property=\"og:image:width\" content=\"2560\" \/>\n\t<meta property=\"og:image:height\" content=\"1705\" \/>\n\t<meta property=\"og:image:type\" content=\"image\/jpeg\" \/>\n<meta name=\"twitter:card\" content=\"summary_large_image\" \/>\n<meta name=\"twitter:label1\" content=\"Est. reading time\" \/>\n\t<meta name=\"twitter:data1\" content=\"1 minute\" \/>\n<script type=\"application\/ld+json\" class=\"yoast-schema-graph\">{\"@context\":\"https:\/\/schema.org\",\"@graph\":[{\"@type\":\"WebPage\",\"@id\":\"https:\/\/www.funasskilodge.com\/\",\"url\":\"https:\/\/www.funasskilodge.com\/\",\"name\":\"Boende i Fun\u00e4sdalen mitt i Fun\u00e4sfj\u00e4llen - Fun\u00e4s Ski Lodge\",\"isPartOf\":{\"@id\":\"https:\/\/www.funasskilodge.com\/#website\"},\"primaryImageOfPage\":{\"@id\":\"https:\/\/www.funasskilodge.com\/#primaryimage\"},\"image\":{\"@id\":\"https:\/\/www.funasskilodge.com\/#primaryimage\"},\"thumbnailUrl\":\"https:\/\/www.funasskilodge.com\/wp-content\/uploads\/2024\/07\/orderid-5-scaled.jpg\",\"datePublished\":\"2024-06-25T09:13:45+00:00\",\"dateModified\":\"2025-10-03T14:26:53+00:00\",\"description\":\"Boka ditt boende i vackra Fun\u00e4sdalen och upplev avkoppling \u00e5ret runt i moderna och h\u00f6gkvalitativa l\u00e4genheter i hj\u00e4rtat av Fun\u00e4sfj\u00e4llen.\",\"breadcrumb\":{\"@id\":\"https:\/\/www.funasskilodge.com\/#breadcrumb\"},\"inLanguage\":\"en-US\",\"potentialAction\":[{\"@type\":\"ReadAction\",\"target\":[\"https:\/\/www.funasskilodge.com\/\"]}]},{\"@type\":\"ImageObject\",\"inLanguage\":\"en-US\",\"@id\":\"https:\/\/www.funasskilodge.com\/#primaryimage\",\"url\":\"https:\/\/www.funasskilodge.com\/wp-content\/uploads\/2024\/07\/orderid-5-scaled.jpg\",\"contentUrl\":\"https:\/\/www.funasskilodge.com\/wp-content\/uploads\/2024\/07\/orderid-5-scaled.jpg\",\"width\":2560,\"height\":1705,\"caption\":\"Fun\u00e4s Ski Lodge sett ovanifr\u00e5n med en panoramautsikt \u00f6ver skidbacken och den glittrande Fun\u00e4sdalssj\u00f6n i bakgrunden.\"},{\"@type\":\"BreadcrumbList\",\"@id\":\"https:\/\/www.funasskilodge.com\/#breadcrumb\",\"itemListElement\":[{\"@type\":\"ListItem\",\"position\":1,\"name\":\"Home\",\"item\":\"https:\/\/www.funasskilodge.com\/\"},{\"@type\":\"ListItem\",\"position\":2,\"name\":\"Fun\u00e4s Ski Lodge\"}]},{\"@type\":\"WebSite\",\"@id\":\"https:\/\/www.funasskilodge.com\/#website\",\"url\":\"https:\/\/www.funasskilodge.com\/\",\"name\":\"Fun\u00e4s Ski Lodge\",\"description\":\"Uppt\u00e4ck skidparadiset p\u00e5 Fun\u00e4s Ski Lodge \u2013 ditt perfekta boende i Fun\u00e4sdalen i hj\u00e4rtat av Fun\u00e4sfj\u00e4llen.\",\"publisher\":{\"@id\":\"https:\/\/www.funasskilodge.com\/#organization\"},\"potentialAction\":[{\"@type\":\"SearchAction\",\"target\":{\"@type\":\"EntryPoint\",\"urlTemplate\":\"https:\/\/www.funasskilodge.com\/?s={search_term_string}\"},\"query-input\":{\"@type\":\"PropertyValueSpecification\",\"valueRequired\":true,\"valueName\":\"search_term_string\"}}],\"inLanguage\":\"en-US\"},{\"@type\":\"Organization\",\"@id\":\"https:\/\/www.funasskilodge.com\/#organization\",\"name\":\"Fun\u00e4s Ski Lodge\",\"url\":\"https:\/\/www.funasskilodge.com\/\",\"logo\":{\"@type\":\"ImageObject\",\"inLanguage\":\"en-US\",\"@id\":\"https:\/\/www.funasskilodge.com\/#\/schema\/logo\/image\/\",\"url\":\"https:\/\/www.funasskilodge.com\/wp-content\/uploads\/2024\/06\/Lager_1.svg\",\"contentUrl\":\"https:\/\/www.funasskilodge.com\/wp-content\/uploads\/2024\/06\/Lager_1.svg\",\"width\":130,\"height\":61,\"caption\":\"Fun\u00e4s Ski Lodge\"},\"image\":{\"@id\":\"https:\/\/www.funasskilodge.com\/#\/schema\/logo\/image\/\"},\"sameAs\":[\"https:\/\/www.facebook.com\/funasskilodge\",\"https:\/\/www.instagram.com\/funasskilodge\/\"]}]}<\/script>\n<!-- \/ Yoast SEO plugin. -->","yoast_head_json":{"title":"Accommodation in Fun\u00e4sdalen in the middle of Fun\u00e4sfj\u00e4llen - Fun\u00e4s Ski Lodge","description":"Book your accommodation in beautiful Fun\u00e4sdalen and experience year-round relaxation in modern and high-quality apartments in the heart of Fun\u00e4sfj\u00e4llen.","robots":{"index":"index","follow":"follow","max-snippet":"max-snippet:-1","max-image-preview":"max-image-preview:large","max-video-preview":"max-video-preview:-1"},"canonical":"https:\/\/www.funasskilodge.com\/en\/","og_locale":"en_US","og_type":"article","og_title":"Boende i Fun\u00e4sdalen mitt i Fun\u00e4sfj\u00e4llen - Fun\u00e4s Ski Lodge","og_description":"Boka ditt boende i vackra Fun\u00e4sdalen och upplev avkoppling \u00e5ret runt i moderna och h\u00f6gkvalitativa l\u00e4genheter i hj\u00e4rtat av Fun\u00e4sfj\u00e4llen.","og_url":"https:\/\/www.funasskilodge.com\/en\/","og_site_name":"Fun\u00e4s Ski Lodge - Boende i Fun\u00e4sdalen mitt i Fun\u00e4sfj\u00e4llen","article_publisher":"https:\/\/www.facebook.com\/funasskilodge","article_modified_time":"2025-10-03T14:26:53+00:00","og_image":[{"width":2560,"height":1705,"url":"https:\/\/www.funasskilodge.com\/wp-content\/uploads\/2024\/07\/orderid-5-scaled.jpg","type":"image\/jpeg"}],"twitter_card":"summary_large_image","twitter_misc":{"Est. reading time":"1 minute"},"schema":{"@context":"https:\/\/schema.org","@graph":[{"@type":"WebPage","@id":"https:\/\/www.funasskilodge.com\/","url":"https:\/\/www.funasskilodge.com\/","name":"Accommodation in Fun\u00e4sdalen in the middle of Fun\u00e4sfj\u00e4llen - Fun\u00e4s Ski Lodge","isPartOf":{"@id":"https:\/\/www.funasskilodge.com\/#website"},"primaryImageOfPage":{"@id":"https:\/\/www.funasskilodge.com\/#primaryimage"},"image":{"@id":"https:\/\/www.funasskilodge.com\/#primaryimage"},"thumbnailUrl":"https:\/\/www.funasskilodge.com\/wp-content\/uploads\/2024\/07\/orderid-5-scaled.jpg","datePublished":"2024-06-25T09:13:45+00:00","dateModified":"2025-10-03T14:26:53+00:00","description":"Book your accommodation in beautiful Fun\u00e4sdalen and experience year-round relaxation in modern and high-quality apartments in the heart of Fun\u00e4sfj\u00e4llen.","breadcrumb":{"@id":"https:\/\/www.funasskilodge.com\/#breadcrumb"},"inLanguage":"en-US","potentialAction":[{"@type":"ReadAction","target":["https:\/\/www.funasskilodge.com\/"]}]},{"@type":"ImageObject","inLanguage":"en-US","@id":"https:\/\/www.funasskilodge.com\/#primaryimage","url":"https:\/\/www.funasskilodge.com\/wp-content\/uploads\/2024\/07\/orderid-5-scaled.jpg","contentUrl":"https:\/\/www.funasskilodge.com\/wp-content\/uploads\/2024\/07\/orderid-5-scaled.jpg","width":2560,"height":1705,"caption":"Fun\u00e4s Ski Lodge sett ovanifr\u00e5n med en panoramautsikt \u00f6ver skidbacken och den glittrande Fun\u00e4sdalssj\u00f6n i bakgrunden."},{"@type":"BreadcrumbList","@id":"https:\/\/www.funasskilodge.com\/#breadcrumb","itemListElement":[{"@type":"ListItem","position":1,"name":"Home","item":"https:\/\/www.funasskilodge.com\/"},{"@type":"ListItem","position":2,"name":"Fun\u00e4s Ski Lodge"}]},{"@type":"WebSite","@id":"https:\/\/www.funasskilodge.com\/#website","url":"https:\/\/www.funasskilodge.com\/","name":"Fun\u00e4s Ski Lodge","description":"Discover ski paradise at Fun\u00e4s Ski Lodge - your perfect accommodation in Fun\u00e4sdalen in the heart of Fun\u00e4sfj\u00e4llen.","publisher":{"@id":"https:\/\/www.funasskilodge.com\/#organization"},"potentialAction":[{"@type":"SearchAction","target":{"@type":"EntryPoint","urlTemplate":"https:\/\/www.funasskilodge.com\/?s={search_term_string}"},"query-input":{"@type":"PropertyValueSpecification","valueRequired":true,"valueName":"search_term_string"}}],"inLanguage":"en-US"},{"@type":"Organization","@id":"https:\/\/www.funasskilodge.com\/#organization","name":"Fun\u00e4s Ski Lodge","url":"https:\/\/www.funasskilodge.com\/","logo":{"@type":"ImageObject","inLanguage":"en-US","@id":"https:\/\/www.funasskilodge.com\/#\/schema\/logo\/image\/","url":"https:\/\/www.funasskilodge.com\/wp-content\/uploads\/2024\/06\/Lager_1.svg","contentUrl":"https:\/\/www.funasskilodge.com\/wp-content\/uploads\/2024\/06\/Lager_1.svg","width":130,"height":61,"caption":"Fun\u00e4s Ski Lodge"},"image":{"@id":"https:\/\/www.funasskilodge.com\/#\/schema\/logo\/image\/"},"sameAs":["https:\/\/www.facebook.com\/funasskilodge","https:\/\/www.instagram.com\/funasskilodge\/"]}]}},"_links":{"self":[{"href":"https:\/\/www.funasskilodge.com\/en\/wp-json\/wp\/v2\/pages\/7","targetHints":{"allow":["GET"]}}],"collection":[{"href":"https:\/\/www.funasskilodge.com\/en\/wp-json\/wp\/v2\/pages"}],"about":[{"href":"https:\/\/www.funasskilodge.com\/en\/wp-json\/wp\/v2\/types\/page"}],"author":[{"embeddable":true,"href":"https:\/\/www.funasskilodge.com\/en\/wp-json\/wp\/v2\/users\/1"}],"replies":[{"embeddable":true,"href":"https:\/\/www.funasskilodge.com\/en\/wp-json\/wp\/v2\/comments?post=7"}],"version-history":[{"count":18,"href":"https:\/\/www.funasskilodge.com\/en\/wp-json\/wp\/v2\/pages\/7\/revisions"}],"predecessor-version":[{"id":2164,"href":"https:\/\/www.funasskilodge.com\/en\/wp-json\/wp\/v2\/pages\/7\/revisions\/2164"}],"wp:featuredmedia":[{"embeddable":true,"href":"https:\/\/www.funasskilodge.com\/en\/wp-json\/wp\/v2\/media\/425"}],"wp:attachment":[{"href":"https:\/\/www.funasskilodge.com\/en\/wp-json\/wp\/v2\/media?parent=7"}],"curies":[{"name":"wp","href":"https:\/\/api.w.org\/{rel}","templated":true}]}}