{"id":619,"date":"2024-07-04T11:45:43","date_gmt":"2024-07-04T11:45:43","guid":{"rendered":"http:\/\/www.funasskilodge.com\/funasdalen-copy\/"},"modified":"2024-10-14T12:32:12","modified_gmt":"2024-10-14T12:32:12","slug":"bruksvallarna-2","status":"publish","type":"page","link":"https:\/\/www.funasskilodge.com\/en\/bruksvallarna-2\/","title":{"rendered":"Bruksvallarna"},"content":{"rendered":"<section class=\"relative w-full max-h-[800px] tablet:h-[50dvh] h-[80dvh] min-h-[25rem] pt-8 mobile:pt-7 mobile:min-h-0 flex mobile:items-center tablet:items-end\">\n\t\t<div class=\"absolute top-0 left-0 w-full h-full max-h-[800px] mobile:h-[50dvh]\">\n\t\t\t\t\t<img decoding=\"async\" class=\"object-cover object-center w-full h-full mobile:object-bottom\" src=\"https:\/\/www.funasskilodge.com\/wp-content\/uploads\/2024\/07\/bruksvallarna-m-logo.jpg\" alt=\"\">\n\t\t\t<\/div>\n\t<div class=\"relative z-30 flex flex-col items-center bottom-[150px] text-center justify-end w-full max-h-[800px] h-[40dvh] min-h-[25rem] pt-8 mobile:min-h-0 tablet:h-[50dvh] tablet:min-h-0 gap-6 px-8 pb-6 m-auto text-white tablet:justify-center mobile:pt-7 outer-contain tablet:px-4\">\n\t\t\t<\/div>\n\t\t<div class=\"absolute w-full h-full pb-7 bottom-0 z-[21] max-h-[100px] bg-gradient-to-t to-transparent from-white\">\n\n\t<\/div>\n<\/section>\n\n\n<section class=\"w-full bg-white pt-5 pb-5\">\n\t<div class=\"flex flex-col items-center justify-start w-full gap-8 m-auto outer-contain desktop-sm:px-4\">\n\t\t<div class=\"flex flex-col items-center justify-start w-full gap-7\">\n\n\t\t\t<div class=\"flex flex-col items-center justify-start gap-6 max-w-[940px] text-center\">\n\t\t\t\t<h2 class=\"text-black\">Bruksvallarna<\/h2>\n\t\t\t\t<p class=\"-large text-trueBlack\">Bruksvallarna brings together skiers from all over the world for world-class cross-country skiing. The Nordic Ski Center, with 300 km of groomed cross-country trails and 450 km of marked trails, has a central place in the world's longest trail system and Bruksvallarna connects to it in several places.<\/p>\n\t\t\t<\/div>\n\t\t<\/div>\n\t<\/div>\n<\/section>\n\n\n<div class=\"flex items-start w-full pt-5 pb-0 bg-white\">\n\t\t\t<div class=\"w-full m-auto wysiwyg-style desktop-sm:px-4 text-contain\">\n\t\t\t<h4>Cross-country skiing in Bruksvallarna - A paradise for ski lovers!<\/h4>\n<p>In Bruksvallarna, you are guaranteed skiing from mid-October. Thanks to the 21,000 cubic meters of snow saved during the summer, it can be laid out and groomed early. Add to that several miles of mountain trails that are groomed from week 7.<\/p>\n<p><a href=\"http:\/\/www.funasskilodge.com\/en\/nordic-ski-center\/\">Nordic Ski Center<\/a>, with its 300 km of groomed trails and 450 km of marked trails, forms an important part of the world's longest trail system. Bruksvallarna links this extensive network at several points.<\/p>\n<p>Trail passes are compulsory and are available from around 40 retailers in Fun\u00e4sfj\u00e4llen. Most accommodation facilities, sports shops, alpine resorts and Stigmyhrs also offer trail passes for Bruksvallarna. With a trail pass, the ski bus is free.<\/p>\n\t\t<\/div>\n\t<\/div>\n\n<section class=\"w-full pt-5 pb-7 bg-white\">\n\t<div class=\"flex items-center justify-center w-full gap-3 m-auto inner-contain tablet:px-4 tablet:flex-col\">\n\t\t\n\t\t\t\t\t\t\t\t\t<a class=\"btn-primary\" href=\"https:\/\/funasfjallensledbolag.outby.se\/tickets\/131\/?goto_app=False\" target=\"_blank\">\n\t\t\t\t\t\tBuy a cross-country skiing pass &gt;\t\t\t\t\t<\/a>\n\t\t\t\t\t\t\t\t\t\n\n\t<\/div>\n<\/section>\n\n\n<div class=\"flex items-start w-full pt-0 pb-5 bg-white\">\n\t\t\t<div class=\"w-full m-auto wysiwyg-style desktop-sm:px-4 text-contain\">\n\t\t\t<h4>Activities in Bruksvallarna<\/h4>\n<p>Alpine skiing is close by in <a href=\"http:\/\/www.funasskilodge.com\/en\/ramund-mountain\/\">Ramundberget<\/a>You can get there by car, ski bus or ski taxi. Bruksvallarna is also part of one of the best snowmobile systems in Europe. <a href=\"http:\/\/www.funasskilodge.com\/en\/funas-mountains\/\">Fun\u00e4sfj\u00e4llen<\/a> there are 610 kilometers <a href=\"http:\/\/www.funasskilodge.com\/en\/activities\/skotertur\/\">snowmobile leader<\/a> of which 150 kilometers in the high mountains.<\/p>\n<p>Many beautiful tours depart from Bruksvallarna for both <a href=\"http:\/\/www.funasskilodge.com\/en\/activities\/hiking-in-funasfjallen\/\">hiking<\/a> and <a href=\"http:\/\/www.funasskilodge.com\/en\/activities\/cycling\/\">cycling<\/a> but you also have high-quality, easily accessible <a href=\"http:\/\/www.funasskilodge.com\/en\/activities\/fiske-i-funasdalen\/\">fishing waters<\/a> within easy reach. If you want to experience Bruksvallarna by bicycle, there are over 400 kilometers of marked bike trails of varying difficulty, both in the valley and in the mountains.<\/p>\n<p>Do you want to experience <a href=\"http:\/\/www.funasskilodge.com\/en\/activities\/hiking-in-funasfjallen\/\">hiking<\/a> In Bruksvallarna, you can expect magnificent scenery and easily accessible tours. You can choose to do short walks or long hikes, in the valley or on the mountain, you choose. All hiking is in magnificent nature in a living village with agriculture, forestry and reindeer husbandry. Bruksvallen offers a completely unique mountain environment and cultural landscape. In recent years, Fun\u00e4sfj\u00e4llen has renovated, expanded, re-signed and repaired trails and today we can offer fantastic hiking. Here you will find <a href=\"http:\/\/www.funasskilodge.com\/en\/activities\/\">activities<\/a> for all seasons.<\/p>\n\t\t<\/div>\n\t<\/div>\n\n\n<div class=\"flex items-start w-full pt-0 pb-0 bg-white\">\n\t\t\t<div class=\"w-full m-auto wysiwyg-style desktop-sm:px-4 text-contain\">\n\t\t\t<h4>Book your accommodation in Bruksvallarna<\/h4>\n<p>Only 15 minutes from <a href=\"http:\/\/www.funasskilodge.com\/en\/om-funas-ski-lodge\/\">Fun\u00e4s Ski Lodge<\/a> Bruksvallarna is a beautiful and lively mountain village. The world's elite, touring skiers, Vasalopp skiers and beginners all come to Bruksvallarna to enjoy world-class groomed ski trails.<\/p>\n<p>Bruksvallarna is a small and genuine <a href=\"http:\/\/www.funasskilodge.com\/en\/fjallbyn\/\">mountain village<\/a> with great experiences, here you will find a deep-rooted local food culture and a wide range of local delicacies. Bruksvallarna also has a sports shop, grocery store, gas station, snowmobile rental and several restaurants and caf\u00e9s. Bruksvallarna is accessible to everyone, all year round. Book a family-friendly accommodation close to the mountains with fantastic opportunities for experiences and recreation.<\/p>\n\t\t<\/div>\n\t<\/div>\n\n<section class=\"w-full pt-5 pb-5 bg-white\">\n\t<div class=\"flex items-center justify-center w-full gap-3 m-auto inner-contain tablet:px-4 tablet:flex-col\">\n\t\t\n\t\t\t\t\t\t\t\t\t<a class=\"btn-primary\" href=\"https:\/\/book.funasskilodge.com\/R?channelId=8a16445e-0920-4a01-8a80-995fe061befb&#038;initialPath=\/accommodation#\/accommodation\" target=\"_blank\">\n\t\t\t\t\t\tBook your accommodation in Fun\u00e4sfj\u00e4llen here &gt;\t\t\t\t\t<\/a>\n\t\t\t\t\t\t\t\t\t\n\n\t<\/div>\n<\/section>\n\n\n<section class=\"w-full bg-white pt-5 pb-7\">\n\t<div class=\"w-full m-auto outer-contain\">\n\n\t\t<div class=\"grid w-full grid-cols-3 gap-5 tablet:grid-cols-1 tablet:max-w-[40rem] mobile:max-w-none tablet:m-auto desktop-sm:px-4 place-items-start\">\n\t\t\t\n\t\t\t\t\t<div class=\"flex flex-col justify-start w-full gap-5\">\n\t\t\t\t\t\t\t\t\t\t\t\t\t<a href=\"http:\/\/www.funasskilodge.com\/en\/funas-mountains\/\" target=\"\">\n\t\t\t\t\t\t\t\t<img decoding=\"async\" class=\"rounded-[20px] w-full h-[320px] desktop-sm:h-[380px] mobile:h-[280px] object-cover\" src=\"https:\/\/www.funasskilodge.com\/wp-content\/uploads\/2024\/07\/fsl-funasfjallen.png\" alt=\"\">\n\t\t\t\t\t\t\t<\/a>\n\t\t\t\t\t\t\t\t\t\t\t\t<div class=\"flex flex-col items-start justify-start gap-3 px-5\">\n\t\t\t\t\t\t\t<h4>Fun\u00e4sfj\u00e4llen<\/h4>\n\t\t\t\t\t\t\t<p>Fun\u00e4sfj\u00e4llen is one of Sweden's most snow-sure areas. Here you will find six ski areas with 135 slopes - all in one lift pass. Skiing in natural snow provides a....<\/p>\n\t\t\t\t\t\t\t\t\t\t\t\t\t\t\t<a href=\"http:\/\/www.funasskilodge.com\/en\/funas-mountains\/\" target=\"\" class=\"transition-colors duration-150 ease-in-out hover:text-black\">Read more about Fun\u00e4sfj\u00e4llen &gt;<\/a>\n\t\t\t\t\t\t\t\t\t\t\t\t\t<\/div>\n\t\t\t\t\t<\/div>\n\t\t\t\t\n\t\t\t\t\t<div class=\"flex flex-col justify-start w-full gap-5\">\n\t\t\t\t\t\t\t\t\t\t\t\t\t<a href=\"http:\/\/www.funasskilodge.com\/en\/accommodation-2-2\/\" target=\"\">\n\t\t\t\t\t\t\t\t<img decoding=\"async\" class=\"rounded-[20px] w-full h-[320px] desktop-sm:h-[380px] mobile:h-[280px] object-cover\" src=\"https:\/\/www.funasskilodge.com\/wp-content\/uploads\/2024\/07\/funasskilodgeb25-1.jpg\" alt=\"\">\n\t\t\t\t\t\t\t<\/a>\n\t\t\t\t\t\t\t\t\t\t\t\t<div class=\"flex flex-col items-start justify-start gap-3 px-5\">\n\t\t\t\t\t\t\t<h4>Accommodation in Fun\u00e4sfj\u00e4llen<\/h4>\n\t\t\t\t\t\t\t<p>Fun\u00e4s Ski Lodge is a modern and central accommodation of high quality a stone's throw from the lift. With 35 apartments in four sizes....<\/p>\n\t\t\t\t\t\t\t\t\t\t\t\t\t\t\t<a href=\"http:\/\/www.funasskilodge.com\/en\/accommodation-2-2\/\" target=\"\" class=\"transition-colors duration-150 ease-in-out hover:text-black\"> Read more about accommodation in Fun\u00e4s &gt;<\/a>\n\t\t\t\t\t\t\t\t\t\t\t\t\t<\/div>\n\t\t\t\t\t<\/div>\n\t\t\t\t\n\t\t\t\t\t<div class=\"flex flex-col justify-start w-full gap-5\">\n\t\t\t\t\t\t\t\t\t\t\t\t\t<a href=\"http:\/\/www.funasskilodge.com\/en\/ski-buses\/\" target=\"\">\n\t\t\t\t\t\t\t\t<img decoding=\"async\" class=\"rounded-[20px] w-full h-[320px] desktop-sm:h-[380px] mobile:h-[280px] object-cover\" src=\"https:\/\/www.funasskilodge.com\/wp-content\/uploads\/2024\/08\/ejansson-webb-08084-1024x682-1.jpg\" alt=\"\">\n\t\t\t\t\t\t\t<\/a>\n\t\t\t\t\t\t\t\t\t\t\t\t<div class=\"flex flex-col items-start justify-start gap-3 px-5\">\n\t\t\t\t\t\t\t<h4>Ski bus<\/h4>\n\t\t\t\t\t\t\t<p>The ski bus connects the different ski areas and accommodation within Fun\u00e4sfj\u00e4llen, making it easy to move between the different slopes and trails without the need for your own car...<\/p>\n\t\t\t\t\t\t\t\t\t\t\t\t\t\t\t<a href=\"http:\/\/www.funasskilodge.com\/en\/ski-buses\/\" target=\"\" class=\"transition-colors duration-150 ease-in-out hover:text-black\">Read more about the ski bus &gt;<\/a>\n\t\t\t\t\t\t\t\t\t\t\t\t\t<\/div>\n\t\t\t\t\t<\/div>\n\t\t\t\t\t\t\t\t\t<\/div>\n\t<\/div>\n<\/section>","protected":false},"excerpt":{"rendered":"","protected":false},"author":4,"featured_media":837,"parent":0,"menu_order":0,"comment_status":"closed","ping_status":"closed","template":"","meta":{"_acf_changed":false,"footnotes":""},"class_list":["post-619","page","type-page","status-publish","has-post-thumbnail","hentry"],"acf":[],"yoast_head":"<!-- This site is optimized with the Yoast SEO plugin v26.8 - https:\/\/yoast.com\/product\/yoast-seo-wordpress\/ -->\n<title>Bruksvallarna - Fun\u00e4s Ski Lodge - Boende i Fun\u00e4sdalen mitt i Fun\u00e4sfj\u00e4llen<\/title>\n<meta name=\"description\" content=\"Bruksvallarna \u00e4r ett skidomr\u00e5de i Fun\u00e4sfj\u00e4llen, k\u00e4nt f\u00f6r sin utm\u00e4rkta l\u00e4ngdskid\u00e5kning och natursk\u00f6na sp\u00e5r som passar alla niv\u00e5er.\" \/>\n<meta name=\"robots\" content=\"index, follow, max-snippet:-1, max-image-preview:large, max-video-preview:-1\" \/>\n<link rel=\"canonical\" href=\"https:\/\/www.funasskilodge.com\/en\/bruksvallarna-2\/\" \/>\n<meta property=\"og:locale\" content=\"en_US\" \/>\n<meta property=\"og:type\" content=\"article\" \/>\n<meta property=\"og:title\" content=\"Bruksvallarna - Fun\u00e4s Ski Lodge - Boende i Fun\u00e4sdalen mitt i Fun\u00e4sfj\u00e4llen\" \/>\n<meta property=\"og:description\" content=\"Bruksvallarna \u00e4r ett skidomr\u00e5de i Fun\u00e4sfj\u00e4llen, k\u00e4nt f\u00f6r sin utm\u00e4rkta l\u00e4ngdskid\u00e5kning och natursk\u00f6na sp\u00e5r som passar alla niv\u00e5er.\" \/>\n<meta property=\"og:url\" content=\"https:\/\/www.funasskilodge.com\/en\/bruksvallarna-2\/\" \/>\n<meta property=\"og:site_name\" content=\"Fun\u00e4s Ski Lodge - Boende i Fun\u00e4sdalen mitt i Fun\u00e4sfj\u00e4llen\" \/>\n<meta property=\"article:publisher\" content=\"https:\/\/www.facebook.com\/funasskilodge\" \/>\n<meta property=\"article:modified_time\" content=\"2024-10-14T12:32:12+00:00\" \/>\n<meta property=\"og:image\" content=\"https:\/\/www.funasskilodge.com\/wp-content\/uploads\/2024\/07\/bruksvallarna-m-logo.jpg\" \/>\n\t<meta property=\"og:image:width\" content=\"1900\" \/>\n\t<meta property=\"og:image:height\" content=\"1200\" \/>\n\t<meta property=\"og:image:type\" content=\"image\/jpeg\" \/>\n<meta name=\"twitter:card\" content=\"summary_large_image\" \/>\n<script type=\"application\/ld+json\" class=\"yoast-schema-graph\">{\"@context\":\"https:\/\/schema.org\",\"@graph\":[{\"@type\":\"WebPage\",\"@id\":\"https:\/\/www.funasskilodge.com\/bruksvallarna-2\/\",\"url\":\"https:\/\/www.funasskilodge.com\/bruksvallarna-2\/\",\"name\":\"Bruksvallarna - Fun\u00e4s Ski Lodge - Boende i Fun\u00e4sdalen mitt i Fun\u00e4sfj\u00e4llen\",\"isPartOf\":{\"@id\":\"https:\/\/www.funasskilodge.com\/#website\"},\"primaryImageOfPage\":{\"@id\":\"https:\/\/www.funasskilodge.com\/bruksvallarna-2\/#primaryimage\"},\"image\":{\"@id\":\"https:\/\/www.funasskilodge.com\/bruksvallarna-2\/#primaryimage\"},\"thumbnailUrl\":\"https:\/\/www.funasskilodge.com\/wp-content\/uploads\/2024\/07\/bruksvallarna-m-logo.jpg\",\"datePublished\":\"2024-07-04T11:45:43+00:00\",\"dateModified\":\"2024-10-14T12:32:12+00:00\",\"description\":\"Bruksvallarna \u00e4r ett skidomr\u00e5de i Fun\u00e4sfj\u00e4llen, k\u00e4nt f\u00f6r sin utm\u00e4rkta l\u00e4ngdskid\u00e5kning och natursk\u00f6na sp\u00e5r som passar alla niv\u00e5er.\",\"breadcrumb\":{\"@id\":\"https:\/\/www.funasskilodge.com\/bruksvallarna-2\/#breadcrumb\"},\"inLanguage\":\"en-US\",\"potentialAction\":[{\"@type\":\"ReadAction\",\"target\":[\"https:\/\/www.funasskilodge.com\/bruksvallarna-2\/\"]}]},{\"@type\":\"ImageObject\",\"inLanguage\":\"en-US\",\"@id\":\"https:\/\/www.funasskilodge.com\/bruksvallarna-2\/#primaryimage\",\"url\":\"https:\/\/www.funasskilodge.com\/wp-content\/uploads\/2024\/07\/bruksvallarna-m-logo.jpg\",\"contentUrl\":\"https:\/\/www.funasskilodge.com\/wp-content\/uploads\/2024\/07\/bruksvallarna-m-logo.jpg\",\"width\":1900,\"height\":1200,\"caption\":\"Bruksvallarna med sina v\u00e4lpreparerade l\u00e4ngd\u00e5kningssp\u00e5r, bel\u00e4gna n\u00e4ra Fun\u00e4s Ski Lodge\"},{\"@type\":\"BreadcrumbList\",\"@id\":\"https:\/\/www.funasskilodge.com\/bruksvallarna-2\/#breadcrumb\",\"itemListElement\":[{\"@type\":\"ListItem\",\"position\":1,\"name\":\"Home\",\"item\":\"https:\/\/www.funasskilodge.com\/\"},{\"@type\":\"ListItem\",\"position\":2,\"name\":\"Bruksvallarna\"}]},{\"@type\":\"WebSite\",\"@id\":\"https:\/\/www.funasskilodge.com\/#website\",\"url\":\"https:\/\/www.funasskilodge.com\/\",\"name\":\"Fun\u00e4s Ski Lodge\",\"description\":\"Uppt\u00e4ck skidparadiset p\u00e5 Fun\u00e4s Ski Lodge \u2013 ditt perfekta boende i Fun\u00e4sdalen i hj\u00e4rtat av Fun\u00e4sfj\u00e4llen.\",\"publisher\":{\"@id\":\"https:\/\/www.funasskilodge.com\/#organization\"},\"potentialAction\":[{\"@type\":\"SearchAction\",\"target\":{\"@type\":\"EntryPoint\",\"urlTemplate\":\"https:\/\/www.funasskilodge.com\/?s={search_term_string}\"},\"query-input\":{\"@type\":\"PropertyValueSpecification\",\"valueRequired\":true,\"valueName\":\"search_term_string\"}}],\"inLanguage\":\"en-US\"},{\"@type\":\"Organization\",\"@id\":\"https:\/\/www.funasskilodge.com\/#organization\",\"name\":\"Fun\u00e4s Ski Lodge\",\"url\":\"https:\/\/www.funasskilodge.com\/\",\"logo\":{\"@type\":\"ImageObject\",\"inLanguage\":\"en-US\",\"@id\":\"https:\/\/www.funasskilodge.com\/#\/schema\/logo\/image\/\",\"url\":\"https:\/\/www.funasskilodge.com\/wp-content\/uploads\/2024\/06\/Lager_1.svg\",\"contentUrl\":\"https:\/\/www.funasskilodge.com\/wp-content\/uploads\/2024\/06\/Lager_1.svg\",\"width\":130,\"height\":61,\"caption\":\"Fun\u00e4s Ski Lodge\"},\"image\":{\"@id\":\"https:\/\/www.funasskilodge.com\/#\/schema\/logo\/image\/\"},\"sameAs\":[\"https:\/\/www.facebook.com\/funasskilodge\",\"https:\/\/www.instagram.com\/funasskilodge\/\"]}]}<\/script>\n<!-- \/ Yoast SEO plugin. -->","yoast_head_json":{"title":"Bruksvallarna - Fun\u00e4s Ski Lodge - Accommodation in Fun\u00e4sdalen in the middle of Fun\u00e4sfj\u00e4llen","description":"Bruksvallarna is a ski area in Fun\u00e4sfj\u00e4llen, known for its excellent cross-country skiing and scenic trails suitable for all levels.","robots":{"index":"index","follow":"follow","max-snippet":"max-snippet:-1","max-image-preview":"max-image-preview:large","max-video-preview":"max-video-preview:-1"},"canonical":"https:\/\/www.funasskilodge.com\/en\/bruksvallarna-2\/","og_locale":"en_US","og_type":"article","og_title":"Bruksvallarna - Fun\u00e4s Ski Lodge - Boende i Fun\u00e4sdalen mitt i Fun\u00e4sfj\u00e4llen","og_description":"Bruksvallarna \u00e4r ett skidomr\u00e5de i Fun\u00e4sfj\u00e4llen, k\u00e4nt f\u00f6r sin utm\u00e4rkta l\u00e4ngdskid\u00e5kning och natursk\u00f6na sp\u00e5r som passar alla niv\u00e5er.","og_url":"https:\/\/www.funasskilodge.com\/en\/bruksvallarna-2\/","og_site_name":"Fun\u00e4s Ski Lodge - Boende i Fun\u00e4sdalen mitt i Fun\u00e4sfj\u00e4llen","article_publisher":"https:\/\/www.facebook.com\/funasskilodge","article_modified_time":"2024-10-14T12:32:12+00:00","og_image":[{"width":1900,"height":1200,"url":"https:\/\/www.funasskilodge.com\/wp-content\/uploads\/2024\/07\/bruksvallarna-m-logo.jpg","type":"image\/jpeg"}],"twitter_card":"summary_large_image","schema":{"@context":"https:\/\/schema.org","@graph":[{"@type":"WebPage","@id":"https:\/\/www.funasskilodge.com\/bruksvallarna-2\/","url":"https:\/\/www.funasskilodge.com\/bruksvallarna-2\/","name":"Bruksvallarna - Fun\u00e4s Ski Lodge - Accommodation in Fun\u00e4sdalen in the middle of Fun\u00e4sfj\u00e4llen","isPartOf":{"@id":"https:\/\/www.funasskilodge.com\/#website"},"primaryImageOfPage":{"@id":"https:\/\/www.funasskilodge.com\/bruksvallarna-2\/#primaryimage"},"image":{"@id":"https:\/\/www.funasskilodge.com\/bruksvallarna-2\/#primaryimage"},"thumbnailUrl":"https:\/\/www.funasskilodge.com\/wp-content\/uploads\/2024\/07\/bruksvallarna-m-logo.jpg","datePublished":"2024-07-04T11:45:43+00:00","dateModified":"2024-10-14T12:32:12+00:00","description":"Bruksvallarna is a ski area in Fun\u00e4sfj\u00e4llen, known for its excellent cross-country skiing and scenic trails suitable for all levels.","breadcrumb":{"@id":"https:\/\/www.funasskilodge.com\/bruksvallarna-2\/#breadcrumb"},"inLanguage":"en-US","potentialAction":[{"@type":"ReadAction","target":["https:\/\/www.funasskilodge.com\/bruksvallarna-2\/"]}]},{"@type":"ImageObject","inLanguage":"en-US","@id":"https:\/\/www.funasskilodge.com\/bruksvallarna-2\/#primaryimage","url":"https:\/\/www.funasskilodge.com\/wp-content\/uploads\/2024\/07\/bruksvallarna-m-logo.jpg","contentUrl":"https:\/\/www.funasskilodge.com\/wp-content\/uploads\/2024\/07\/bruksvallarna-m-logo.jpg","width":1900,"height":1200,"caption":"Bruksvallarna med sina v\u00e4lpreparerade l\u00e4ngd\u00e5kningssp\u00e5r, bel\u00e4gna n\u00e4ra Fun\u00e4s Ski Lodge"},{"@type":"BreadcrumbList","@id":"https:\/\/www.funasskilodge.com\/bruksvallarna-2\/#breadcrumb","itemListElement":[{"@type":"ListItem","position":1,"name":"Home","item":"https:\/\/www.funasskilodge.com\/"},{"@type":"ListItem","position":2,"name":"Bruksvallarna"}]},{"@type":"WebSite","@id":"https:\/\/www.funasskilodge.com\/#website","url":"https:\/\/www.funasskilodge.com\/","name":"Fun\u00e4s Ski Lodge","description":"Discover ski paradise at Fun\u00e4s Ski Lodge - your perfect accommodation in Fun\u00e4sdalen in the heart of Fun\u00e4sfj\u00e4llen.","publisher":{"@id":"https:\/\/www.funasskilodge.com\/#organization"},"potentialAction":[{"@type":"SearchAction","target":{"@type":"EntryPoint","urlTemplate":"https:\/\/www.funasskilodge.com\/?s={search_term_string}"},"query-input":{"@type":"PropertyValueSpecification","valueRequired":true,"valueName":"search_term_string"}}],"inLanguage":"en-US"},{"@type":"Organization","@id":"https:\/\/www.funasskilodge.com\/#organization","name":"Fun\u00e4s Ski Lodge","url":"https:\/\/www.funasskilodge.com\/","logo":{"@type":"ImageObject","inLanguage":"en-US","@id":"https:\/\/www.funasskilodge.com\/#\/schema\/logo\/image\/","url":"https:\/\/www.funasskilodge.com\/wp-content\/uploads\/2024\/06\/Lager_1.svg","contentUrl":"https:\/\/www.funasskilodge.com\/wp-content\/uploads\/2024\/06\/Lager_1.svg","width":130,"height":61,"caption":"Fun\u00e4s Ski Lodge"},"image":{"@id":"https:\/\/www.funasskilodge.com\/#\/schema\/logo\/image\/"},"sameAs":["https:\/\/www.facebook.com\/funasskilodge","https:\/\/www.instagram.com\/funasskilodge\/"]}]}},"_links":{"self":[{"href":"https:\/\/www.funasskilodge.com\/en\/wp-json\/wp\/v2\/pages\/619","targetHints":{"allow":["GET"]}}],"collection":[{"href":"https:\/\/www.funasskilodge.com\/en\/wp-json\/wp\/v2\/pages"}],"about":[{"href":"https:\/\/www.funasskilodge.com\/en\/wp-json\/wp\/v2\/types\/page"}],"author":[{"embeddable":true,"href":"https:\/\/www.funasskilodge.com\/en\/wp-json\/wp\/v2\/users\/4"}],"replies":[{"embeddable":true,"href":"https:\/\/www.funasskilodge.com\/en\/wp-json\/wp\/v2\/comments?post=619"}],"version-history":[{"count":2,"href":"https:\/\/www.funasskilodge.com\/en\/wp-json\/wp\/v2\/pages\/619\/revisions"}],"predecessor-version":[{"id":1630,"href":"https:\/\/www.funasskilodge.com\/en\/wp-json\/wp\/v2\/pages\/619\/revisions\/1630"}],"wp:featuredmedia":[{"embeddable":true,"href":"https:\/\/www.funasskilodge.com\/en\/wp-json\/wp\/v2\/media\/837"}],"wp:attachment":[{"href":"https:\/\/www.funasskilodge.com\/en\/wp-json\/wp\/v2\/media?parent=619"}],"curies":[{"name":"wp","href":"https:\/\/api.w.org\/{rel}","templated":true}]}}