{"id":573,"date":"2024-07-04T10:38:43","date_gmt":"2024-07-04T10:38:43","guid":{"rendered":"http:\/\/www.funasskilodge.com\/?page_id=573"},"modified":"2024-10-14T12:30:13","modified_gmt":"2024-10-14T12:30:13","slug":"funas-valley","status":"publish","type":"page","link":"https:\/\/www.funasskilodge.com\/en\/funas-valley\/","title":{"rendered":"Fun\u00e4sdalen"},"content":{"rendered":"<section class=\"relative w-full max-h-[800px] tablet:h-[50dvh] h-[80dvh] min-h-[25rem] pt-8 mobile:pt-7 mobile:min-h-0 flex mobile:items-center tablet:items-end\">\n\t\t<div class=\"absolute top-0 left-0 w-full h-full max-h-[800px] mobile:h-[50dvh]\">\n\t\t\t\t\t<img decoding=\"async\" class=\"object-cover object-center w-full h-full mobile:object-bottom\" src=\"https:\/\/www.funasskilodge.com\/wp-content\/uploads\/2024\/07\/funasdalsberget-m-logo-002.jpg\" alt=\"\">\n\t\t\t<\/div>\n\t<div class=\"relative z-30 flex flex-col items-center bottom-[150px] text-center justify-end w-full max-h-[800px] h-[40dvh] min-h-[25rem] pt-8 mobile:min-h-0 tablet:h-[50dvh] tablet:min-h-0 gap-6 px-8 pb-6 m-auto text-white tablet:justify-center mobile:pt-7 outer-contain tablet:px-4\">\n\t\t\t<\/div>\n\t\t<div class=\"absolute w-full h-full pb-7 bottom-0 z-[21] max-h-[100px] bg-gradient-to-t to-transparent from-white\">\n\n\t<\/div>\n<\/section>\n\n\n<section class=\"w-full bg-white pt-5 pb-5\">\n\t<div class=\"flex flex-col items-center justify-start w-full gap-8 m-auto outer-contain desktop-sm:px-4\">\n\t\t<div class=\"flex flex-col items-center justify-start w-full gap-7\">\n\n\t\t\t<div class=\"flex flex-col items-center justify-start gap-6 max-w-[940px] text-center\">\n\t\t\t\t<h2 class=\"text-black\">Fun\u00e4sdalen - Fun\u00e4sberget<\/h2>\n\t\t\t\t<p class=\"-large text-trueBlack\">Welcome to Fun\u00e4sdalen! Fun\u00e4sdalen is an award-winning ski resort in H\u00e4rjedalen near the Norwegian border. Fun\u00e4sdalen is a truly vibrant mountain village where you'll find authentic restaurants, grocery stores, liquor stores, museums, sports shops and grocery stores as well as world-class mountain experiences. From Fun\u00e4s Ski Lodge you are close to everything, book your accommodation here<\/p>\n\t\t\t<\/div>\n\t\t<\/div>\n\t<\/div>\n<\/section>\n\n\n<div class=\"flex items-start w-full pt-5 pb-0 bg-white\">\n\t\t\t<div class=\"w-full m-auto wysiwyg-style desktop-sm:px-4 text-contain\">\n\t\t\t<h4>Skiing in Fun\u00e4sdalen<\/h4>\n<p><a href=\"http:\/\/www.funasdalenberghotell.se\/berget-vintertid\" rel=\"nofollow\">Fun\u00e4sberget <\/a>is a paradise for those who like long, soft carving turns on wide slopes and challenges in double-black runs. Fun\u00e4sdalen is snow-sure, it snows about five meters every year and skiing in constant fresh snow gives an unbeatable, slightly addictive feeling. One of the best slopes, Smebacken, where the European Cup in women's giant slalom has been held, is a favorite among competitive skiers. Both national and international teams train for alpine racing in Fun\u00e4sdalen, and both smaller competitions and major international competitions are held throughout the year.<\/p>\n<p>Fun\u00e4sberget offers <a href=\"http:\/\/www.funasskilodge.com\/en\/ski-waxing\/\">skiing<\/a> world-class and has a drop of over 300 meters - the highest in Fun\u00e4sfj\u00e4llen. For those who like challenges, there are black slopes and off-piste, long lovely slopes and even forest skiing. Just make sure you have well-trained leg muscles if you want to be able to stand from start to finish! In Fun\u00e4sdalen you will find skiing for all types of ski fans - skibums, off-piste skiers, park skiers, board skiers, elite skiers, furry ladies, children and ordinary skiers.<\/p>\n<p>It has been called Scandinavia's Chamonix, Fun\u00e4sfj\u00e4llen and Fun\u00e4sberget in H\u00e4rjedalen. And not for nothing.<\/p>\n\t\t<\/div>\n\t<\/div>\n\n<section class=\"w-full pt-5 pb-5 bg-white\">\n\t<div class=\"flex items-center justify-center w-full gap-3 m-auto inner-contain tablet:px-4 tablet:flex-col\">\n\t\t\n\t\t\t\t\t\t\t\t\t<a class=\"btn-primary\" href=\"https:\/\/www.funasskilodge.com\/wp-content\/uploads\/2024\/09\/3652.pdf\" target=\"_blank\">\n\t\t\t\t\t\tSki map &gt;\t\t\t\t\t<\/a>\n\t\t\t\t\t\t\t\n\t\t\t\t\t\t\t\t\t<a class=\"btn-primary\" href=\"http:\/\/www.funasskilodge.com\/en\/mountain-pass\/\" target=\"\">\n\t\t\t\t\t\tMountain pass (Lift pass) &gt;\t\t\t\t\t<\/a>\n\t\t\t\t\t\t\t\t\t\n\n\t<\/div>\n<\/section>\n\n\n<div class=\"flex items-start w-full pt-5 pb-5 bg-white\">\n\t\t\t<div class=\"w-full m-auto wysiwyg-style desktop-sm:px-4 text-contain\">\n\t\t\t<h4>Activities in Fun\u00e4sdalen<\/h4>\n<p>In addition to skiing, you will find a variety of <a href=\"http:\/\/www.funasskilodge.com\/en\/activities\/\">activities<\/a> in Fun\u00e4sdalen. Summer, spring and fall you can enjoy fantastic <a href=\"http:\/\/www.funasskilodge.com\/en\/activities\/hiking-in-funasfjallen\/\">mountain hiking<\/a>, one of Sweden's most complete <a href=\"http:\/\/www.funasskilodge.com\/en\/activities\/cycling\/\">MTB areas<\/a>, <a href=\"http:\/\/www.funasskilodge.com\/en\/activities\/fiske-i-funasdalen\/\">fishing<\/a> in over 200 mountain lakes, <a href=\"http:\/\/www.funasskilodge.com\/en\/activities\/play-golf-in-funasdalen\/\">wave<\/a> on some of Sweden's most beautiful golf courses and everything from <a href=\"http:\/\/www.funasskilodge.com\/en\/activities\/vara-lagenheter\/\">paddling<\/a> to <a href=\"http:\/\/www.funasskilodge.com\/en\/activities\/ski-school\/\">climbing<\/a> and <a href=\"http:\/\/www.funasskilodge.com\/en\/activities\/horseback-riding\/\">horseback riding<\/a>. In Fun\u00e4sdalen there is something for everyone regardless of the season.<\/p>\n\t\t<\/div>\n\t<\/div>\n\n\n<div class=\"flex items-start w-full pt-0 pb-0 bg-white\">\n\t\t\t<div class=\"w-full m-auto wysiwyg-style desktop-sm:px-4 text-contain\">\n\t\t\t<h4>Where to stay in Fun\u00e4sdalen?<\/h4>\n<p>To make the most of your stay, stay centrally in modern apartments at <a href=\"http:\/\/www.funasskilodge.com\/en\/om-funas-ski-lodge\/\">Fun\u00e4s Ski Lodge<\/a>. With the ski slope on one side and views of Fun\u00e4sdalssj\u00f6n and R\u00f6dfj\u00e4llet on the other, you can really enjoy the fact that a couple of steps is all it takes to get to R\u00f6stbergsliften when you close the front door. Having your accommodation next to Fun\u00e4sdalen's lifts is an advantage for several reasons. You save a lot of time and can easily take a break and rest for a while whenever you want.<\/p>\n<p>Within 10 minutes walking distance you will find Fun\u00e4sdalens by with all the necessary shops as well as cafes and restaurants where you can relax and enjoy after an active day in the mountains.  Fun\u00e4sdalens by offers cafes, restaurants, systembolaget, bank, post office and well-stocked grocery stores and sports shops.<\/p>\n<p>Whether your group consists of just two people or several families and large parties, we offer excellent accommodation in Fun\u00e4sdalen for your needs. Fun\u00e4s Ski Lodge is an obvious choice for those who want to experience the best vacation in the Swedish mountains.<\/p>\n\t\t<\/div>\n\t<\/div>\n\n<section class=\"w-full pt-5 pb-5 bg-white\">\n\t<div class=\"flex items-center justify-center w-full gap-3 m-auto inner-contain tablet:px-4 tablet:flex-col\">\n\t\t\n\t\t\t\t\t\t\t\t\t<a class=\"btn-primary\" href=\"https:\/\/book.funasskilodge.com\/R?channelId=8a16445e-0920-4a01-8a80-995fe061befb&#038;initialPath=\/accommodation#\/accommodation\" target=\"_blank\">\n\t\t\t\t\t\tBook accommodation in Fun\u00e4sfj\u00e4llen &gt;\t\t\t\t\t<\/a>\n\t\t\t\t\t\t\t\t\t\n\n\t<\/div>\n<\/section>\n\n\n<section class=\"w-full bg-white pt-7 pb-7\">\n\t<div class=\"w-full m-auto outer-contain\">\n\n\t\t<div class=\"grid w-full grid-cols-3 gap-5 tablet:grid-cols-1 tablet:max-w-[40rem] mobile:max-w-none tablet:m-auto desktop-sm:px-4 place-items-start\">\n\t\t\t\n\t\t\t\t\t<div class=\"flex flex-col justify-start w-full gap-5\">\n\t\t\t\t\t\t\t\t\t\t\t\t\t<a href=\"http:\/\/www.funasskilodge.com\/en\/funas-mountains\/\" target=\"\">\n\t\t\t\t\t\t\t\t<img decoding=\"async\" class=\"rounded-[20px] w-full h-[320px] desktop-sm:h-[380px] mobile:h-[280px] object-cover\" src=\"https:\/\/www.funasskilodge.com\/wp-content\/uploads\/2024\/07\/funasberget-ejansson-webb-07805.jpg\" alt=\"\">\n\t\t\t\t\t\t\t<\/a>\n\t\t\t\t\t\t\t\t\t\t\t\t<div class=\"flex flex-col items-start justify-start gap-3 px-5\">\n\t\t\t\t\t\t\t<h4>Fun\u00e4sfj\u00e4llen<\/h4>\n\t\t\t\t\t\t\t<p>Fun\u00e4sfj\u00e4llen is one of Sweden's most snow-sure areas. Here you will find six ski areas with 135 slopes - all in one lift pass. Skiing in natural snow provides a....<\/p>\n\t\t\t\t\t\t\t\t\t\t\t\t\t\t\t<a href=\"http:\/\/www.funasskilodge.com\/en\/funas-mountains\/\" target=\"\" class=\"transition-colors duration-150 ease-in-out hover:text-black\">Read more about Fun\u00e4sfj\u00e4llen &gt;<\/a>\n\t\t\t\t\t\t\t\t\t\t\t\t\t<\/div>\n\t\t\t\t\t<\/div>\n\t\t\t\t\n\t\t\t\t\t<div class=\"flex flex-col justify-start w-full gap-5\">\n\t\t\t\t\t\t\t\t\t\t\t\t\t<a href=\"http:\/\/www.funasskilodge.com\/en\/activities\/#mat-dryck\" target=\"\">\n\t\t\t\t\t\t\t\t<img decoding=\"async\" class=\"rounded-[20px] w-full h-[320px] desktop-sm:h-[380px] mobile:h-[280px] object-cover\" src=\"https:\/\/www.funasskilodge.com\/wp-content\/uploads\/2024\/07\/funasberget-ejansson-webb-07472.jpg\" alt=\"\">\n\t\t\t\t\t\t\t<\/a>\n\t\t\t\t\t\t\t\t\t\t\t\t<div class=\"flex flex-col items-start justify-start gap-3 px-5\">\n\t\t\t\t\t\t\t<h4>Food &amp; Drink<\/h4>\n\t\t\t\t\t\t\t<p>Good and well-prepared food is served at several restaurants around Fun\u00e4sdalsberget. During a day in the mountains, you need to fill up with energy and food. Here you can enjoy everything from typical dishes from...<\/p>\n\t\t\t\t\t\t\t\t\t\t\t\t\t\t\t<a href=\"http:\/\/www.funasskilodge.com\/en\/activities\/#mat-dryck\" target=\"\" class=\"transition-colors duration-150 ease-in-out hover:text-black\">Read more about Food &amp; Drink &gt;<\/a>\n\t\t\t\t\t\t\t\t\t\t\t\t\t<\/div>\n\t\t\t\t\t<\/div>\n\t\t\t\t\n\t\t\t\t\t<div class=\"flex flex-col justify-start w-full gap-5\">\n\t\t\t\t\t\t\t\t\t\t\t\t\t<a href=\"http:\/\/www.funasskilodge.com\/en\/fjallbyn\/\" target=\"\">\n\t\t\t\t\t\t\t\t<img decoding=\"async\" class=\"rounded-[20px] w-full h-[320px] desktop-sm:h-[380px] mobile:h-[280px] object-cover\" src=\"https:\/\/www.funasskilodge.com\/wp-content\/uploads\/2024\/08\/orderid-5-scaled7.jpg\" alt=\"\">\n\t\t\t\t\t\t\t<\/a>\n\t\t\t\t\t\t\t\t\t\t\t\t<div class=\"flex flex-col items-start justify-start gap-3 px-5\">\n\t\t\t\t\t\t\t<h4>The mountain village Fun\u00e4sdalen - A genuine mountain village<\/h4>\n\t\t\t\t\t\t\t<p>Fun\u00e4sdalen is the central village of the area; a genuine mountain village with a full range of services. The characteristic Fun\u00e4sdalsberget mountain rises in the village with a high-class alpine area. For cross-country skiers, the trail system connects in several places and...<\/p>\n\t\t\t\t\t\t\t\t\t\t\t\t\t\t\t<a href=\"http:\/\/www.funasskilodge.com\/en\/fjallbyn\/\" target=\"\" class=\"transition-colors duration-150 ease-in-out hover:text-black\">Read more about Fj\u00e4llbyn &gt;<\/a>\n\t\t\t\t\t\t\t\t\t\t\t\t\t<\/div>\n\t\t\t\t\t<\/div>\n\t\t\t\t\t\t\t\t\t<\/div>\n\t<\/div>\n<\/section>","protected":false},"excerpt":{"rendered":"","protected":false},"author":4,"featured_media":833,"parent":0,"menu_order":0,"comment_status":"closed","ping_status":"closed","template":"","meta":{"_acf_changed":false,"footnotes":""},"class_list":["post-573","page","type-page","status-publish","has-post-thumbnail","hentry"],"acf":[],"yoast_head":"<!-- This site is optimized with the Yoast SEO plugin v26.8 - https:\/\/yoast.com\/product\/yoast-seo-wordpress\/ -->\n<title>Fun\u00e4sdalen - Fun\u00e4s Ski Lodge - Boende i Fun\u00e4sdalen mitt i Fun\u00e4sfj\u00e4llen<\/title>\n<meta name=\"description\" content=\"Fun\u00e4sdalen \u00e4r ett av sex skidomr\u00e5den i Fun\u00e4sfj\u00e4llen med fantastisk skid\u00e5kning, pittoresk byk\u00e4nsla och aktiviteter \u00e5ret runt f\u00f6r hela familjen.\" \/>\n<meta name=\"robots\" content=\"index, follow, max-snippet:-1, max-image-preview:large, max-video-preview:-1\" \/>\n<link rel=\"canonical\" href=\"https:\/\/www.funasskilodge.com\/en\/funas-valley\/\" \/>\n<meta property=\"og:locale\" content=\"en_US\" \/>\n<meta property=\"og:type\" content=\"article\" \/>\n<meta property=\"og:title\" content=\"Fun\u00e4sdalen - Fun\u00e4s Ski Lodge - Boende i Fun\u00e4sdalen mitt i Fun\u00e4sfj\u00e4llen\" \/>\n<meta property=\"og:description\" content=\"Fun\u00e4sdalen \u00e4r ett av sex skidomr\u00e5den i Fun\u00e4sfj\u00e4llen med fantastisk skid\u00e5kning, pittoresk byk\u00e4nsla och aktiviteter \u00e5ret runt f\u00f6r hela familjen.\" \/>\n<meta property=\"og:url\" content=\"https:\/\/www.funasskilodge.com\/en\/funas-valley\/\" \/>\n<meta property=\"og:site_name\" content=\"Fun\u00e4s Ski Lodge - Boende i Fun\u00e4sdalen mitt i Fun\u00e4sfj\u00e4llen\" \/>\n<meta property=\"article:publisher\" content=\"https:\/\/www.facebook.com\/funasskilodge\" \/>\n<meta property=\"article:modified_time\" content=\"2024-10-14T12:30:13+00:00\" \/>\n<meta property=\"og:image\" content=\"https:\/\/www.funasskilodge.com\/wp-content\/uploads\/2024\/07\/funasdalsberget-m-logo-002.jpg\" \/>\n\t<meta property=\"og:image:width\" content=\"1900\" \/>\n\t<meta property=\"og:image:height\" content=\"1200\" \/>\n\t<meta property=\"og:image:type\" content=\"image\/jpeg\" \/>\n<meta name=\"twitter:card\" content=\"summary_large_image\" \/>\n<meta name=\"twitter:label1\" content=\"Est. reading time\" \/>\n\t<meta name=\"twitter:data1\" content=\"1 minute\" \/>\n<script type=\"application\/ld+json\" class=\"yoast-schema-graph\">{\"@context\":\"https:\/\/schema.org\",\"@graph\":[{\"@type\":\"WebPage\",\"@id\":\"https:\/\/www.funasskilodge.com\/funasdalen\/\",\"url\":\"https:\/\/www.funasskilodge.com\/funasdalen\/\",\"name\":\"Fun\u00e4sdalen - Fun\u00e4s Ski Lodge - Boende i Fun\u00e4sdalen mitt i Fun\u00e4sfj\u00e4llen\",\"isPartOf\":{\"@id\":\"https:\/\/www.funasskilodge.com\/#website\"},\"primaryImageOfPage\":{\"@id\":\"https:\/\/www.funasskilodge.com\/funasdalen\/#primaryimage\"},\"image\":{\"@id\":\"https:\/\/www.funasskilodge.com\/funasdalen\/#primaryimage\"},\"thumbnailUrl\":\"https:\/\/www.funasskilodge.com\/wp-content\/uploads\/2024\/07\/funasdalsberget-m-logo-002.jpg\",\"datePublished\":\"2024-07-04T10:38:43+00:00\",\"dateModified\":\"2024-10-14T12:30:13+00:00\",\"description\":\"Fun\u00e4sdalen \u00e4r ett av sex skidomr\u00e5den i Fun\u00e4sfj\u00e4llen med fantastisk skid\u00e5kning, pittoresk byk\u00e4nsla och aktiviteter \u00e5ret runt f\u00f6r hela familjen.\",\"breadcrumb\":{\"@id\":\"https:\/\/www.funasskilodge.com\/funasdalen\/#breadcrumb\"},\"inLanguage\":\"en-US\",\"potentialAction\":[{\"@type\":\"ReadAction\",\"target\":[\"https:\/\/www.funasskilodge.com\/funasdalen\/\"]}]},{\"@type\":\"ImageObject\",\"inLanguage\":\"en-US\",\"@id\":\"https:\/\/www.funasskilodge.com\/funasdalen\/#primaryimage\",\"url\":\"https:\/\/www.funasskilodge.com\/wp-content\/uploads\/2024\/07\/funasdalsberget-m-logo-002.jpg\",\"contentUrl\":\"https:\/\/www.funasskilodge.com\/wp-content\/uploads\/2024\/07\/funasdalsberget-m-logo-002.jpg\",\"width\":1900,\"height\":1200,\"caption\":\"Skidbackarna p\u00e5 Fun\u00e4sdalsberget i Fun\u00e4sdalen, med Fun\u00e4s Ski Lodge synlig i bakgrunden.\"},{\"@type\":\"BreadcrumbList\",\"@id\":\"https:\/\/www.funasskilodge.com\/funasdalen\/#breadcrumb\",\"itemListElement\":[{\"@type\":\"ListItem\",\"position\":1,\"name\":\"Home\",\"item\":\"https:\/\/www.funasskilodge.com\/\"},{\"@type\":\"ListItem\",\"position\":2,\"name\":\"Fun\u00e4sdalen\"}]},{\"@type\":\"WebSite\",\"@id\":\"https:\/\/www.funasskilodge.com\/#website\",\"url\":\"https:\/\/www.funasskilodge.com\/\",\"name\":\"Fun\u00e4s Ski Lodge\",\"description\":\"Uppt\u00e4ck skidparadiset p\u00e5 Fun\u00e4s Ski Lodge \u2013 ditt perfekta boende i Fun\u00e4sdalen i hj\u00e4rtat av Fun\u00e4sfj\u00e4llen.\",\"publisher\":{\"@id\":\"https:\/\/www.funasskilodge.com\/#organization\"},\"potentialAction\":[{\"@type\":\"SearchAction\",\"target\":{\"@type\":\"EntryPoint\",\"urlTemplate\":\"https:\/\/www.funasskilodge.com\/?s={search_term_string}\"},\"query-input\":{\"@type\":\"PropertyValueSpecification\",\"valueRequired\":true,\"valueName\":\"search_term_string\"}}],\"inLanguage\":\"en-US\"},{\"@type\":\"Organization\",\"@id\":\"https:\/\/www.funasskilodge.com\/#organization\",\"name\":\"Fun\u00e4s Ski Lodge\",\"url\":\"https:\/\/www.funasskilodge.com\/\",\"logo\":{\"@type\":\"ImageObject\",\"inLanguage\":\"en-US\",\"@id\":\"https:\/\/www.funasskilodge.com\/#\/schema\/logo\/image\/\",\"url\":\"https:\/\/www.funasskilodge.com\/wp-content\/uploads\/2024\/06\/Lager_1.svg\",\"contentUrl\":\"https:\/\/www.funasskilodge.com\/wp-content\/uploads\/2024\/06\/Lager_1.svg\",\"width\":130,\"height\":61,\"caption\":\"Fun\u00e4s Ski Lodge\"},\"image\":{\"@id\":\"https:\/\/www.funasskilodge.com\/#\/schema\/logo\/image\/\"},\"sameAs\":[\"https:\/\/www.facebook.com\/funasskilodge\",\"https:\/\/www.instagram.com\/funasskilodge\/\"]}]}<\/script>\n<!-- \/ Yoast SEO plugin. -->","yoast_head_json":{"title":"Fun\u00e4sdalen - Fun\u00e4s Ski Lodge - Accommodation in Fun\u00e4sdalen in the middle of Fun\u00e4sfj\u00e4llen","description":"Fun\u00e4sdalen is one of six ski areas in Fun\u00e4sfj\u00e4llen with fantastic skiing, a picturesque village feel and year-round activities for the whole family.","robots":{"index":"index","follow":"follow","max-snippet":"max-snippet:-1","max-image-preview":"max-image-preview:large","max-video-preview":"max-video-preview:-1"},"canonical":"https:\/\/www.funasskilodge.com\/en\/funas-valley\/","og_locale":"en_US","og_type":"article","og_title":"Fun\u00e4sdalen - Fun\u00e4s Ski Lodge - Boende i Fun\u00e4sdalen mitt i Fun\u00e4sfj\u00e4llen","og_description":"Fun\u00e4sdalen \u00e4r ett av sex skidomr\u00e5den i Fun\u00e4sfj\u00e4llen med fantastisk skid\u00e5kning, pittoresk byk\u00e4nsla och aktiviteter \u00e5ret runt f\u00f6r hela familjen.","og_url":"https:\/\/www.funasskilodge.com\/en\/funas-valley\/","og_site_name":"Fun\u00e4s Ski Lodge - Boende i Fun\u00e4sdalen mitt i Fun\u00e4sfj\u00e4llen","article_publisher":"https:\/\/www.facebook.com\/funasskilodge","article_modified_time":"2024-10-14T12:30:13+00:00","og_image":[{"width":1900,"height":1200,"url":"https:\/\/www.funasskilodge.com\/wp-content\/uploads\/2024\/07\/funasdalsberget-m-logo-002.jpg","type":"image\/jpeg"}],"twitter_card":"summary_large_image","twitter_misc":{"Est. reading time":"1 minute"},"schema":{"@context":"https:\/\/schema.org","@graph":[{"@type":"WebPage","@id":"https:\/\/www.funasskilodge.com\/funasdalen\/","url":"https:\/\/www.funasskilodge.com\/funasdalen\/","name":"Fun\u00e4sdalen - Fun\u00e4s Ski Lodge - Accommodation in Fun\u00e4sdalen in the middle of Fun\u00e4sfj\u00e4llen","isPartOf":{"@id":"https:\/\/www.funasskilodge.com\/#website"},"primaryImageOfPage":{"@id":"https:\/\/www.funasskilodge.com\/funasdalen\/#primaryimage"},"image":{"@id":"https:\/\/www.funasskilodge.com\/funasdalen\/#primaryimage"},"thumbnailUrl":"https:\/\/www.funasskilodge.com\/wp-content\/uploads\/2024\/07\/funasdalsberget-m-logo-002.jpg","datePublished":"2024-07-04T10:38:43+00:00","dateModified":"2024-10-14T12:30:13+00:00","description":"Fun\u00e4sdalen is one of six ski areas in Fun\u00e4sfj\u00e4llen with fantastic skiing, a picturesque village feel and year-round activities for the whole family.","breadcrumb":{"@id":"https:\/\/www.funasskilodge.com\/funasdalen\/#breadcrumb"},"inLanguage":"en-US","potentialAction":[{"@type":"ReadAction","target":["https:\/\/www.funasskilodge.com\/funasdalen\/"]}]},{"@type":"ImageObject","inLanguage":"en-US","@id":"https:\/\/www.funasskilodge.com\/funasdalen\/#primaryimage","url":"https:\/\/www.funasskilodge.com\/wp-content\/uploads\/2024\/07\/funasdalsberget-m-logo-002.jpg","contentUrl":"https:\/\/www.funasskilodge.com\/wp-content\/uploads\/2024\/07\/funasdalsberget-m-logo-002.jpg","width":1900,"height":1200,"caption":"Skidbackarna p\u00e5 Fun\u00e4sdalsberget i Fun\u00e4sdalen, med Fun\u00e4s Ski Lodge synlig i bakgrunden."},{"@type":"BreadcrumbList","@id":"https:\/\/www.funasskilodge.com\/funasdalen\/#breadcrumb","itemListElement":[{"@type":"ListItem","position":1,"name":"Home","item":"https:\/\/www.funasskilodge.com\/"},{"@type":"ListItem","position":2,"name":"Fun\u00e4sdalen"}]},{"@type":"WebSite","@id":"https:\/\/www.funasskilodge.com\/#website","url":"https:\/\/www.funasskilodge.com\/","name":"Fun\u00e4s Ski Lodge","description":"Discover ski paradise at Fun\u00e4s Ski Lodge - your perfect accommodation in Fun\u00e4sdalen in the heart of Fun\u00e4sfj\u00e4llen.","publisher":{"@id":"https:\/\/www.funasskilodge.com\/#organization"},"potentialAction":[{"@type":"SearchAction","target":{"@type":"EntryPoint","urlTemplate":"https:\/\/www.funasskilodge.com\/?s={search_term_string}"},"query-input":{"@type":"PropertyValueSpecification","valueRequired":true,"valueName":"search_term_string"}}],"inLanguage":"en-US"},{"@type":"Organization","@id":"https:\/\/www.funasskilodge.com\/#organization","name":"Fun\u00e4s Ski Lodge","url":"https:\/\/www.funasskilodge.com\/","logo":{"@type":"ImageObject","inLanguage":"en-US","@id":"https:\/\/www.funasskilodge.com\/#\/schema\/logo\/image\/","url":"https:\/\/www.funasskilodge.com\/wp-content\/uploads\/2024\/06\/Lager_1.svg","contentUrl":"https:\/\/www.funasskilodge.com\/wp-content\/uploads\/2024\/06\/Lager_1.svg","width":130,"height":61,"caption":"Fun\u00e4s Ski Lodge"},"image":{"@id":"https:\/\/www.funasskilodge.com\/#\/schema\/logo\/image\/"},"sameAs":["https:\/\/www.facebook.com\/funasskilodge","https:\/\/www.instagram.com\/funasskilodge\/"]}]}},"_links":{"self":[{"href":"https:\/\/www.funasskilodge.com\/en\/wp-json\/wp\/v2\/pages\/573","targetHints":{"allow":["GET"]}}],"collection":[{"href":"https:\/\/www.funasskilodge.com\/en\/wp-json\/wp\/v2\/pages"}],"about":[{"href":"https:\/\/www.funasskilodge.com\/en\/wp-json\/wp\/v2\/types\/page"}],"author":[{"embeddable":true,"href":"https:\/\/www.funasskilodge.com\/en\/wp-json\/wp\/v2\/users\/4"}],"replies":[{"embeddable":true,"href":"https:\/\/www.funasskilodge.com\/en\/wp-json\/wp\/v2\/comments?post=573"}],"version-history":[{"count":6,"href":"https:\/\/www.funasskilodge.com\/en\/wp-json\/wp\/v2\/pages\/573\/revisions"}],"predecessor-version":[{"id":2034,"href":"https:\/\/www.funasskilodge.com\/en\/wp-json\/wp\/v2\/pages\/573\/revisions\/2034"}],"wp:featuredmedia":[{"embeddable":true,"href":"https:\/\/www.funasskilodge.com\/en\/wp-json\/wp\/v2\/media\/833"}],"wp:attachment":[{"href":"https:\/\/www.funasskilodge.com\/en\/wp-json\/wp\/v2\/media?parent=573"}],"curies":[{"name":"wp","href":"https:\/\/api.w.org\/{rel}","templated":true}]}}