{"id":532,"date":"2024-07-04T08:48:32","date_gmt":"2024-07-04T08:48:32","guid":{"rendered":"http:\/\/www.funasskilodge.com\/infor-ankomsten-copy-copy\/"},"modified":"2024-08-27T11:08:10","modified_gmt":"2024-08-27T11:08:10","slug":"during-the-stay-in-the-funas-valley","status":"publish","type":"page","link":"https:\/\/www.funasskilodge.com\/en\/during-the-stay-in-the-funas-valley\/","title":{"rendered":"During the stay"},"content":{"rendered":"<section class=\"w-full bg-white pt-8 pb-5\">\n\t<div class=\"flex flex-col items-center justify-start w-full gap-8 m-auto outer-contain desktop-sm:px-4\">\n\t\t<div class=\"flex flex-col items-center justify-start w-full gap-7\">\n\n\t\t\t<div class=\"flex flex-col items-center justify-start gap-6 max-w-[940px] text-center\">\n\t\t\t\t<h2 class=\"text-black\">During the stay<\/h2>\n\t\t\t\t<p class=\"-large text-trueBlack\"><\/p>\n\t\t\t<\/div>\n\t\t<\/div>\n\t<\/div>\n<\/section>\n\n\n<div class=\"flex items-start w-full pt-5 pb-5 bg-white\">\n\t\t\t<div class=\"flex items-start justify-between w-full gap-8 m-auto article-contain tablet:flex-col tablet:gap-4 desktop-sm:px-4\">\n\t\t\t<div class=\"w-full wysiwyg-style\">\n\t\t\t\t<p>We hope you have a wonderful stay at Fun\u00e4s Ski Lodge and in Fun\u00e4sdalen. Almost everything you need is in the village. No IKEA department store, but basically everything else. Two large, well-stocked grocery stores, a liquor store, restaurants, ski rental and other recreational equipment needed to make your stay a success.<\/p>\n<p>In the area, right next to the accommodation, there is a parking lot with electrical outlets, ski storage, a vault, a bicycle wash and a garbage container.<\/p>\n<p><strong>Well-being rules<\/strong><br \/>\nFor everyone's enjoyment, you as a guest must take good care of the apartment and follow the rules, instructions and regulations that apply. There is a guest booklet in the apartment that contains most of what you need to know and think about. Common sense applies, but here are some of the most important points:<\/p>\n<p>In the event of any defects \/ deficiencies in the apartment, it must be reported no later than 11.00 the day after arrival. If something is missing, call the cottage host.<\/p>\n<p>From 23:00 to 07:00 we speak in small letters so as not to disturb other guests.<\/p>\n<p>ALL apartments are non-smoking. (Sanitation fee will be charged in case of violation.)<\/p>\n<p>In some apartments pets are welcome, this must be stated at the time of booking (otherwise extra cleaning and sanitization fees will be charged)<\/p>\n<p>You are only allowed to be on the slopes and lift gates during general opening hours (all other times are working hours)<\/p>\n<p>In H\u00e4rjedalen municipality, there is a total ban on firecrackers and fireworks.<\/p>\n<p>Do not wear ski boots indoors and use the ski storage room.<\/p>\n<p>The guest is fully responsible for any loss of keys, damage caused to the accommodation and its furnishings. We reserve the right to evict you and your party in the event of misbehavior or if the apartment is used for other than what it is intended for. You will not be entitled to recover any part of the rent.<\/p>\n<p>So, that's all the exhortations. The most important exhortation? Have a really nice and relaxing time with us!<\/p>\n<p><strong>STUGV\u00c4RDEN &amp; G\u00c4STSERVICE<\/strong><\/p>\n<p>Visiting address: <a href=\"https:\/\/www.google.com\/maps\/place\/\/data=!4m2!3m1!1s0x466ea10034ce021d:0x74c8478eef6d4fa5?sa=X&amp;ved=1t:8290&amp;ictx=111\" target=\"_blank\" rel=\"noopener\">Vallarv\u00e4gen 4<\/a><br \/>\n840 95 Fun\u00e4sdalen<\/p>\n<p>E-mail:\u00a0<a href=\"mailto:info@stugvarden.se\">info@stugvarden.se<\/a><br \/>\nJourtel: <a href=\"tel:+46708240655\">0708-24 06 55<\/a><\/p>\n\t\t\t<\/div>\n\t\t\t\t\t\t\t<div class=\"flex flex-col items-center justify-start gap-3 tablet:justify-center tablet:w-full\">\n\n\t\t\t\t\t\n\n\t\t\t\t\t\t\t\t\t\t\t\t\t<a class=\"btn-primary\" href=\"http:\/\/www.funasskilodge.com\/en\/cottage-gardens\/\" target=\"\">Additional Services &amp; Support &gt;<\/a>\n\t\t\t\t\t\t\t\t\t\t\t\n\n\t\t\t\t\t\t\t\t\t\t\t\t\t<a class=\"btn-primary\" href=\"http:\/\/www.funasskilodge.com\/en\/for-arrivals\/\" target=\"\">Before arrival &gt;<\/a>\n\t\t\t\t\t\t\t\t\t\t\t\n\n\t\t\t\t\t\t\t\t\t\t\t\t\t<a class=\"btn-primary\" href=\"https:\/\/www.funasskilodge.com\/en\/funas-ski-lodge-reception\/\" target=\"\">Reception &gt;<\/a>\n\t\t\t\t\t\t\t\t\t\t\t\n\n\t\t\t\t\t\t\t\t\t\t\t\t\t<a class=\"btn-primary\" href=\"http:\/\/www.funasskilodge.com\/en\/check-out\/\" target=\"\">Check-out &gt;<\/a>\n\t\t\t\t\t\t\t\t\t\t\t\t\t\t\t<\/div>\n\n\t\t\t\t\t<\/div>\n\t<\/div>\n\n\n<section class=\"w-full bg-white pt-5 pb-7\">\n\t<div class=\"w-full m-auto outer-contain\">\n\n\t\t<div class=\"grid w-full grid-cols-3 gap-5 tablet:grid-cols-1 tablet:max-w-[40rem] mobile:max-w-none tablet:m-auto desktop-sm:px-4 place-items-start\">\n\t\t\t\n\t\t\t\t\t<div class=\"flex flex-col justify-start w-full gap-5\">\n\t\t\t\t\t\t\t\t\t\t\t\t\t<a href=\"http:\/\/www.funasskilodge.com\/en\/om-funas-ski-lodge\/\" target=\"\">\n\t\t\t\t\t\t\t\t<img decoding=\"async\" class=\"rounded-[20px] w-full h-[320px] desktop-sm:h-[380px] mobile:h-[280px] object-cover\" src=\"https:\/\/www.funasskilodge.com\/wp-content\/uploads\/2024\/07\/orderid-5-scaled.jpg\" alt=\"\">\n\t\t\t\t\t\t\t<\/a>\n\t\t\t\t\t\t\t\t\t\t\t\t<div class=\"flex flex-col items-start justify-start gap-3 px-5\">\n\t\t\t\t\t\t\t<h4>About Fun\u00e4s Ski Lodge<\/h4>\n\t\t\t\t\t\t\t<p>Fun\u00e4s Ski Lodge is located directly adjacent to the Fun\u00e4sdalen ski area. We who welcome you to Fun\u00e4s Ski Lodge work at the cabin host, you check in in our...<\/p>\n\t\t\t\t\t\t\t\t\t\t\t\t\t\t\t<a href=\"http:\/\/www.funasskilodge.com\/en\/om-funas-ski-lodge\/\" target=\"\" class=\"transition-colors duration-150 ease-in-out hover:text-black\">Read more about Fun\u00e4s Ski Lodge &gt;<\/a>\n\t\t\t\t\t\t\t\t\t\t\t\t\t<\/div>\n\t\t\t\t\t<\/div>\n\t\t\t\t\n\t\t\t\t\t<div class=\"flex flex-col justify-start w-full gap-5\">\n\t\t\t\t\t\t\t\t\t\t\t\t\t<a href=\"http:\/\/www.funasskilodge.com\/en\/conference\/\" target=\"\">\n\t\t\t\t\t\t\t\t<img decoding=\"async\" class=\"rounded-[20px] w-full h-[320px] desktop-sm:h-[380px] mobile:h-[280px] object-cover\" src=\"https:\/\/www.funasskilodge.com\/wp-content\/uploads\/2024\/08\/b20becfb-d60c-4b84-b7df-982ce3a58aed.jpg\" alt=\"\">\n\t\t\t\t\t\t\t<\/a>\n\t\t\t\t\t\t\t\t\t\t\t\t<div class=\"flex flex-col items-start justify-start gap-3 px-5\">\n\t\t\t\t\t\t\t<h4>Conference, meeting or training?<\/h4>\n\t\t\t\t\t\t\t<p>Book your conference in the mountains R\u00f6stberget 120 is the name of our large, modern conference apartments that are perfect for smaller meetings, conferences or several families traveling together. R\u00f6stberget 120 is...<\/p>\n\t\t\t\t\t\t\t\t\t\t\t\t\t\t\t<a href=\"http:\/\/www.funasskilodge.com\/en\/conference\/\" target=\"\" class=\"transition-colors duration-150 ease-in-out hover:text-black\">Read more about conferences and meetings &gt;<\/a>\n\t\t\t\t\t\t\t\t\t\t\t\t\t<\/div>\n\t\t\t\t\t<\/div>\n\t\t\t\t\n\t\t\t\t\t<div class=\"flex flex-col justify-start w-full gap-5\">\n\t\t\t\t\t\t\t\t\t\t\t\t\t<a href=\"http:\/\/www.funasskilodge.com\/en\/accommodation-2-2\/\" target=\"\">\n\t\t\t\t\t\t\t\t<img decoding=\"async\" class=\"rounded-[20px] w-full h-[320px] desktop-sm:h-[380px] mobile:h-[280px] object-cover\" src=\"https:\/\/www.funasskilodge.com\/wp-content\/uploads\/2024\/08\/r120-c33-orderid-17-rumsutsikt-scaled.jpg\" alt=\"\">\n\t\t\t\t\t\t\t<\/a>\n\t\t\t\t\t\t\t\t\t\t\t\t<div class=\"flex flex-col items-start justify-start gap-3 px-5\">\n\t\t\t\t\t\t\t<h4>Accommodation in Fun\u00e4sdalen<\/h4>\n\t\t\t\t\t\t\t<p>Fun\u00e4s Ski Lodge is a modern and central accommodation of high quality a stone's throw from the lift. With 35 apartments in four sizes....<\/p>\n\t\t\t\t\t\t\t\t\t\t\t\t\t\t\t<a href=\"http:\/\/www.funasskilodge.com\/en\/accommodation-2-2\/\" target=\"\" class=\"transition-colors duration-150 ease-in-out hover:text-black\">Read more about our accommodation &gt;<\/a>\n\t\t\t\t\t\t\t\t\t\t\t\t\t<\/div>\n\t\t\t\t\t<\/div>\n\t\t\t\t\t\t\t\t\t<\/div>\n\t<\/div>\n<\/section>","protected":false},"excerpt":{"rendered":"","protected":false},"author":4,"featured_media":0,"parent":0,"menu_order":0,"comment_status":"closed","ping_status":"closed","template":"","meta":{"_acf_changed":false,"footnotes":""},"class_list":["post-532","page","type-page","status-publish","hentry"],"acf":[],"yoast_head":"<!-- This site is optimized with the Yoast SEO plugin v26.8 - https:\/\/yoast.com\/product\/yoast-seo-wordpress\/ -->\n<title>Under vistelsen i Fun\u00e4sdalen - Fun\u00e4s Ski Lodge - Boende i Fun\u00e4sdalen mitt i Fun\u00e4sfj\u00e4llen<\/title>\n<meta name=\"description\" content=\"Under vistelsen i Fun\u00e4sdalen - L\u00e4s mer om v\u00e5ra enkla riktlinjer f\u00f6r att s\u00e4kerst\u00e4lla en trevlig vistelse f\u00f6r alla g\u00e4ster hos Fun\u00e4s Ski Lodge.\" \/>\n<meta name=\"robots\" content=\"index, follow, max-snippet:-1, max-image-preview:large, max-video-preview:-1\" \/>\n<link rel=\"canonical\" href=\"https:\/\/www.funasskilodge.com\/en\/during-the-stay-in-the-funas-valley\/\" \/>\n<meta property=\"og:locale\" content=\"en_US\" \/>\n<meta property=\"og:type\" content=\"article\" \/>\n<meta property=\"og:title\" content=\"Under vistelsen i Fun\u00e4sdalen - Fun\u00e4s Ski Lodge - Boende i Fun\u00e4sdalen mitt i Fun\u00e4sfj\u00e4llen\" \/>\n<meta property=\"og:description\" content=\"Under vistelsen i Fun\u00e4sdalen - L\u00e4s mer om v\u00e5ra enkla riktlinjer f\u00f6r att s\u00e4kerst\u00e4lla en trevlig vistelse f\u00f6r alla g\u00e4ster hos Fun\u00e4s Ski Lodge.\" \/>\n<meta property=\"og:url\" content=\"https:\/\/www.funasskilodge.com\/en\/during-the-stay-in-the-funas-valley\/\" \/>\n<meta property=\"og:site_name\" content=\"Fun\u00e4s Ski Lodge - Boende i Fun\u00e4sdalen mitt i Fun\u00e4sfj\u00e4llen\" \/>\n<meta property=\"article:publisher\" content=\"https:\/\/www.facebook.com\/funasskilodge\" \/>\n<meta property=\"article:modified_time\" content=\"2024-08-27T11:08:10+00:00\" \/>\n<meta name=\"twitter:card\" content=\"summary_large_image\" \/>\n<script type=\"application\/ld+json\" class=\"yoast-schema-graph\">{\"@context\":\"https:\/\/schema.org\",\"@graph\":[{\"@type\":\"WebPage\",\"@id\":\"https:\/\/www.funasskilodge.com\/under-vistelsen-i-funasdalen\/\",\"url\":\"https:\/\/www.funasskilodge.com\/under-vistelsen-i-funasdalen\/\",\"name\":\"Under vistelsen i Fun\u00e4sdalen - Fun\u00e4s Ski Lodge - Boende i Fun\u00e4sdalen mitt i Fun\u00e4sfj\u00e4llen\",\"isPartOf\":{\"@id\":\"https:\/\/www.funasskilodge.com\/#website\"},\"datePublished\":\"2024-07-04T08:48:32+00:00\",\"dateModified\":\"2024-08-27T11:08:10+00:00\",\"description\":\"Under vistelsen i Fun\u00e4sdalen - L\u00e4s mer om v\u00e5ra enkla riktlinjer f\u00f6r att s\u00e4kerst\u00e4lla en trevlig vistelse f\u00f6r alla g\u00e4ster hos Fun\u00e4s Ski Lodge.\",\"breadcrumb\":{\"@id\":\"https:\/\/www.funasskilodge.com\/under-vistelsen-i-funasdalen\/#breadcrumb\"},\"inLanguage\":\"en-US\",\"potentialAction\":[{\"@type\":\"ReadAction\",\"target\":[\"https:\/\/www.funasskilodge.com\/under-vistelsen-i-funasdalen\/\"]}]},{\"@type\":\"BreadcrumbList\",\"@id\":\"https:\/\/www.funasskilodge.com\/under-vistelsen-i-funasdalen\/#breadcrumb\",\"itemListElement\":[{\"@type\":\"ListItem\",\"position\":1,\"name\":\"Home\",\"item\":\"https:\/\/www.funasskilodge.com\/\"},{\"@type\":\"ListItem\",\"position\":2,\"name\":\"Under vistelsen\"}]},{\"@type\":\"WebSite\",\"@id\":\"https:\/\/www.funasskilodge.com\/#website\",\"url\":\"https:\/\/www.funasskilodge.com\/\",\"name\":\"Fun\u00e4s Ski Lodge\",\"description\":\"Uppt\u00e4ck skidparadiset p\u00e5 Fun\u00e4s Ski Lodge \u2013 ditt perfekta boende i Fun\u00e4sdalen i hj\u00e4rtat av Fun\u00e4sfj\u00e4llen.\",\"publisher\":{\"@id\":\"https:\/\/www.funasskilodge.com\/#organization\"},\"potentialAction\":[{\"@type\":\"SearchAction\",\"target\":{\"@type\":\"EntryPoint\",\"urlTemplate\":\"https:\/\/www.funasskilodge.com\/?s={search_term_string}\"},\"query-input\":{\"@type\":\"PropertyValueSpecification\",\"valueRequired\":true,\"valueName\":\"search_term_string\"}}],\"inLanguage\":\"en-US\"},{\"@type\":\"Organization\",\"@id\":\"https:\/\/www.funasskilodge.com\/#organization\",\"name\":\"Fun\u00e4s Ski Lodge\",\"url\":\"https:\/\/www.funasskilodge.com\/\",\"logo\":{\"@type\":\"ImageObject\",\"inLanguage\":\"en-US\",\"@id\":\"https:\/\/www.funasskilodge.com\/#\/schema\/logo\/image\/\",\"url\":\"https:\/\/www.funasskilodge.com\/wp-content\/uploads\/2024\/06\/Lager_1.svg\",\"contentUrl\":\"https:\/\/www.funasskilodge.com\/wp-content\/uploads\/2024\/06\/Lager_1.svg\",\"width\":130,\"height\":61,\"caption\":\"Fun\u00e4s Ski Lodge\"},\"image\":{\"@id\":\"https:\/\/www.funasskilodge.com\/#\/schema\/logo\/image\/\"},\"sameAs\":[\"https:\/\/www.facebook.com\/funasskilodge\",\"https:\/\/www.instagram.com\/funasskilodge\/\"]}]}<\/script>\n<!-- \/ Yoast SEO plugin. -->","yoast_head_json":{"title":"During your stay in Fun\u00e4sdalen - Fun\u00e4s Ski Lodge - Accommodation in Fun\u00e4sdalen in the middle of Fun\u00e4sfj\u00e4llen","description":"During your stay in Fun\u00e4sdalen - Read more about our simple guidelines to ensure a pleasant stay for all guests at Fun\u00e4s Ski Lodge.","robots":{"index":"index","follow":"follow","max-snippet":"max-snippet:-1","max-image-preview":"max-image-preview:large","max-video-preview":"max-video-preview:-1"},"canonical":"https:\/\/www.funasskilodge.com\/en\/during-the-stay-in-the-funas-valley\/","og_locale":"en_US","og_type":"article","og_title":"Under vistelsen i Fun\u00e4sdalen - Fun\u00e4s Ski Lodge - Boende i Fun\u00e4sdalen mitt i Fun\u00e4sfj\u00e4llen","og_description":"Under vistelsen i Fun\u00e4sdalen - L\u00e4s mer om v\u00e5ra enkla riktlinjer f\u00f6r att s\u00e4kerst\u00e4lla en trevlig vistelse f\u00f6r alla g\u00e4ster hos Fun\u00e4s Ski Lodge.","og_url":"https:\/\/www.funasskilodge.com\/en\/during-the-stay-in-the-funas-valley\/","og_site_name":"Fun\u00e4s Ski Lodge - Boende i Fun\u00e4sdalen mitt i Fun\u00e4sfj\u00e4llen","article_publisher":"https:\/\/www.facebook.com\/funasskilodge","article_modified_time":"2024-08-27T11:08:10+00:00","twitter_card":"summary_large_image","schema":{"@context":"https:\/\/schema.org","@graph":[{"@type":"WebPage","@id":"https:\/\/www.funasskilodge.com\/under-vistelsen-i-funasdalen\/","url":"https:\/\/www.funasskilodge.com\/under-vistelsen-i-funasdalen\/","name":"During your stay in Fun\u00e4sdalen - Fun\u00e4s Ski Lodge - Accommodation in Fun\u00e4sdalen in the middle of Fun\u00e4sfj\u00e4llen","isPartOf":{"@id":"https:\/\/www.funasskilodge.com\/#website"},"datePublished":"2024-07-04T08:48:32+00:00","dateModified":"2024-08-27T11:08:10+00:00","description":"During your stay in Fun\u00e4sdalen - Read more about our simple guidelines to ensure a pleasant stay for all guests at Fun\u00e4s Ski Lodge.","breadcrumb":{"@id":"https:\/\/www.funasskilodge.com\/under-vistelsen-i-funasdalen\/#breadcrumb"},"inLanguage":"en-US","potentialAction":[{"@type":"ReadAction","target":["https:\/\/www.funasskilodge.com\/under-vistelsen-i-funasdalen\/"]}]},{"@type":"BreadcrumbList","@id":"https:\/\/www.funasskilodge.com\/under-vistelsen-i-funasdalen\/#breadcrumb","itemListElement":[{"@type":"ListItem","position":1,"name":"Home","item":"https:\/\/www.funasskilodge.com\/"},{"@type":"ListItem","position":2,"name":"Under vistelsen"}]},{"@type":"WebSite","@id":"https:\/\/www.funasskilodge.com\/#website","url":"https:\/\/www.funasskilodge.com\/","name":"Fun\u00e4s Ski Lodge","description":"Discover ski paradise at Fun\u00e4s Ski Lodge - your perfect accommodation in Fun\u00e4sdalen in the heart of Fun\u00e4sfj\u00e4llen.","publisher":{"@id":"https:\/\/www.funasskilodge.com\/#organization"},"potentialAction":[{"@type":"SearchAction","target":{"@type":"EntryPoint","urlTemplate":"https:\/\/www.funasskilodge.com\/?s={search_term_string}"},"query-input":{"@type":"PropertyValueSpecification","valueRequired":true,"valueName":"search_term_string"}}],"inLanguage":"en-US"},{"@type":"Organization","@id":"https:\/\/www.funasskilodge.com\/#organization","name":"Fun\u00e4s Ski Lodge","url":"https:\/\/www.funasskilodge.com\/","logo":{"@type":"ImageObject","inLanguage":"en-US","@id":"https:\/\/www.funasskilodge.com\/#\/schema\/logo\/image\/","url":"https:\/\/www.funasskilodge.com\/wp-content\/uploads\/2024\/06\/Lager_1.svg","contentUrl":"https:\/\/www.funasskilodge.com\/wp-content\/uploads\/2024\/06\/Lager_1.svg","width":130,"height":61,"caption":"Fun\u00e4s Ski Lodge"},"image":{"@id":"https:\/\/www.funasskilodge.com\/#\/schema\/logo\/image\/"},"sameAs":["https:\/\/www.facebook.com\/funasskilodge","https:\/\/www.instagram.com\/funasskilodge\/"]}]}},"_links":{"self":[{"href":"https:\/\/www.funasskilodge.com\/en\/wp-json\/wp\/v2\/pages\/532","targetHints":{"allow":["GET"]}}],"collection":[{"href":"https:\/\/www.funasskilodge.com\/en\/wp-json\/wp\/v2\/pages"}],"about":[{"href":"https:\/\/www.funasskilodge.com\/en\/wp-json\/wp\/v2\/types\/page"}],"author":[{"embeddable":true,"href":"https:\/\/www.funasskilodge.com\/en\/wp-json\/wp\/v2\/users\/4"}],"replies":[{"embeddable":true,"href":"https:\/\/www.funasskilodge.com\/en\/wp-json\/wp\/v2\/comments?post=532"}],"version-history":[{"count":3,"href":"https:\/\/www.funasskilodge.com\/en\/wp-json\/wp\/v2\/pages\/532\/revisions"}],"predecessor-version":[{"id":1785,"href":"https:\/\/www.funasskilodge.com\/en\/wp-json\/wp\/v2\/pages\/532\/revisions\/1785"}],"wp:attachment":[{"href":"https:\/\/www.funasskilodge.com\/en\/wp-json\/wp\/v2\/media?parent=532"}],"curies":[{"name":"wp","href":"https:\/\/api.w.org\/{rel}","templated":true}]}}