{"id":507,"date":"2024-07-04T08:33:09","date_gmt":"2024-07-04T08:33:09","guid":{"rendered":"http:\/\/www.funasskilodge.com\/?page_id=507"},"modified":"2026-02-16T13:49:02","modified_gmt":"2026-02-16T13:49:02","slug":"for-arrivals","status":"publish","type":"page","link":"https:\/\/www.funasskilodge.com\/en\/for-arrivals\/","title":{"rendered":"Before arriving at Fun\u00e4s Ski Lodge"},"content":{"rendered":"<section class=\"w-full bg-white pt-8 pb-5\">\n\t<div class=\"flex flex-col items-center justify-start w-full gap-8 m-auto outer-contain desktop-sm:px-4\">\n\t\t<div class=\"flex flex-col items-center justify-start w-full gap-7\">\n\n\t\t\t<div class=\"flex flex-col items-center justify-start gap-6 max-w-[940px] text-center\">\n\t\t\t\t<h2 class=\"text-black\">Before arriving at Fun\u00e4s Ski Lodge<\/h2>\n\t\t\t\t<p class=\"-large text-trueBlack\"><\/p>\n\t\t\t<\/div>\n\t\t<\/div>\n\t<\/div>\n<\/section>\n\n\n<div class=\"flex items-start w-full pt-5 pb-5 bg-white\">\n\t\t\t<div class=\"flex items-start justify-between w-full gap-8 m-auto article-contain tablet:flex-col tablet:gap-4 desktop-sm:px-4\">\n\t\t\t<div class=\"w-full wysiwyg-style\">\n\t\t\t\t<p>Thank you for choosing Fun\u00e4sfj\u00e4llen and Fun\u00e4s Ski Lodge.<br \/>\nHasse &amp; co are waiting for you!<\/p>\n<p>Before it's time to leave for Fun\u00e4sfj\u00e4llen, it might be good to know a little about what to expect when you arrive. The people who make sure your arrival at Fun\u00e4s Ski Lodge goes smoothly are Lillan, Hasse and their happy employees at Stugv\u00e4rden Fun\u00e4sfj\u00e4llen.<br \/>\nThey are responsible for reception and check-in, so please let them know if you are arriving late to arrange a solution for this.<\/p>\n<p>They can be reached by telephone on +46 (0)684 212 45 or by calling +46 (0)708 24 06 55.<\/p>\n<p>Check-in takes place from 16.00 on the day of arrival. The reception is located at Vallarv\u00e4gen 4 in Fun\u00e4sdalen.<\/p>\n<p>All accommodation at Fun\u00e4s Ski Lodge is self-catering. Things that are therefore good to bring, or buy on site, are hygiene items such as toilet and kitchen paper, dishwashing and laundry detergents, etc.<\/p>\n<p>If you haven't already requested it at the time of booking, the chalet host can help you with services such as linen sets, departure cleaning, breakfast packages or catering and activities.<\/p>\n<p>&nbsp;<\/p>\n<h4 data-start=\"108\" data-end=\"140\">Now you can recharge with RE&amp;GO<\/h4>\n<p data-start=\"141\" data-end=\"169\"><em>New for winter 2025!<\/em><\/p>\n<p data-start=\"171\" data-end=\"299\">Now all guests can charge their electric cars directly in the parking lot with QR code or via <a href=\"http:\/\/eladda.se\" target=\"_blank\" rel=\"noopener\">eladda.se<\/a> - no loading dock needed.<\/p>\n<p data-start=\"301\" data-end=\"534\">Plug in the charging cable, scan the QR code on the charging box with your mobile (or go to eladda.se and enter the box number), and follow the instructions to start charging. When you're done, scan the code again and pay directly.<\/p>\n<p data-start=\"536\" data-end=\"626\">Pay easily with Swish, card, Apple Pay, Google Pay or Swedbank Pay invoice.<\/p>\n<p data-start=\"628\" data-end=\"837\">Do you need help? Each charger has instructions and a support number, or contact us on 020-89 93 35, via <a class=\"decorated-link cursor-pointer\" rel=\"noopener\" data-start=\"760\" data-end=\"778\">support@reandgo.se<\/a>, or chat at <a class=\"decorated-link\" href=\"https:\/\/www.reandgo.se\" target=\"_new\" rel=\"noopener\" data-start=\"798\" data-end=\"834\">reandgo.se<\/a>.<\/p>\n<p>&nbsp;<\/p>\n<h4 data-start=\"98\" data-end=\"161\">Experience Fun\u00e4s Ski Lodge with secure booking through Fun\u00e4s Booking<\/h4>\n<p data-start=\"163\" data-end=\"441\">Your reservation at Fun\u00e4s Ski Lodge is handled by Fun\u00e4s Booking, which also offers convenient services to make your stay in the mountains as comfortable as possible. They are here to give you a safe experience - from the moment you book your accommodation until you check out.<\/p>\n<p data-start=\"443\" data-end=\"711\">With us you get a modern accommodation with proximity to nature, skiing and all the best that Fun\u00e4sfj\u00e4llen has to offer. Fun\u00e4s Booking's job is to take care of the practicalities, so you can focus on enjoying your mountain vacation with family, friends or colleagues.<\/p>\n<p data-start=\"713\" data-end=\"863\">Want to learn more about the area and take advantage of offers or packages? Visit the <strong><a class=\"decorated-link\" href=\"https:\/\/funas.se\" target=\"_blank\" rel=\"noopener\" data-start=\"778\" data-end=\"806\">funas.se<\/a> <\/strong>and get inspired for your next trip in Fun\u00e4sfj\u00e4llen.<\/p>\n<p>&nbsp;<\/p>\n<p><strong>STUGV\u00c4RDEN &amp; G\u00c4STSERVICE<\/strong><\/p>\n<p>Visiting address: <a href=\"https:\/\/www.google.com\/maps\/place\/\/data=!4m2!3m1!1s0x466ea10034ce021d:0x74c8478eef6d4fa5?sa=X&amp;ved=1t:8290&amp;ictx=111\" target=\"_blank\" rel=\"noopener\">Vallarv\u00e4gen 4<\/a><br \/>\n840 95 Fun\u00e4sdalen<\/p>\n<p>E-mail:\u00a0<a href=\"mailto:info@stugvarden.se\">info@stugvarden.se<\/a><br \/>\nJourtel: <a href=\"tel:+46708240655\">0708-24 06 55<\/a><\/p>\n\t\t\t<\/div>\n\t\t\t\t\t\t\t<div class=\"flex flex-col items-center justify-start gap-3 tablet:justify-center tablet:w-full\">\n\n\t\t\t\t\t\n\n\t\t\t\t\t\t\t\t\t\t\t\t\t<a class=\"btn-primary\" href=\"http:\/\/www.funasskilodge.com\/en\/cottage-gardens\/\" target=\"\">Additional Services &amp; Support &gt;<\/a>\n\t\t\t\t\t\t\t\t\t\t\t\n\n\t\t\t\t\t\t\t\t\t\t\t\t\t<a class=\"btn-primary\" href=\"https:\/\/www.funasskilodge.com\/en\/funas-ski-lodge-reception\/\" target=\"\">The reception &gt;<\/a>\n\t\t\t\t\t\t\t\t\t\t\t\n\n\t\t\t\t\t\t\t\t\t\t\t\t\t<a class=\"btn-primary\" href=\"http:\/\/www.funasskilodge.com\/en\/under-vistelsen\/\" target=\"\">During the stay &gt;<\/a>\n\t\t\t\t\t\t\t\t\t\t\t\n\n\t\t\t\t\t\t\t\t\t\t\t\t\t<a class=\"btn-primary\" href=\"http:\/\/www.funasskilodge.com\/en\/check-out\/\" target=\"\">Check-out &gt;<\/a>\n\t\t\t\t\t\t\t\t\t\t\t\t\t\t\t<\/div>\n\n\t\t\t\t\t<\/div>\n\t<\/div>\n\n\n<section class=\"w-full bg-white pt-5 pb-7\">\n\t<div class=\"w-full m-auto outer-contain\">\n\n\t\t<div class=\"grid w-full grid-cols-3 gap-5 tablet:grid-cols-1 tablet:max-w-[40rem] mobile:max-w-none tablet:m-auto desktop-sm:px-4 place-items-start\">\n\t\t\t\n\t\t\t\t\t<div class=\"flex flex-col justify-start w-full gap-5\">\n\t\t\t\t\t\t\t\t\t\t\t\t\t<a href=\"http:\/\/www.funasskilodge.com\/en\/om-funas-ski-lodge\/\" target=\"\">\n\t\t\t\t\t\t\t\t<img decoding=\"async\" class=\"rounded-[20px] w-full h-[320px] desktop-sm:h-[380px] mobile:h-[280px] object-cover\" src=\"https:\/\/www.funasskilodge.com\/wp-content\/uploads\/2024\/07\/orderid-5-scaled.jpg\" alt=\"\">\n\t\t\t\t\t\t\t<\/a>\n\t\t\t\t\t\t\t\t\t\t\t\t<div class=\"flex flex-col items-start justify-start gap-3 px-5\">\n\t\t\t\t\t\t\t<h4>About Fun\u00e4s Ski Lodge<\/h4>\n\t\t\t\t\t\t\t<p>Fun\u00e4s Ski Lodge is located directly adjacent to the Fun\u00e4sdalen ski area. We who welcome you to Fun\u00e4s Ski Lodge work at the cabin host, you check in in our...<\/p>\n\t\t\t\t\t\t\t\t\t\t\t\t\t\t\t<a href=\"http:\/\/www.funasskilodge.com\/en\/om-funas-ski-lodge\/\" target=\"\" class=\"transition-colors duration-150 ease-in-out hover:text-black\">Read more about Fun\u00e4s Ski Lodge &gt;<\/a>\n\t\t\t\t\t\t\t\t\t\t\t\t\t<\/div>\n\t\t\t\t\t<\/div>\n\t\t\t\t\n\t\t\t\t\t<div class=\"flex flex-col justify-start w-full gap-5\">\n\t\t\t\t\t\t\t\t\t\t\t\t\t<a href=\"http:\/\/www.funasskilodge.com\/en\/conference\/\" target=\"\">\n\t\t\t\t\t\t\t\t<img decoding=\"async\" class=\"rounded-[20px] w-full h-[320px] desktop-sm:h-[380px] mobile:h-[280px] object-cover\" src=\"https:\/\/www.funasskilodge.com\/wp-content\/uploads\/2024\/08\/b20becfb-d60c-4b84-b7df-982ce3a58aed.jpg\" alt=\"\">\n\t\t\t\t\t\t\t<\/a>\n\t\t\t\t\t\t\t\t\t\t\t\t<div class=\"flex flex-col items-start justify-start gap-3 px-5\">\n\t\t\t\t\t\t\t<h4>Conference, meeting or training?<\/h4>\n\t\t\t\t\t\t\t<p>Book your conference in the mountains R\u00f6stberget 120 is the name of our large, modern conference apartments that are perfect for smaller meetings, conferences or several families traveling together. R\u00f6stberget 120 is...<\/p>\n\t\t\t\t\t\t\t\t\t\t\t\t\t\t\t<a href=\"http:\/\/www.funasskilodge.com\/en\/conference\/\" target=\"\" class=\"transition-colors duration-150 ease-in-out hover:text-black\">Read more about conferences and meetings &gt;<\/a>\n\t\t\t\t\t\t\t\t\t\t\t\t\t<\/div>\n\t\t\t\t\t<\/div>\n\t\t\t\t\n\t\t\t\t\t<div class=\"flex flex-col justify-start w-full gap-5\">\n\t\t\t\t\t\t\t\t\t\t\t\t\t<a href=\"http:\/\/www.funasskilodge.com\/en\/accommodation-2-2\/\" target=\"\">\n\t\t\t\t\t\t\t\t<img decoding=\"async\" class=\"rounded-[20px] w-full h-[320px] desktop-sm:h-[380px] mobile:h-[280px] object-cover\" src=\"https:\/\/www.funasskilodge.com\/wp-content\/uploads\/2024\/08\/r120-c33-orderid-17-rumsutsikt-scaled.jpg\" alt=\"\">\n\t\t\t\t\t\t\t<\/a>\n\t\t\t\t\t\t\t\t\t\t\t\t<div class=\"flex flex-col items-start justify-start gap-3 px-5\">\n\t\t\t\t\t\t\t<h4>Accommodation in Fun\u00e4sdalen<\/h4>\n\t\t\t\t\t\t\t<p>Fun\u00e4s Ski Lodge is a modern and central accommodation of high quality a stone's throw from the lift. With 35 apartments in four sizes....<\/p>\n\t\t\t\t\t\t\t\t\t\t\t\t\t\t\t<a href=\"http:\/\/www.funasskilodge.com\/en\/accommodation-2-2\/\" target=\"\" class=\"transition-colors duration-150 ease-in-out hover:text-black\">Read more about our accommodation &gt;<\/a>\n\t\t\t\t\t\t\t\t\t\t\t\t\t<\/div>\n\t\t\t\t\t<\/div>\n\t\t\t\t\t\t\t\t\t<\/div>\n\t<\/div>\n<\/section>","protected":false},"excerpt":{"rendered":"","protected":false},"author":4,"featured_media":1798,"parent":0,"menu_order":0,"comment_status":"closed","ping_status":"closed","template":"","meta":{"_acf_changed":false,"footnotes":""},"class_list":["post-507","page","type-page","status-publish","has-post-thumbnail","hentry"],"acf":[],"yoast_head":"<!-- This site is optimized with the Yoast SEO plugin v26.8 - https:\/\/yoast.com\/product\/yoast-seo-wordpress\/ -->\n<title>Inf\u00f6r ankomsten till Fun\u00e4s Ski Lodge - Fun\u00e4s Ski Lodge - Boende i Fun\u00e4sdalen mitt i Fun\u00e4sfj\u00e4llen<\/title>\n<meta name=\"description\" content=\"Inf\u00f6r ankomsten: Allt du beh\u00f6ver veta inf\u00f6r din ankomst till Fun\u00e4s Ski Lodge och Fun\u00e4sdalen - i hj\u00e4rtat av Fun\u00e4sfj\u00e4llen\" \/>\n<meta name=\"robots\" content=\"index, follow, max-snippet:-1, max-image-preview:large, max-video-preview:-1\" \/>\n<link rel=\"canonical\" href=\"https:\/\/www.funasskilodge.com\/en\/for-arrivals\/\" \/>\n<meta property=\"og:locale\" content=\"en_US\" \/>\n<meta property=\"og:type\" content=\"article\" \/>\n<meta property=\"og:title\" content=\"Inf\u00f6r ankomsten till Fun\u00e4s Ski Lodge - Fun\u00e4s Ski Lodge - Boende i Fun\u00e4sdalen mitt i Fun\u00e4sfj\u00e4llen\" \/>\n<meta property=\"og:description\" content=\"Inf\u00f6r ankomsten: Allt du beh\u00f6ver veta inf\u00f6r din ankomst till Fun\u00e4s Ski Lodge och Fun\u00e4sdalen - i hj\u00e4rtat av Fun\u00e4sfj\u00e4llen\" \/>\n<meta property=\"og:url\" content=\"https:\/\/www.funasskilodge.com\/en\/for-arrivals\/\" \/>\n<meta property=\"og:site_name\" content=\"Fun\u00e4s Ski Lodge - Boende i Fun\u00e4sdalen mitt i Fun\u00e4sfj\u00e4llen\" \/>\n<meta property=\"article:publisher\" content=\"https:\/\/www.facebook.com\/funasskilodge\" \/>\n<meta property=\"article:modified_time\" content=\"2026-02-16T13:49:02+00:00\" \/>\n<meta property=\"og:image\" content=\"https:\/\/www.funasskilodge.com\/wp-content\/uploads\/2024\/08\/fsl-reception-hero.jpg\" \/>\n\t<meta property=\"og:image:width\" content=\"2000\" \/>\n\t<meta property=\"og:image:height\" content=\"1333\" \/>\n\t<meta property=\"og:image:type\" content=\"image\/jpeg\" \/>\n<meta name=\"twitter:card\" content=\"summary_large_image\" \/>\n<meta name=\"twitter:label1\" content=\"Est. reading time\" \/>\n\t<meta name=\"twitter:data1\" content=\"1 minute\" \/>\n<script type=\"application\/ld+json\" class=\"yoast-schema-graph\">{\"@context\":\"https:\/\/schema.org\",\"@graph\":[{\"@type\":\"WebPage\",\"@id\":\"https:\/\/www.funasskilodge.com\/infor-ankomsten\/\",\"url\":\"https:\/\/www.funasskilodge.com\/infor-ankomsten\/\",\"name\":\"Inf\u00f6r ankomsten till Fun\u00e4s Ski Lodge - Fun\u00e4s Ski Lodge - Boende i Fun\u00e4sdalen mitt i Fun\u00e4sfj\u00e4llen\",\"isPartOf\":{\"@id\":\"https:\/\/www.funasskilodge.com\/#website\"},\"primaryImageOfPage\":{\"@id\":\"https:\/\/www.funasskilodge.com\/infor-ankomsten\/#primaryimage\"},\"image\":{\"@id\":\"https:\/\/www.funasskilodge.com\/infor-ankomsten\/#primaryimage\"},\"thumbnailUrl\":\"https:\/\/www.funasskilodge.com\/wp-content\/uploads\/2024\/08\/fsl-reception-hero.jpg\",\"datePublished\":\"2024-07-04T08:33:09+00:00\",\"dateModified\":\"2026-02-16T13:49:02+00:00\",\"description\":\"Inf\u00f6r ankomsten: Allt du beh\u00f6ver veta inf\u00f6r din ankomst till Fun\u00e4s Ski Lodge och Fun\u00e4sdalen - i hj\u00e4rtat av Fun\u00e4sfj\u00e4llen\",\"breadcrumb\":{\"@id\":\"https:\/\/www.funasskilodge.com\/infor-ankomsten\/#breadcrumb\"},\"inLanguage\":\"en-US\",\"potentialAction\":[{\"@type\":\"ReadAction\",\"target\":[\"https:\/\/www.funasskilodge.com\/infor-ankomsten\/\"]}]},{\"@type\":\"ImageObject\",\"inLanguage\":\"en-US\",\"@id\":\"https:\/\/www.funasskilodge.com\/infor-ankomsten\/#primaryimage\",\"url\":\"https:\/\/www.funasskilodge.com\/wp-content\/uploads\/2024\/08\/fsl-reception-hero.jpg\",\"contentUrl\":\"https:\/\/www.funasskilodge.com\/wp-content\/uploads\/2024\/08\/fsl-reception-hero.jpg\",\"width\":2000,\"height\":1333,\"caption\":\"Fasaden av Fun\u00e4s Ski Lodge, bel\u00e4get mitt i centrum av Fun\u00e4sdalen och omgiven av det vackra fj\u00e4llandskapet.\"},{\"@type\":\"BreadcrumbList\",\"@id\":\"https:\/\/www.funasskilodge.com\/infor-ankomsten\/#breadcrumb\",\"itemListElement\":[{\"@type\":\"ListItem\",\"position\":1,\"name\":\"Home\",\"item\":\"https:\/\/www.funasskilodge.com\/\"},{\"@type\":\"ListItem\",\"position\":2,\"name\":\"Inf\u00f6r ankomsten till Fun\u00e4s Ski Lodge\"}]},{\"@type\":\"WebSite\",\"@id\":\"https:\/\/www.funasskilodge.com\/#website\",\"url\":\"https:\/\/www.funasskilodge.com\/\",\"name\":\"Fun\u00e4s Ski Lodge\",\"description\":\"Uppt\u00e4ck skidparadiset p\u00e5 Fun\u00e4s Ski Lodge \u2013 ditt perfekta boende i Fun\u00e4sdalen i hj\u00e4rtat av Fun\u00e4sfj\u00e4llen.\",\"publisher\":{\"@id\":\"https:\/\/www.funasskilodge.com\/#organization\"},\"potentialAction\":[{\"@type\":\"SearchAction\",\"target\":{\"@type\":\"EntryPoint\",\"urlTemplate\":\"https:\/\/www.funasskilodge.com\/?s={search_term_string}\"},\"query-input\":{\"@type\":\"PropertyValueSpecification\",\"valueRequired\":true,\"valueName\":\"search_term_string\"}}],\"inLanguage\":\"en-US\"},{\"@type\":\"Organization\",\"@id\":\"https:\/\/www.funasskilodge.com\/#organization\",\"name\":\"Fun\u00e4s Ski Lodge\",\"url\":\"https:\/\/www.funasskilodge.com\/\",\"logo\":{\"@type\":\"ImageObject\",\"inLanguage\":\"en-US\",\"@id\":\"https:\/\/www.funasskilodge.com\/#\/schema\/logo\/image\/\",\"url\":\"https:\/\/www.funasskilodge.com\/wp-content\/uploads\/2024\/06\/Lager_1.svg\",\"contentUrl\":\"https:\/\/www.funasskilodge.com\/wp-content\/uploads\/2024\/06\/Lager_1.svg\",\"width\":130,\"height\":61,\"caption\":\"Fun\u00e4s Ski Lodge\"},\"image\":{\"@id\":\"https:\/\/www.funasskilodge.com\/#\/schema\/logo\/image\/\"},\"sameAs\":[\"https:\/\/www.facebook.com\/funasskilodge\",\"https:\/\/www.instagram.com\/funasskilodge\/\"]}]}<\/script>\n<!-- \/ Yoast SEO plugin. -->","yoast_head_json":{"title":"Before arriving at Fun\u00e4s Ski Lodge - Fun\u00e4s Ski Lodge - Accommodation in Fun\u00e4sdalen in the heart of Fun\u00e4sfj\u00e4llen","description":"Before you arrive: Everything you need to know before your arrival at Fun\u00e4s Ski Lodge and Fun\u00e4sdalen - in the heart of Fun\u00e4sfj\u00e4llen","robots":{"index":"index","follow":"follow","max-snippet":"max-snippet:-1","max-image-preview":"max-image-preview:large","max-video-preview":"max-video-preview:-1"},"canonical":"https:\/\/www.funasskilodge.com\/en\/for-arrivals\/","og_locale":"en_US","og_type":"article","og_title":"Inf\u00f6r ankomsten till Fun\u00e4s Ski Lodge - Fun\u00e4s Ski Lodge - Boende i Fun\u00e4sdalen mitt i Fun\u00e4sfj\u00e4llen","og_description":"Inf\u00f6r ankomsten: Allt du beh\u00f6ver veta inf\u00f6r din ankomst till Fun\u00e4s Ski Lodge och Fun\u00e4sdalen - i hj\u00e4rtat av Fun\u00e4sfj\u00e4llen","og_url":"https:\/\/www.funasskilodge.com\/en\/for-arrivals\/","og_site_name":"Fun\u00e4s Ski Lodge - Boende i Fun\u00e4sdalen mitt i Fun\u00e4sfj\u00e4llen","article_publisher":"https:\/\/www.facebook.com\/funasskilodge","article_modified_time":"2026-02-16T13:49:02+00:00","og_image":[{"width":2000,"height":1333,"url":"https:\/\/www.funasskilodge.com\/wp-content\/uploads\/2024\/08\/fsl-reception-hero.jpg","type":"image\/jpeg"}],"twitter_card":"summary_large_image","twitter_misc":{"Est. reading time":"1 minute"},"schema":{"@context":"https:\/\/schema.org","@graph":[{"@type":"WebPage","@id":"https:\/\/www.funasskilodge.com\/infor-ankomsten\/","url":"https:\/\/www.funasskilodge.com\/infor-ankomsten\/","name":"Before arriving at Fun\u00e4s Ski Lodge - Fun\u00e4s Ski Lodge - Accommodation in Fun\u00e4sdalen in the heart of Fun\u00e4sfj\u00e4llen","isPartOf":{"@id":"https:\/\/www.funasskilodge.com\/#website"},"primaryImageOfPage":{"@id":"https:\/\/www.funasskilodge.com\/infor-ankomsten\/#primaryimage"},"image":{"@id":"https:\/\/www.funasskilodge.com\/infor-ankomsten\/#primaryimage"},"thumbnailUrl":"https:\/\/www.funasskilodge.com\/wp-content\/uploads\/2024\/08\/fsl-reception-hero.jpg","datePublished":"2024-07-04T08:33:09+00:00","dateModified":"2026-02-16T13:49:02+00:00","description":"Before you arrive: Everything you need to know before your arrival at Fun\u00e4s Ski Lodge and Fun\u00e4sdalen - in the heart of Fun\u00e4sfj\u00e4llen","breadcrumb":{"@id":"https:\/\/www.funasskilodge.com\/infor-ankomsten\/#breadcrumb"},"inLanguage":"en-US","potentialAction":[{"@type":"ReadAction","target":["https:\/\/www.funasskilodge.com\/infor-ankomsten\/"]}]},{"@type":"ImageObject","inLanguage":"en-US","@id":"https:\/\/www.funasskilodge.com\/infor-ankomsten\/#primaryimage","url":"https:\/\/www.funasskilodge.com\/wp-content\/uploads\/2024\/08\/fsl-reception-hero.jpg","contentUrl":"https:\/\/www.funasskilodge.com\/wp-content\/uploads\/2024\/08\/fsl-reception-hero.jpg","width":2000,"height":1333,"caption":"Fasaden av Fun\u00e4s Ski Lodge, bel\u00e4get mitt i centrum av Fun\u00e4sdalen och omgiven av det vackra fj\u00e4llandskapet."},{"@type":"BreadcrumbList","@id":"https:\/\/www.funasskilodge.com\/infor-ankomsten\/#breadcrumb","itemListElement":[{"@type":"ListItem","position":1,"name":"Home","item":"https:\/\/www.funasskilodge.com\/"},{"@type":"ListItem","position":2,"name":"Inf\u00f6r ankomsten till Fun\u00e4s Ski Lodge"}]},{"@type":"WebSite","@id":"https:\/\/www.funasskilodge.com\/#website","url":"https:\/\/www.funasskilodge.com\/","name":"Fun\u00e4s Ski Lodge","description":"Discover ski paradise at Fun\u00e4s Ski Lodge - your perfect accommodation in Fun\u00e4sdalen in the heart of Fun\u00e4sfj\u00e4llen.","publisher":{"@id":"https:\/\/www.funasskilodge.com\/#organization"},"potentialAction":[{"@type":"SearchAction","target":{"@type":"EntryPoint","urlTemplate":"https:\/\/www.funasskilodge.com\/?s={search_term_string}"},"query-input":{"@type":"PropertyValueSpecification","valueRequired":true,"valueName":"search_term_string"}}],"inLanguage":"en-US"},{"@type":"Organization","@id":"https:\/\/www.funasskilodge.com\/#organization","name":"Fun\u00e4s Ski Lodge","url":"https:\/\/www.funasskilodge.com\/","logo":{"@type":"ImageObject","inLanguage":"en-US","@id":"https:\/\/www.funasskilodge.com\/#\/schema\/logo\/image\/","url":"https:\/\/www.funasskilodge.com\/wp-content\/uploads\/2024\/06\/Lager_1.svg","contentUrl":"https:\/\/www.funasskilodge.com\/wp-content\/uploads\/2024\/06\/Lager_1.svg","width":130,"height":61,"caption":"Fun\u00e4s Ski Lodge"},"image":{"@id":"https:\/\/www.funasskilodge.com\/#\/schema\/logo\/image\/"},"sameAs":["https:\/\/www.facebook.com\/funasskilodge","https:\/\/www.instagram.com\/funasskilodge\/"]}]}},"_links":{"self":[{"href":"https:\/\/www.funasskilodge.com\/en\/wp-json\/wp\/v2\/pages\/507","targetHints":{"allow":["GET"]}}],"collection":[{"href":"https:\/\/www.funasskilodge.com\/en\/wp-json\/wp\/v2\/pages"}],"about":[{"href":"https:\/\/www.funasskilodge.com\/en\/wp-json\/wp\/v2\/types\/page"}],"author":[{"embeddable":true,"href":"https:\/\/www.funasskilodge.com\/en\/wp-json\/wp\/v2\/users\/4"}],"replies":[{"embeddable":true,"href":"https:\/\/www.funasskilodge.com\/en\/wp-json\/wp\/v2\/comments?post=507"}],"version-history":[{"count":8,"href":"https:\/\/www.funasskilodge.com\/en\/wp-json\/wp\/v2\/pages\/507\/revisions"}],"predecessor-version":[{"id":2173,"href":"https:\/\/www.funasskilodge.com\/en\/wp-json\/wp\/v2\/pages\/507\/revisions\/2173"}],"wp:featuredmedia":[{"embeddable":true,"href":"https:\/\/www.funasskilodge.com\/en\/wp-json\/wp\/v2\/media\/1798"}],"wp:attachment":[{"href":"https:\/\/www.funasskilodge.com\/en\/wp-json\/wp\/v2\/media?parent=507"}],"curies":[{"name":"wp","href":"https:\/\/api.w.org\/{rel}","templated":true}]}}