{"id":1802,"date":"2024-08-29T09:26:55","date_gmt":"2024-08-29T09:26:55","guid":{"rendered":"https:\/\/www.funasskilodge.com\/om-funas-ski-lodge-2-copy\/"},"modified":"2025-10-30T13:13:05","modified_gmt":"2025-10-30T13:13:05","slug":"about-funas-ski-lodge-2","status":"publish","type":"page","link":"https:\/\/www.funasskilodge.com\/en\/about-funas-ski-lodge-2\/","title":{"rendered":"About Fun\u00e4s Ski Lodge"},"content":{"rendered":"<section class=\"relative w-full max-h-[800px] tablet:h-[50dvh] h-[80dvh] min-h-[25rem] pt-8 mobile:pt-7 mobile:min-h-0 flex mobile:items-center tablet:items-end\">\n\t\t<div class=\"absolute top-0 left-0 w-full h-full max-h-[800px] mobile:h-[50dvh]\">\n\t\t\t\t\t<img decoding=\"async\" class=\"object-cover object-center w-full h-full mobile:object-bottom\" src=\"https:\/\/www.funasskilodge.com\/wp-content\/uploads\/2024\/07\/orderid-5-scaled.jpg\" alt=\"\">\n\t\t\t<\/div>\n\t<div class=\"relative z-30 flex flex-col items-center bottom-[150px] text-center justify-end w-full max-h-[800px] h-[40dvh] min-h-[25rem] pt-8 mobile:min-h-0 tablet:h-[50dvh] tablet:min-h-0 gap-6 px-8 pb-6 m-auto text-white tablet:justify-center mobile:pt-7 outer-contain tablet:px-4\">\n\t\t\t<\/div>\n\t\t<div class=\"absolute w-full h-full pb-7 bottom-0 z-[21] max-h-[100px] bg-gradient-to-t to-transparent from-white\">\n\n\t<\/div>\n<\/section>\n\n\n<section class=\"w-full bg-white pt-5 pb-5\">\n\t<div class=\"flex flex-col items-center justify-start w-full gap-8 m-auto outer-contain desktop-sm:px-4\">\n\t\t<div class=\"flex flex-col items-center justify-start w-full gap-7\">\n\n\t\t\t<div class=\"flex flex-col items-center justify-start gap-6 max-w-[940px] text-center\">\n\t\t\t\t<h2 class=\"text-black\">About Fun\u00e4s Ski Lodge<\/h2>\n\t\t\t\t<p class=\"-large text-trueBlack\">Fun\u00e4s Ski Lodge is a modern, high-quality ski in\/ski out accommodation with 35 apartments in four sizes, ranging from studio apartments of 39 square meters to generous generational and multi-family accommodation of 120 square meters.<\/p>\n\t\t\t<\/div>\n\t\t<\/div>\n\t<\/div>\n<\/section>\n\n\n<div class=\"flex items-start w-full pt-5 pb-0 bg-white\">\n\t\t\t<div class=\"w-full m-auto wysiwyg-style desktop-sm:px-4 text-contain\">\n\t\t\t<h4>Fun\u00e4s Ski Lodge: Ideal accommodation by the ski slope - Close to everything<\/h4>\n<p>Fun\u00e4s Ski Lodge is centrally located with the ski slope on one side and beautiful views of Fun\u00e4sdalssj\u00f6n and R\u00f6dfj\u00e4llet on the other. Here you can really enjoy the fact that a couple of steps is all it takes to get to the R\u00f6stberg lift, which takes you to the top of Fun\u00e4sdalsberget, when you close the front door. Having your accommodation next to Fun\u00e4sdalens lifts is an advantage for several reasons. You save a lot of time and can easily take a break and rest for a while whenever you want.<\/p>\n<p>In 10 minutes walking distance you will find Fun\u00e4sdalens village with all necessary <a href=\"http:\/\/www.funasskilodge.com\/en\/shop-for-food\/\">shops<\/a> and cafes and <a href=\"http:\/\/www.funasskilodge.com\/en\/activities\/#mat-dryck\">restaurants<\/a> where you can relax and enjoy after an active day in the mountains. The village of Fun\u00e4sdalen offers caf\u00e9s, restaurants, a health food store, bank, post office and well-stocked grocery and sports shops.<\/p>\n<p>Whether you are a group of two or several families and large parties, we offer an excellent <a href=\"http:\/\/www.funasskilodge.com\/en\/accommodation-2-2\/\">accommodation<\/a> in Fun\u00e4sdalen for your needs. Fun\u00e4s Ski Lodge is an obvious choice for those who want to experience the best vacation in the Swedish mountains.<\/p>\n<p>&nbsp;<\/p>\n<h4 data-start=\"108\" data-end=\"140\">Now you can recharge with RE&amp;GO<\/h4>\n<p data-start=\"141\" data-end=\"169\"><em>New for winter 2025!<\/em><\/p>\n<p data-start=\"171\" data-end=\"299\">Now all guests can charge their electric cars directly in the parking lot with QR code or via <a href=\"http:\/\/eladda.se\" target=\"_blank\" rel=\"noopener\">eladda.se<\/a> - no loading dock needed.<\/p>\n<p data-start=\"301\" data-end=\"534\">Plug in the charging cable, scan the QR code on the charging box with your mobile (or go to eladda.se and enter the box number), and follow the instructions to start charging. When you're done, scan the code again and pay directly.<\/p>\n<p data-start=\"536\" data-end=\"626\">Pay easily with Swish, card, Apple Pay, Google Pay or Swedbank Pay invoice.<\/p>\n<p data-start=\"628\" data-end=\"837\">Do you need help? Each charger has instructions and a support number, or contact us on 020-89 93 35, via <a class=\"decorated-link cursor-pointer\" rel=\"noopener\" data-start=\"760\" data-end=\"778\">support@reandgo.se<\/a>, or chat at <a class=\"decorated-link\" href=\"https:\/\/www.reandgo.se\" target=\"_new\" rel=\"noopener\" data-start=\"798\" data-end=\"834\">reandgo.se<\/a>.<\/p>\n\t\t<\/div>\n\t<\/div>\n\n<section class=\"w-full pt-5 pb-5 bg-white\">\n\t<div class=\"flex items-center justify-center w-full gap-3 m-auto inner-contain tablet:px-4 tablet:flex-col\">\n\t\t\n\t\t\t\t\t\t\t\t\t<a class=\"btn-primary\" href=\"https:\/\/book.funasskilodge.com\/R?channelId=8a16445e-0920-4a01-8a80-995fe061befb&#038;initialPath=\/accommodation#\/accommodation\" target=\"_blank\">\n\t\t\t\t\t\tBook accommodation &gt;\t\t\t\t\t<\/a>\n\t\t\t\t\t\t\t\n\t\t\t\t\t\t\t\t\t<a class=\"btn-primary\" href=\"http:\/\/www.funasskilodge.com\/en\/for-arrivals\/\" target=\"\">\n\t\t\t\t\t\tBefore arrival &gt;\t\t\t\t\t<\/a>\n\t\t\t\t\t\t\t\n\t\t\t\t\t\t\t\t\t<a class=\"btn-primary\" href=\"http:\/\/www.funasskilodge.com\/en\/fjallbyn\/\" target=\"\">\n\t\t\t\t\t\tAbout Fj\u00e4llbyn &gt;\t\t\t\t\t<\/a>\n\t\t\t\t\t\t\t\t\t\n\n\t<\/div>\n<\/section>\n\n\n<section class=\"w-full bg-white pt-7 pb-0\">\n\t<div class=\"w-full m-auto outer-contain\">\n\n\t\t<div class=\"grid w-full grid-cols-3 gap-5 tablet:grid-cols-1 tablet:max-w-[40rem] mobile:max-w-none tablet:m-auto desktop-sm:px-4 place-items-start\">\n\t\t\t\n\t\t\t\t\t<div class=\"flex flex-col justify-start w-full gap-5\">\n\t\t\t\t\t\t\t\t\t\t\t\t\t<a href=\"http:\/\/www.funasskilodge.com\/en\/for-arrivals\/\" target=\"\">\n\t\t\t\t\t\t\t\t<img decoding=\"async\" class=\"rounded-[20px] w-full h-[320px] desktop-sm:h-[380px] mobile:h-[280px] object-cover\" src=\"https:\/\/www.funasskilodge.com\/wp-content\/uploads\/2024\/07\/funasberget-toppstuga-dsc-1828-fixed.jpg\" alt=\"\">\n\t\t\t\t\t\t\t<\/a>\n\t\t\t\t\t\t\t\t\t\t\t\t<div class=\"flex flex-col items-start justify-start gap-3 px-5\">\n\t\t\t\t\t\t\t<h4>Before arriving in <\/br>Fun\u00e4s Ski Lodge<\/h4>\n\t\t\t\t\t\t\t<p>Thank you for choosing Fun\u00e4sfj\u00e4llen and Fun\u00e4s Ski Lodge. Lillan and Hasse are waiting for you! Before it's time to leave for Fun\u00e4sfj\u00e4llen, it might be good to know a little about what to expect when you arrive. Those who...<\/p>\n\t\t\t\t\t\t\t\t\t\t\t\t\t\t\t<a href=\"http:\/\/www.funasskilodge.com\/en\/for-arrivals\/\" target=\"\" class=\"transition-colors duration-150 ease-in-out hover:text-black\">Find out more about pre-arrival &gt;<\/a>\n\t\t\t\t\t\t\t\t\t\t\t\t\t<\/div>\n\t\t\t\t\t<\/div>\n\t\t\t\t\n\t\t\t\t\t<div class=\"flex flex-col justify-start w-full gap-5\">\n\t\t\t\t\t\t\t\t\t\t\t\t\t<a href=\"https:\/\/www.funasskilodge.com\/en\/funas-ski-lodge-reception\/\" target=\"\">\n\t\t\t\t\t\t\t\t<img decoding=\"async\" class=\"rounded-[20px] w-full h-[320px] desktop-sm:h-[380px] mobile:h-[280px] object-cover\" src=\"https:\/\/www.funasskilodge.com\/wp-content\/uploads\/2024\/08\/fsl-reception-hero.jpg\" alt=\"\">\n\t\t\t\t\t\t\t<\/a>\n\t\t\t\t\t\t\t\t\t\t\t\t<div class=\"flex flex-col items-start justify-start gap-3 px-5\">\n\t\t\t\t\t\t\t<h4>The reception desk<\/h4>\n\t\t\t\t\t\t\t<p>The reception is located at Vallarv\u00e4gen 4 in Fun\u00e4sdalen, not far from the accommodation.  You can contact them with all kinds of questions both before and during your stay.  At Fun\u00e4s Ski Lodge, self-catering is the...<\/p>\n\t\t\t\t\t\t\t\t\t\t\t\t\t\t\t<a href=\"https:\/\/www.funasskilodge.com\/en\/funas-ski-lodge-reception\/\" target=\"\" class=\"transition-colors duration-150 ease-in-out hover:text-black\">Read more about the reception &gt;<\/a>\n\t\t\t\t\t\t\t\t\t\t\t\t\t<\/div>\n\t\t\t\t\t<\/div>\n\t\t\t\t\n\t\t\t\t\t<div class=\"flex flex-col justify-start w-full gap-5\">\n\t\t\t\t\t\t\t\t\t\t\t\t\t<a href=\"http:\/\/www.funasskilodge.com\/en\/under-vistelsen\/\" target=\"\">\n\t\t\t\t\t\t\t\t<img decoding=\"async\" class=\"rounded-[20px] w-full h-[320px] desktop-sm:h-[380px] mobile:h-[280px] object-cover\" src=\"https:\/\/www.funasskilodge.com\/wp-content\/uploads\/2024\/07\/funasskidor.jpg\" alt=\"\">\n\t\t\t\t\t\t\t<\/a>\n\t\t\t\t\t\t\t\t\t\t\t\t<div class=\"flex flex-col items-start justify-start gap-3 px-5\">\n\t\t\t\t\t\t\t<h4>During the stay<\/h4>\n\t\t\t\t\t\t\t<p>We hope you have a wonderful stay at Fun\u00e4s Ski Lodge and in Fun\u00e4sdalen. Almost everything you need is in the village. No IKEA department store, but basically everything else. Two large well-stocked grocery stores, a...<\/p>\n\t\t\t\t\t\t\t\t\t\t\t\t\t\t\t<a href=\"http:\/\/www.funasskilodge.com\/en\/under-vistelsen\/\" target=\"\" class=\"transition-colors duration-150 ease-in-out hover:text-black\">Read more about during your stay &gt;<\/a>\n\t\t\t\t\t\t\t\t\t\t\t\t\t<\/div>\n\t\t\t\t\t<\/div>\n\t\t\t\t\t\t\t\t\t<\/div>\n\t<\/div>\n<\/section>\n\n\n<section class=\"w-full bg-white pt-7 pb-7\">\n\t<div class=\"w-full m-auto outer-contain\">\n\n\t\t<div class=\"grid w-full grid-cols-3 gap-5 tablet:grid-cols-1 tablet:max-w-[40rem] mobile:max-w-none tablet:m-auto desktop-sm:px-4 place-items-start\">\n\t\t\t\n\t\t\t\t\t<div class=\"flex flex-col justify-start w-full gap-5\">\n\t\t\t\t\t\t\t\t\t\t\t\t\t<a href=\"http:\/\/www.funasskilodge.com\/en\/conference\/\" target=\"\">\n\t\t\t\t\t\t\t\t<img decoding=\"async\" class=\"rounded-[20px] w-full h-[320px] desktop-sm:h-[380px] mobile:h-[280px] object-cover\" src=\"https:\/\/www.funasskilodge.com\/wp-content\/uploads\/2024\/08\/orderid-5-scaled5.jpg\" alt=\"\">\n\t\t\t\t\t\t\t<\/a>\n\t\t\t\t\t\t\t\t\t\t\t\t<div class=\"flex flex-col items-start justify-start gap-3 px-5\">\n\t\t\t\t\t\t\t<h4>Conference, meeting or training?<\/h4>\n\t\t\t\t\t\t\t<p>Book your conference in the mountains R\u00f6stberget 120 is the name of our large, modern conference apartments that are perfect for smaller meetings, conferences or several families traveling together. R\u00f6stberget 120 is...<\/p>\n\t\t\t\t\t\t\t\t\t\t\t\t\t\t\t<a href=\"http:\/\/www.funasskilodge.com\/en\/conference\/\" target=\"\" class=\"transition-colors duration-150 ease-in-out hover:text-black\">Read more about conferences and meetings &gt;<\/a>\n\t\t\t\t\t\t\t\t\t\t\t\t\t<\/div>\n\t\t\t\t\t<\/div>\n\t\t\t\t\n\t\t\t\t\t<div class=\"flex flex-col justify-start w-full gap-5\">\n\t\t\t\t\t\t\t\t\t\t\t\t\t<a href=\"http:\/\/www.funasskilodge.com\/en\/cottage-gardens\/\" target=\"\">\n\t\t\t\t\t\t\t\t<img decoding=\"async\" class=\"rounded-[20px] w-full h-[320px] desktop-sm:h-[380px] mobile:h-[280px] object-cover\" src=\"https:\/\/www.funasskilodge.com\/wp-content\/uploads\/2024\/06\/brasa.png\" alt=\"\">\n\t\t\t\t\t\t\t<\/a>\n\t\t\t\t\t\t\t\t\t\t\t\t<div class=\"flex flex-col items-start justify-start gap-3 px-5\">\n\t\t\t\t\t\t\t<h4>Additional Services &amp; Support<\/h4>\n\t\t\t\t\t\t\t<p>In order to make your stay with us as comfortable and tailored to your needs as possible, we offer a wide range of additional services and products. All of our additional services are seamlessly managed through Stugv\u00e4rden, so you can...<\/p>\n\t\t\t\t\t\t\t\t\t\t\t\t\t\t\t<a href=\"http:\/\/www.funasskilodge.com\/en\/cottage-gardens\/\" target=\"\" class=\"transition-colors duration-150 ease-in-out hover:text-black\">Read more about the additional services &gt;<\/a>\n\t\t\t\t\t\t\t\t\t\t\t\t\t<\/div>\n\t\t\t\t\t<\/div>\n\t\t\t\t\n\t\t\t\t\t<div class=\"flex flex-col justify-start w-full gap-5\">\n\t\t\t\t\t\t\t\t\t\t\t\t\t<a href=\"http:\/\/www.funasskilodge.com\/en\/check-out\/\" target=\"\">\n\t\t\t\t\t\t\t\t<img decoding=\"async\" class=\"rounded-[20px] w-full h-[320px] desktop-sm:h-[380px] mobile:h-[280px] object-cover\" src=\"https:\/\/www.funasskilodge.com\/wp-content\/uploads\/2024\/08\/orderid-5-scaled4.jpg\" alt=\"\">\n\t\t\t\t\t\t\t<\/a>\n\t\t\t\t\t\t\t\t\t\t\t\t<div class=\"flex flex-col items-start justify-start gap-3 px-5\">\n\t\t\t\t\t\t\t<h4>Check-out<\/h4>\n\t\t\t\t\t\t\t<p>Check-out is no later than 11:00 on the day of departure. First, the apartment must be inspected by the landlord. You will agree on a time for this when you sign for the keys on arrival. Please note.<\/p>\n\t\t\t\t\t\t\t\t\t\t\t\t\t\t\t<a href=\"http:\/\/www.funasskilodge.com\/en\/check-out\/\" target=\"\" class=\"transition-colors duration-150 ease-in-out hover:text-black\">Read more about checking out &gt;<\/a>\n\t\t\t\t\t\t\t\t\t\t\t\t\t<\/div>\n\t\t\t\t\t<\/div>\n\t\t\t\t\t\t\t\t\t<\/div>\n\t<\/div>\n<\/section>\n\n\n<div class=\"flex items-start w-full pt-7 pb-7 bg-white\">\n\t\t\t<div class=\"w-full m-auto wysiwyg-style desktop-sm:px-4 text-contain\">\n\t\t\t<h4 data-start=\"82\" data-end=\"136\"><strong>Stay comfortably at Fun\u00e4s Ski Lodge - with Fun\u00e4s Booking<\/strong><\/h4>\n<p data-start=\"138\" data-end=\"498\">When you book your accommodation at Fun\u00e4s Ski Lodge, it is done through Fun\u00e4s Booking. Fun\u00e4s Booking is responsible for the rental and also offers various services - through local collaboration - to make your stay in Fun\u00e4sfj\u00e4llen both comfortable and memorable. Whether you are traveling with family, friends or as part of a group, we make sure you have what you need for a successful mountain experience.<\/p>\n<p data-start=\"500\" data-end=\"836\">As a guest, you not only get access to modern and well-equipped accommodation with proximity to both ski slopes and nature experiences, but also the security and service that makes the holiday easy. Fun\u00e4s Booking is here to answer questions, help with practical details and help create the mountain stay you long for.<\/p>\n<p data-start=\"838\" data-end=\"955\">Want to read more about Fun\u00e4sfj\u00e4llen and discover more accommodation in the area? Please visit <a class=\"decorated-link\" href=\"https:\/\/www.funas.se\" target=\"_blank\" rel=\"noopener\" data-start=\"924\" data-end=\"952\"><strong>funas.se<\/strong><\/a>.<\/p>\n\t\t<\/div>\n\t<\/div>","protected":false},"excerpt":{"rendered":"","protected":false},"author":1,"featured_media":425,"parent":0,"menu_order":0,"comment_status":"closed","ping_status":"closed","template":"","meta":{"_acf_changed":false,"footnotes":""},"class_list":["post-1802","page","type-page","status-publish","has-post-thumbnail","hentry"],"acf":[],"yoast_head":"<!-- This site is optimized with the Yoast SEO plugin v26.8 - https:\/\/yoast.com\/product\/yoast-seo-wordpress\/ -->\n<title>Om Fun\u00e4s Ski Lodge - Fun\u00e4s Ski Lodge - Boende i Fun\u00e4sdalen mitt i Fun\u00e4sfj\u00e4llen<\/title>\n<meta name=\"description\" content=\"Om Fun\u00e4s Ski Lodge: Idealiskt och modernt boende vid skidbacken med utsikt \u00f6ver fj\u00e4llen \u2013 N\u00e4ra till hela Fun\u00e4sfj\u00e4llen.\" \/>\n<meta name=\"robots\" content=\"index, follow, max-snippet:-1, max-image-preview:large, max-video-preview:-1\" \/>\n<link rel=\"canonical\" href=\"https:\/\/www.funasskilodge.com\/en\/about-funas-ski-lodge-2\/\" \/>\n<meta property=\"og:locale\" content=\"en_US\" \/>\n<meta property=\"og:type\" content=\"article\" \/>\n<meta property=\"og:title\" content=\"Om Fun\u00e4s Ski Lodge - Fun\u00e4s Ski Lodge - Boende i Fun\u00e4sdalen mitt i Fun\u00e4sfj\u00e4llen\" \/>\n<meta property=\"og:description\" content=\"Om Fun\u00e4s Ski Lodge: Idealiskt och modernt boende vid skidbacken med utsikt \u00f6ver fj\u00e4llen \u2013 N\u00e4ra till hela Fun\u00e4sfj\u00e4llen.\" \/>\n<meta property=\"og:url\" content=\"https:\/\/www.funasskilodge.com\/en\/about-funas-ski-lodge-2\/\" \/>\n<meta property=\"og:site_name\" content=\"Fun\u00e4s Ski Lodge - Boende i Fun\u00e4sdalen mitt i Fun\u00e4sfj\u00e4llen\" \/>\n<meta property=\"article:publisher\" content=\"https:\/\/www.facebook.com\/funasskilodge\" \/>\n<meta property=\"article:modified_time\" content=\"2025-10-30T13:13:05+00:00\" \/>\n<meta property=\"og:image\" content=\"https:\/\/www.funasskilodge.com\/wp-content\/uploads\/2024\/07\/orderid-5-scaled.jpg\" \/>\n\t<meta property=\"og:image:width\" content=\"2560\" \/>\n\t<meta property=\"og:image:height\" content=\"1705\" \/>\n\t<meta property=\"og:image:type\" content=\"image\/jpeg\" \/>\n<meta name=\"twitter:card\" content=\"summary_large_image\" \/>\n<meta name=\"twitter:label1\" content=\"Est. reading time\" \/>\n\t<meta name=\"twitter:data1\" content=\"1 minute\" \/>\n<script type=\"application\/ld+json\" class=\"yoast-schema-graph\">{\"@context\":\"https:\/\/schema.org\",\"@graph\":[{\"@type\":[\"WebPage\",\"AboutPage\"],\"@id\":\"https:\/\/www.funasskilodge.com\/om-funas-ski-lodge-2\/\",\"url\":\"https:\/\/www.funasskilodge.com\/om-funas-ski-lodge-2\/\",\"name\":\"Om Fun\u00e4s Ski Lodge - Fun\u00e4s Ski Lodge - Boende i Fun\u00e4sdalen mitt i Fun\u00e4sfj\u00e4llen\",\"isPartOf\":{\"@id\":\"https:\/\/www.funasskilodge.com\/#website\"},\"primaryImageOfPage\":{\"@id\":\"https:\/\/www.funasskilodge.com\/om-funas-ski-lodge-2\/#primaryimage\"},\"image\":{\"@id\":\"https:\/\/www.funasskilodge.com\/om-funas-ski-lodge-2\/#primaryimage\"},\"thumbnailUrl\":\"https:\/\/www.funasskilodge.com\/wp-content\/uploads\/2024\/07\/orderid-5-scaled.jpg\",\"datePublished\":\"2024-08-29T09:26:55+00:00\",\"dateModified\":\"2025-10-30T13:13:05+00:00\",\"description\":\"Om Fun\u00e4s Ski Lodge: Idealiskt och modernt boende vid skidbacken med utsikt \u00f6ver fj\u00e4llen \u2013 N\u00e4ra till hela Fun\u00e4sfj\u00e4llen.\",\"breadcrumb\":{\"@id\":\"https:\/\/www.funasskilodge.com\/om-funas-ski-lodge-2\/#breadcrumb\"},\"inLanguage\":\"en-US\",\"potentialAction\":[{\"@type\":\"ReadAction\",\"target\":[\"https:\/\/www.funasskilodge.com\/om-funas-ski-lodge-2\/\"]}]},{\"@type\":\"ImageObject\",\"inLanguage\":\"en-US\",\"@id\":\"https:\/\/www.funasskilodge.com\/om-funas-ski-lodge-2\/#primaryimage\",\"url\":\"https:\/\/www.funasskilodge.com\/wp-content\/uploads\/2024\/07\/orderid-5-scaled.jpg\",\"contentUrl\":\"https:\/\/www.funasskilodge.com\/wp-content\/uploads\/2024\/07\/orderid-5-scaled.jpg\",\"width\":2560,\"height\":1705,\"caption\":\"Fun\u00e4s Ski Lodge sett ovanifr\u00e5n med en panoramautsikt \u00f6ver skidbacken och den glittrande Fun\u00e4sdalssj\u00f6n i bakgrunden.\"},{\"@type\":\"BreadcrumbList\",\"@id\":\"https:\/\/www.funasskilodge.com\/om-funas-ski-lodge-2\/#breadcrumb\",\"itemListElement\":[{\"@type\":\"ListItem\",\"position\":1,\"name\":\"Home\",\"item\":\"https:\/\/www.funasskilodge.com\/\"},{\"@type\":\"ListItem\",\"position\":2,\"name\":\"Om Fun\u00e4s Ski Lodge\"}]},{\"@type\":\"WebSite\",\"@id\":\"https:\/\/www.funasskilodge.com\/#website\",\"url\":\"https:\/\/www.funasskilodge.com\/\",\"name\":\"Fun\u00e4s Ski Lodge\",\"description\":\"Uppt\u00e4ck skidparadiset p\u00e5 Fun\u00e4s Ski Lodge \u2013 ditt perfekta boende i Fun\u00e4sdalen i hj\u00e4rtat av Fun\u00e4sfj\u00e4llen.\",\"publisher\":{\"@id\":\"https:\/\/www.funasskilodge.com\/#organization\"},\"potentialAction\":[{\"@type\":\"SearchAction\",\"target\":{\"@type\":\"EntryPoint\",\"urlTemplate\":\"https:\/\/www.funasskilodge.com\/?s={search_term_string}\"},\"query-input\":{\"@type\":\"PropertyValueSpecification\",\"valueRequired\":true,\"valueName\":\"search_term_string\"}}],\"inLanguage\":\"en-US\"},{\"@type\":\"Organization\",\"@id\":\"https:\/\/www.funasskilodge.com\/#organization\",\"name\":\"Fun\u00e4s Ski Lodge\",\"url\":\"https:\/\/www.funasskilodge.com\/\",\"logo\":{\"@type\":\"ImageObject\",\"inLanguage\":\"en-US\",\"@id\":\"https:\/\/www.funasskilodge.com\/#\/schema\/logo\/image\/\",\"url\":\"https:\/\/www.funasskilodge.com\/wp-content\/uploads\/2024\/06\/Lager_1.svg\",\"contentUrl\":\"https:\/\/www.funasskilodge.com\/wp-content\/uploads\/2024\/06\/Lager_1.svg\",\"width\":130,\"height\":61,\"caption\":\"Fun\u00e4s Ski Lodge\"},\"image\":{\"@id\":\"https:\/\/www.funasskilodge.com\/#\/schema\/logo\/image\/\"},\"sameAs\":[\"https:\/\/www.facebook.com\/funasskilodge\",\"https:\/\/www.instagram.com\/funasskilodge\/\"]}]}<\/script>\n<!-- \/ Yoast SEO plugin. -->","yoast_head_json":{"title":"About Fun\u00e4s Ski Lodge - Fun\u00e4s Ski Lodge - Accommodation in Fun\u00e4sdalen in the middle of Fun\u00e4sfj\u00e4llen","description":"About Fun\u00e4s Ski Lodge: Ideal and modern accommodation by the ski slope with views of the mountains - Close to the entire Fun\u00e4sfj\u00e4llen.","robots":{"index":"index","follow":"follow","max-snippet":"max-snippet:-1","max-image-preview":"max-image-preview:large","max-video-preview":"max-video-preview:-1"},"canonical":"https:\/\/www.funasskilodge.com\/en\/about-funas-ski-lodge-2\/","og_locale":"en_US","og_type":"article","og_title":"Om Fun\u00e4s Ski Lodge - Fun\u00e4s Ski Lodge - Boende i Fun\u00e4sdalen mitt i Fun\u00e4sfj\u00e4llen","og_description":"Om Fun\u00e4s Ski Lodge: Idealiskt och modernt boende vid skidbacken med utsikt \u00f6ver fj\u00e4llen \u2013 N\u00e4ra till hela Fun\u00e4sfj\u00e4llen.","og_url":"https:\/\/www.funasskilodge.com\/en\/about-funas-ski-lodge-2\/","og_site_name":"Fun\u00e4s Ski Lodge - Boende i Fun\u00e4sdalen mitt i Fun\u00e4sfj\u00e4llen","article_publisher":"https:\/\/www.facebook.com\/funasskilodge","article_modified_time":"2025-10-30T13:13:05+00:00","og_image":[{"width":2560,"height":1705,"url":"https:\/\/www.funasskilodge.com\/wp-content\/uploads\/2024\/07\/orderid-5-scaled.jpg","type":"image\/jpeg"}],"twitter_card":"summary_large_image","twitter_misc":{"Est. reading time":"1 minute"},"schema":{"@context":"https:\/\/schema.org","@graph":[{"@type":["WebPage","AboutPage"],"@id":"https:\/\/www.funasskilodge.com\/om-funas-ski-lodge-2\/","url":"https:\/\/www.funasskilodge.com\/om-funas-ski-lodge-2\/","name":"About Fun\u00e4s Ski Lodge - Fun\u00e4s Ski Lodge - Accommodation in Fun\u00e4sdalen in the middle of Fun\u00e4sfj\u00e4llen","isPartOf":{"@id":"https:\/\/www.funasskilodge.com\/#website"},"primaryImageOfPage":{"@id":"https:\/\/www.funasskilodge.com\/om-funas-ski-lodge-2\/#primaryimage"},"image":{"@id":"https:\/\/www.funasskilodge.com\/om-funas-ski-lodge-2\/#primaryimage"},"thumbnailUrl":"https:\/\/www.funasskilodge.com\/wp-content\/uploads\/2024\/07\/orderid-5-scaled.jpg","datePublished":"2024-08-29T09:26:55+00:00","dateModified":"2025-10-30T13:13:05+00:00","description":"About Fun\u00e4s Ski Lodge: Ideal and modern accommodation by the ski slope with views of the mountains - Close to the entire Fun\u00e4sfj\u00e4llen.","breadcrumb":{"@id":"https:\/\/www.funasskilodge.com\/om-funas-ski-lodge-2\/#breadcrumb"},"inLanguage":"en-US","potentialAction":[{"@type":"ReadAction","target":["https:\/\/www.funasskilodge.com\/om-funas-ski-lodge-2\/"]}]},{"@type":"ImageObject","inLanguage":"en-US","@id":"https:\/\/www.funasskilodge.com\/om-funas-ski-lodge-2\/#primaryimage","url":"https:\/\/www.funasskilodge.com\/wp-content\/uploads\/2024\/07\/orderid-5-scaled.jpg","contentUrl":"https:\/\/www.funasskilodge.com\/wp-content\/uploads\/2024\/07\/orderid-5-scaled.jpg","width":2560,"height":1705,"caption":"Fun\u00e4s Ski Lodge sett ovanifr\u00e5n med en panoramautsikt \u00f6ver skidbacken och den glittrande Fun\u00e4sdalssj\u00f6n i bakgrunden."},{"@type":"BreadcrumbList","@id":"https:\/\/www.funasskilodge.com\/om-funas-ski-lodge-2\/#breadcrumb","itemListElement":[{"@type":"ListItem","position":1,"name":"Home","item":"https:\/\/www.funasskilodge.com\/"},{"@type":"ListItem","position":2,"name":"Om Fun\u00e4s Ski Lodge"}]},{"@type":"WebSite","@id":"https:\/\/www.funasskilodge.com\/#website","url":"https:\/\/www.funasskilodge.com\/","name":"Fun\u00e4s Ski Lodge","description":"Discover ski paradise at Fun\u00e4s Ski Lodge - your perfect accommodation in Fun\u00e4sdalen in the heart of Fun\u00e4sfj\u00e4llen.","publisher":{"@id":"https:\/\/www.funasskilodge.com\/#organization"},"potentialAction":[{"@type":"SearchAction","target":{"@type":"EntryPoint","urlTemplate":"https:\/\/www.funasskilodge.com\/?s={search_term_string}"},"query-input":{"@type":"PropertyValueSpecification","valueRequired":true,"valueName":"search_term_string"}}],"inLanguage":"en-US"},{"@type":"Organization","@id":"https:\/\/www.funasskilodge.com\/#organization","name":"Fun\u00e4s Ski Lodge","url":"https:\/\/www.funasskilodge.com\/","logo":{"@type":"ImageObject","inLanguage":"en-US","@id":"https:\/\/www.funasskilodge.com\/#\/schema\/logo\/image\/","url":"https:\/\/www.funasskilodge.com\/wp-content\/uploads\/2024\/06\/Lager_1.svg","contentUrl":"https:\/\/www.funasskilodge.com\/wp-content\/uploads\/2024\/06\/Lager_1.svg","width":130,"height":61,"caption":"Fun\u00e4s Ski Lodge"},"image":{"@id":"https:\/\/www.funasskilodge.com\/#\/schema\/logo\/image\/"},"sameAs":["https:\/\/www.facebook.com\/funasskilodge","https:\/\/www.instagram.com\/funasskilodge\/"]}]}},"_links":{"self":[{"href":"https:\/\/www.funasskilodge.com\/en\/wp-json\/wp\/v2\/pages\/1802","targetHints":{"allow":["GET"]}}],"collection":[{"href":"https:\/\/www.funasskilodge.com\/en\/wp-json\/wp\/v2\/pages"}],"about":[{"href":"https:\/\/www.funasskilodge.com\/en\/wp-json\/wp\/v2\/types\/page"}],"author":[{"embeddable":true,"href":"https:\/\/www.funasskilodge.com\/en\/wp-json\/wp\/v2\/users\/1"}],"replies":[{"embeddable":true,"href":"https:\/\/www.funasskilodge.com\/en\/wp-json\/wp\/v2\/comments?post=1802"}],"version-history":[{"count":6,"href":"https:\/\/www.funasskilodge.com\/en\/wp-json\/wp\/v2\/pages\/1802\/revisions"}],"predecessor-version":[{"id":2171,"href":"https:\/\/www.funasskilodge.com\/en\/wp-json\/wp\/v2\/pages\/1802\/revisions\/2171"}],"wp:featuredmedia":[{"embeddable":true,"href":"https:\/\/www.funasskilodge.com\/en\/wp-json\/wp\/v2\/media\/425"}],"wp:attachment":[{"href":"https:\/\/www.funasskilodge.com\/en\/wp-json\/wp\/v2\/media?parent=1802"}],"curies":[{"name":"wp","href":"https:\/\/api.w.org\/{rel}","templated":true}]}}